{"id":1638,"date":"2023-06-03T03:50:38","date_gmt":"2023-06-02T23:50:38","guid":{"rendered":"https:\/\/crystal-carrental.com\/pourquoi-nous-choisir\/"},"modified":"2024-04-17T10:35:51","modified_gmt":"2024-04-17T06:35:51","slug":"pourquoi-nous-choisir","status":"publish","type":"page","link":"https:\/\/crystal-carrental.com\/fr\/pourquoi-nous-choisir\/","title":{"rendered":"Pourquoi nous choisir ?"},"content":{"rendered":"\n<h3 class=\"wp-block-heading\" id=\"crystal-car-hire-mauritius\">Location de voiture Crystal Mauritius<\/h3>\n\n\n\n<p class=\"\">Crystal car hire Mauritius vous propose une grande collection de <a href=\"https:\/\/crystal-carrental.com\/fr\/\">voitures de location \u00e0 l' \u00eele Maurice<\/a>. Ceci avec un large choix de grandes marques de voitures sp\u00e9cialement con\u00e7ues pour la location \u00e0 l'\u00eele Maurice. Si vous souhaitez en savoir plus sur les raisons de louer une voiture, consultez <a href=\"https:\/\/www.tripadvisor.com\/RentalCars-g293816-Mauritius.html\" target=\"_blank\" rel=\"noreferrer noopener\">Trip Advisor<\/a> pour plus d'informations. Nous sommes sp\u00e9cialis\u00e9s dans la location de voitures \u00e0 l'\u00eele Maurice. Pourquoi nous choisir ? Notre objectif est de vous fournir la voiture id\u00e9ale pour vos vacances. Contrairement \u00e0 de nombreuses agences de location de voitures \u00e0 l'\u00eele Maurice qui travaillent avec plusieurs agences afin de trouver des v\u00e9hicules pour leurs clients. Ces situations ont g\u00e9n\u00e9ralement pour effet de livrer aux clients des v\u00e9hicules en tr\u00e8s mauvais \u00e9tat.<\/p>\n\n\n\n<p class=\"\">En outre, notre flotte de voitures et de v\u00e9hicules est maintenue dans un \u00e9tat impeccable. Essentiellement, nous effectuons un entretien r\u00e9gulier de tous nos v\u00e9hicules. En outre, nous nous assurons de fournir des v\u00e9hicules \u00e0 un prix tr\u00e8s abordable en ligne tout en garantissant des v\u00e9hicules de la plus haute qualit\u00e9.<\/p>\n\n\n\n<p class=\"\">Crystal car rental Mauritius dispose d'une large gamme de cat\u00e9gories de voitures en ligne. N\u00e9anmoins, nous cherchons toujours \u00e0 ajouter de nouveaux v\u00e9hicules \u00e0 notre portefeuille actuel. Chez Crystal Cars, nous fournissons des v\u00e9hicules neufs et nous nous conformons aux directives de la <a href=\"https:\/\/nta.govmu.org\/English\/Pages\/default.aspx\" target=\"_blank\" rel=\"noreferrer noopener\">Mauritius National Transport Authority<\/a> (NTA).<\/p>\n\n\n\n<p class=\"\">Nos v\u00e9hicules proviennent de soci\u00e9t\u00e9s r\u00e9put\u00e9es et nous veillons toujours \u00e0 vous fournir des produits de location de voitures de qualit\u00e9 en ligne. Nous ne croyons pas qu'il faille se contenter de louer une voiture sans vous fournir les \u00e9l\u00e9ments suppl\u00e9mentaires qui l'accompagnent. Nous nous engageons \u00e0 vous fournir le service le plus exceptionnel et le plus complet possible.<\/p>\n\n\n\n<div style=\"height:9px\" aria-hidden=\"true\" class=\"wp-block-spacer\"><\/div>\n\n\n\n<h3 class=\"wp-block-heading\" id=\"cheap-car-rental-mauritius\"><strong>Location de voiture pas cher Maurice<\/strong><\/h3>\n\n\n\n<p class=\"\">Services de location abordables et g\u00e9n\u00e9ralement moins chers que ceux de nombreuses soci\u00e9t\u00e9s de location de voitures pratiquant \u00e0 l'\u00eele Maurice. Nous sommes notamment l'un des loueurs de voitures les moins chers de l'\u00eele Maurice. De plus, nous avons continuellement maintenu un bon \u00e9quilibre en nous assurant que nous fournissons \u00e0 nos clients une location de voiture bon march\u00e9 et abordable \u00e0 l'\u00eele Maurice. Sans faire de compromis sur la qualit\u00e9 de nos v\u00e9hicules. Nous sommes extr\u00eamement fiers des progr\u00e8s r\u00e9alis\u00e9s \u00e0 ce jour avec notre service de location de voitures Crystal. Nous travaillons sans rel\u00e2che pour en faire une marque pr\u00e9cieuse et fiable \u00e0 Maurice. Visitez notre page <a href=\"https:\/\/www.facebook.com\/CrystalCarsMauritius\/?modal=admin_todo_tour\" target=\"_blank\" rel=\"noreferrer noopener\">Facebook<\/a> pour plus de mises \u00e0 jour sur les derni\u00e8res nouvelles et informations.<\/p>\n\n\n\n<h3 class=\"wp-block-heading\" id=\"our-car-hire-mauritius-services\">Nos services de location de voitures \u00e0 l'\u00eele Maurice<\/h3>\n\n\n\n<ul class=\"wp-block-list\">\n<li class=\"\">Assurance tous risques<\/li>\n\n\n\n<li class=\"\">Kilom\u00e8tres illimit\u00e9s<\/li>\n\n\n\n<li class=\"\">Livraison gratuite \u00e0 l'a\u00e9roport<\/li>\n\n\n\n<li class=\"\">Chauffeur suppl\u00e9mentaire gratuit<\/li>\n\n\n\n<li class=\"\">Livraison gratuite dans presque toutes les localit\u00e9s de l'\u00eele Maurice<\/li>\n\n\n\n<li class=\"\">Assistance 24 heures sur 24<\/li>\n<\/ul>\n\n\n\n<h3 class=\"wp-block-heading\" id=\"cheap-car-hire-mauritius-services-from-the-experts\">Location de voiture pas cher \u00e0 l'\u00eele Maurice Services d'experts<\/h3>\n\n\n\n<p class=\"\">D\u00e9couvrez l'\u00eele Maurice comme jamais auparavant avec l'aide de nos services professionnels de location de voitures par des experts ! Explorez les paysages naturels intacts et la beaut\u00e9 du pays avec l'aide de nos services de location de voitures \u00e0 court et \u00e0 long terme \u00e0 l'\u00eele Maurice et dans ses environs. L'\u00eele est sans aucun doute un petit coin de paradis sur terre. Ne manquez pas l'occasion d'explorer cette destination paradisiaque \u00e0 votre guise gr\u00e2ce \u00e0 nos services exclusifs de location de voitures \u00e0 l'\u00eele Maurice. Que vous visitiez le pays pour une courte p\u00e9riode ou que vous y passiez de longues vacances, profitez de votre temps pour vous d\u00e9placer \u00e0 votre guise gr\u00e2ce \u00e0 des services de location de voitures fiables. Tous nos chauffeurs sont hautement qualifi\u00e9s et form\u00e9s pour offrir la meilleure exp\u00e9rience de conduite possible. D'autre part, vous pouvez \u00e9galement profiter de notre gamme exclusive de services de location de voitures autonomes \u00e0 l'\u00eele Maurice. Voici quelques-unes des principales caract\u00e9ristiques de nos services uniques de location de voitures :<\/p>\n\n\n\n<ul class=\"wp-block-list\">\n<li class=\"\">Pr\u00e9sence de chauffeurs hautement qualifi\u00e9s et form\u00e9s<\/li>\n\n\n\n<li class=\"\">Connaissance des r\u00e9gions pour une meilleure exp\u00e9rience de voyage<\/li>\n\n\n\n<li class=\"\">Des voyages sans souci<\/li>\n\n\n\n<li class=\"\">Des plans de voyage sur mesure selon vos d\u00e9sirs<\/li>\n<\/ul>\n\n\n\n<p class=\"\">Une fois que vous avez tout planifi\u00e9 selon vos pr\u00e9f\u00e9rences, pr\u00e9parez-vous \u00e0 vivre l'exp\u00e9rience de votre vie. Prenez contact avec nous d\u00e8s maintenant !<\/p>\n","protected":false},"excerpt":{"rendered":"<p>Location de voiture Crystal Mauritius Crystal car hire Mauritius vous propose une grande collection de voitures de location \u00e0 l' \u00eele Maurice. Ceci avec un large choix de grandes marques de voitures sp\u00e9cialement con\u00e7ues pour la location \u00e0 l'\u00eele Maurice. Si vous souhaitez en savoir plus sur les raisons de louer une voiture, consultez Trip &hellip; <\/p>\n<p class=\"link-more\"><a href=\"https:\/\/crystal-carrental.com\/fr\/pourquoi-nous-choisir\/\" class=\"more-link\"><span class=\"screen-reader-text\"> prova \"Pourquoi nous choisir ?\"<\/span><\/a><\/p>\n","protected":false},"author":1,"featured_media":1494,"parent":0,"menu_order":0,"comment_status":"closed","ping_status":"closed","template":"","meta":{"_monsterinsights_skip_tracking":false,"_monsterinsights_sitenote_active":false,"_monsterinsights_sitenote_note":"","_monsterinsights_sitenote_category":0,"footnotes":""},"class_list":["post-1638","page","type-page","status-publish","has-post-thumbnail","hentry"],"_links":{"self":[{"href":"https:\/\/crystal-carrental.com\/fr\/wp-json\/wp\/v2\/pages\/1638","targetHints":{"allow":["GET"]}}],"collection":[{"href":"https:\/\/crystal-carrental.com\/fr\/wp-json\/wp\/v2\/pages"}],"about":[{"href":"https:\/\/crystal-carrental.com\/fr\/wp-json\/wp\/v2\/types\/page"}],"author":[{"embeddable":true,"href":"https:\/\/crystal-carrental.com\/fr\/wp-json\/wp\/v2\/users\/1"}],"replies":[{"embeddable":true,"href":"https:\/\/crystal-carrental.com\/fr\/wp-json\/wp\/v2\/comments?post=1638"}],"version-history":[{"count":2,"href":"https:\/\/crystal-carrental.com\/fr\/wp-json\/wp\/v2\/pages\/1638\/revisions"}],"predecessor-version":[{"id":2156,"href":"https:\/\/crystal-carrental.com\/fr\/wp-json\/wp\/v2\/pages\/1638\/revisions\/2156"}],"wp:featuredmedia":[{"embeddable":true,"href":"https:\/\/crystal-carrental.com\/fr\/wp-json\/wp\/v2\/media\/1494"}],"wp:attachment":[{"href":"https:\/\/crystal-carrental.com\/fr\/wp-json\/wp\/v2\/media?parent=1638"}],"curies":[{"name":"wp","href":"https:\/\/api.w.org\/{rel}","templated":true}]}}