{"id":1630,"date":"2023-06-17T10:49:23","date_gmt":"2023-06-17T06:49:23","guid":{"rendered":"https:\/\/crystal-carrental.com\/plan-du-site\/"},"modified":"2024-04-16T22:48:57","modified_gmt":"2024-04-16T18:48:57","slug":"plan-du-site","status":"publish","type":"page","link":"https:\/\/crystal-carrental.com\/fr\/plan-du-site\/","title":{"rendered":"Plan du site"},"content":{"rendered":"<div id=\"simple-sitemap-container-69f9b8c505d54\" class=\"simple-sitemap-container simple-sitemap-container-69f9b8c505d54 tab-disabled\"><div class=\"simple-sitemap-wrap\"><h3 class=\"post-type\">Articles<\/h3><ul class=\"simple-sitemap-post main\"><li class=\"sitemap-item\"><a href=\"https:\/\/crystal-carrental.com\/fr\/2023\/06\/17\/choses-precieuses-a-verifier-et-a-prendre-en-compte-avant-de-louer-une-voiture\/\">Choses pr\u00e9cieuses \u00e0 v\u00e9rifier et \u00e0 prendre en compte avant de louer une voiture<\/a><\/li><li class=\"sitemap-item\"><a href=\"https:\/\/crystal-carrental.com\/fr\/2025\/11\/20\/guide-du-voyageur-a-lile-maurice\/\">Guide du voyageur \u00e0 l'\u00eele Maurice<\/a><\/li><li class=\"sitemap-item\"><a href=\"https:\/\/crystal-carrental.com\/fr\/2025\/11\/15\/les-cinq-questions-les-plus-frequemment-posees-sur-la-location-dune-voiture\/\">Les cinq questions les plus fr\u00e9quemment pos\u00e9es sur la location d'une voiture<\/a><\/li><li class=\"sitemap-item\"><a href=\"https:\/\/crystal-carrental.com\/fr\/2025\/11\/12\/meilleure-periode-pour-visiter-lile-maurice-en-voyage\/\">Meilleure p\u00e9riode pour visiter l'\u00eele Maurice en voyage<\/a><\/li><li class=\"sitemap-item\"><a href=\"https:\/\/crystal-carrental.com\/fr\/2023\/04\/23\/que-savez-vous-de-nous\/\">Que savez-vous de nous ?<\/a><\/li><\/ul><\/div><div class=\"simple-sitemap-wrap\"><h3 class=\"post-type\">Pages<\/h3><ul class=\"simple-sitemap-page main\"><li class=\"sitemap-item page_item page-item-1572\"><a href=\"https:\/\/crystal-carrental.com\/fr\/a-propos-de-nous\/\">\u00c0 propos de nous<\/a><\/li>\n<li class=\"sitemap-item page_item page-item-1634\"><a href=\"https:\/\/crystal-carrental.com\/fr\/conditions-generales-dutilisation\/\">Conditions g\u00e9n\u00e9rales d'utilisation<\/a><\/li>\n<li class=\"sitemap-item page_item page-item-1607\"><a href=\"https:\/\/crystal-carrental.com\/fr\/couverture-de-la-franchise-dassurance\/\">Couverture de la franchise d'assurance<\/a><\/li>\n<li class=\"sitemap-item page_item page-item-1592\"><a href=\"https:\/\/crystal-carrental.com\/fr\/details-de-votre-commande\/\">D\u00e9tails de votre commande<\/a><\/li>\n<li class=\"sitemap-item page_item page-item-1594\"><a href=\"https:\/\/crystal-carrental.com\/fr\/details-de-votre-commande-2\/\">D\u00e9tails de votre commande<\/a><\/li>\n<li class=\"sitemap-item page_item page-item-1583\"><a href=\"https:\/\/crystal-carrental.com\/fr\/disponibilite-generale\/\">Disponibilit\u00e9 g\u00e9n\u00e9rale<\/a><\/li>\n<li class=\"sitemap-item page_item page-item-1575\"><a href=\"https:\/\/crystal-carrental.com\/fr\/la-flotte\/\">La flotte<\/a><\/li>\n<li class=\"sitemap-item page_item page-item-1612\"><a href=\"https:\/\/crystal-carrental.com\/fr\/localisation-des-sites\/\">Localisation des sites<\/a><\/li>\n<li class=\"sitemap-item page_item page-item-1585\"><a href=\"https:\/\/crystal-carrental.com\/fr\/location-de-voiture-a-long-terme-maurice\/\">Location de voiture \u00e0 long terme Maurice<\/a><\/li>\n<li class=\"sitemap-item page_item page-item-1627\"><a href=\"https:\/\/crystal-carrental.com\/fr\/location-de-voitures-crystal-blog\/\">Location de voitures Crystal Blog<\/a><\/li>\n<li class=\"sitemap-item page_item page-item-1590\"><a href=\"https:\/\/crystal-carrental.com\/fr\/nos-voitures\/\">Nos voitures<\/a><\/li>\n<li class=\"sitemap-item page_item page-item-1578\"><a href=\"https:\/\/crystal-carrental.com\/fr\/nous-contacter\/\">Nous contacter<\/a><\/li>\n<li class=\"sitemap-item page_item page-item-1569\"><a href=\"https:\/\/crystal-carrental.com\/fr\/\">Page d'accueil<\/a><\/li>\n<li class=\"sitemap-item page_item page-item-1630\"><a href=\"https:\/\/crystal-carrental.com\/fr\/plan-du-site\/\">Plan du site<\/a><\/li>\n<li class=\"sitemap-item page_item page-item-1603\"><a href=\"https:\/\/crystal-carrental.com\/fr\/politique-de-confidentialite\/\">Politique de confidentialit\u00e9<\/a><\/li>\n<li class=\"sitemap-item page_item page-item-1638\"><a href=\"https:\/\/crystal-carrental.com\/fr\/pourquoi-nous-choisir\/\">Pourquoi nous choisir ?<\/a><\/li>\n<li class=\"sitemap-item page_item page-item-1587\"><a href=\"https:\/\/crystal-carrental.com\/fr\/promotions\/\">Promotions<\/a><\/li>\n<li class=\"sitemap-item page_item page-item-1599\"><a href=\"https:\/\/crystal-carrental.com\/fr\/questions-frequemment-posees\/\">Questions fr\u00e9quemment pos\u00e9es<\/a><\/li>\n<li class=\"sitemap-item page_item page-item-1581\"><a href=\"https:\/\/crystal-carrental.com\/fr\/recherche\/\">Recherche<\/a><\/li>\n<li class=\"sitemap-item page_item page-item-1596\"><a href=\"https:\/\/crystal-carrental.com\/fr\/recherche-de-vehicule\/\">Recherche de v\u00e9hicule<\/a><\/li>\n<li class=\"sitemap-item page_item page-item-1625\"><a href=\"https:\/\/crystal-carrental.com\/fr\/temoignages\/\">T\u00e9moignages<\/a><\/li>\n<li class=\"sitemap-item page_item page-item-1610\"><a href=\"https:\/\/crystal-carrental.com\/fr\/vos-commandes\/\">Vos commandes<\/a><\/li>\n<\/ul><\/div><\/div><br style=\"clear: both;\">\n\n\n<p>\u00a0<\/p>\n<h2>Plan du site Info<\/h2>\n<p>Ici, vous pouvez voir tous les contenus et la structure compl\u00e8te du site web, connue sous le nom de plan du site. Son objectif est de s'assurer que le site web a conserv\u00e9 une bonne conception et une bonne structure. L'objectif est que ces pages puissent \u00eatre facilement mises en cache par Google, ce qui lui permet de parcourir le site dans son int\u00e9gralit\u00e9 et d'en obtenir facilement tout le contenu. En savoir plus sur la structure du plan du site de <a href=\"https:\/\/crystal-carrental.com\/fr\/\">location de voitures<\/a> en cristal.<\/p>\n<p>Nous avons ici plus d'informations sur la fa\u00e7on de concevoir et de structurer votre plan de site xml. Il vous fournit un grand nombre de donn\u00e9es et d'informations avec une analyse approfondie sur la fa\u00e7on de cr\u00e9er un bon plan de site. Il s'agit d'un \u00e9l\u00e9ment essentiel de toute activit\u00e9 en ligne, qui doit \u00eatre trait\u00e9 avec la plus grande priorit\u00e9 lors de la conception d'un site. Malheureusement, on constate souvent que de nombreux sites web sont mal con\u00e7us, ce qui a un impact n\u00e9gatif sur Google. Le classement dans Google s'en trouve consid\u00e9rablement affect\u00e9, ce qui entra\u00eene l'\u00e9chec de l'entreprise.<\/p>\n<p>Les informations ci-dessus sugg\u00e8rent les meilleures pratiques pour cr\u00e9er un plan du site. D'autres sites bien connus qui sont tr\u00e8s utiles \u00e0 consid\u00e9rer pour les sitemaps et les conseils sont semrush.\u00a0 Ce site facilite les proc\u00e9dures et permet \u00e0 une personne non technique de comprendre comment effectuer ces d\u00e9marches.\u00a0<\/p>\n<p>Nous esp\u00e9rons que ces informations aideront d'autres personnes \u00e0 mieux comprendre cette question particuli\u00e8re. N'h\u00e9sitez pas \u00e0\u00a0<a style=\"font-family: var( --e-global-typography-text-font-family ), Sans-serif; font-weight: var( --e-global-typography-text-font-weight ); text-align: var(--text-align); background-color: #ffffff;\" href=\"https:\/\/crystal-carrental.com\/fr\/nous-contacter\/\" target=\"_blank\" rel=\"noopener\">contactez-nous \u00e0 l'<\/a>adresse\u00a0si vous souhaitez obtenir davantage de conseils sur ce sujet.\u00a0 Veuillez noter que les informations fournies ici sont destin\u00e9es \u00e0 aider ceux qui cherchent \u00e0 acqu\u00e9rir des connaissances sur la mani\u00e8re de concevoir un plan de site.\u00a0<\/p>\n<p>Par ailleurs, si vous souhaitez obtenir plus d'informations sur le NTA de l'\u00eele Maurice, veuillez consulter leur site,\u00a0<a style=\"font-family: var( --e-global-typography-text-font-family ), Sans-serif; font-weight: var( --e-global-typography-text-font-weight ); text-align: var(--text-align); background-color: #ffffff;\" href=\"https:\/\/govmu.org\/EN\/infoservices\/travelandtourism\/Pages\/default.aspx\" target=\"_blank\" rel=\"noopener\">cliquez ici<\/a>. De plus, vous devriez.\u00a0Cette information n'est qu'un guide et il est recommand\u00e9 de faire appel \u00e0 un d\u00e9veloppeur de site web professionnel pour cr\u00e9er un site web pour vous. Nous vous remercions de votre compr\u00e9hension.<\/p>","protected":false},"excerpt":{"rendered":"<p>\u00a0 Plan du site Info Ici, vous pouvez voir tous les contenus et la structure compl\u00e8te du site web, connue sous le nom de plan du site. Son objectif est de s'assurer que le site web a conserv\u00e9 une bonne conception et une bonne structure. L'objectif est que ces pages puissent \u00eatre facilement mises en &hellip; <\/p>\n<p class=\"link-more\"><a href=\"https:\/\/crystal-carrental.com\/fr\/2023\/04\/23\/que-savez-vous-de-nous\/\" class=\"more-link\"><span class=\"screen-reader-text\"> prova \"Que savez-vous de nous ?\"<\/span><\/a><\/p>\n","protected":false},"author":1,"featured_media":1488,"parent":0,"menu_order":0,"comment_status":"closed","ping_status":"closed","template":"","meta":{"_monsterinsights_skip_tracking":false,"_monsterinsights_sitenote_active":false,"_monsterinsights_sitenote_note":"","_monsterinsights_sitenote_category":0,"footnotes":""},"class_list":["post-1630","page","type-page","status-publish","has-post-thumbnail","hentry"],"_links":{"self":[{"href":"https:\/\/crystal-carrental.com\/fr\/wp-json\/wp\/v2\/pages\/1630","targetHints":{"allow":["GET"]}}],"collection":[{"href":"https:\/\/crystal-carrental.com\/fr\/wp-json\/wp\/v2\/pages"}],"about":[{"href":"https:\/\/crystal-carrental.com\/fr\/wp-json\/wp\/v2\/types\/page"}],"author":[{"embeddable":true,"href":"https:\/\/crystal-carrental.com\/fr\/wp-json\/wp\/v2\/users\/1"}],"replies":[{"embeddable":true,"href":"https:\/\/crystal-carrental.com\/fr\/wp-json\/wp\/v2\/comments?post=1630"}],"version-history":[{"count":2,"href":"https:\/\/crystal-carrental.com\/fr\/wp-json\/wp\/v2\/pages\/1630\/revisions"}],"predecessor-version":[{"id":2145,"href":"https:\/\/crystal-carrental.com\/fr\/wp-json\/wp\/v2\/pages\/1630\/revisions\/2145"}],"wp:featuredmedia":[{"embeddable":true,"href":"https:\/\/crystal-carrental.com\/fr\/wp-json\/wp\/v2\/media\/1488"}],"wp:attachment":[{"href":"https:\/\/crystal-carrental.com\/fr\/wp-json\/wp\/v2\/media?parent=1630"}],"curies":[{"name":"wp","href":"https:\/\/api.w.org\/{rel}","templated":true}]}}