{"id":1625,"date":"2023-06-17T08:18:46","date_gmt":"2023-06-17T04:18:46","guid":{"rendered":"https:\/\/crystal-carrental.com\/temoignages\/"},"modified":"2024-04-29T23:05:32","modified_gmt":"2024-04-29T19:05:32","slug":"temoignages","status":"publish","type":"page","link":"https:\/\/crystal-carrental.com\/fr\/temoignages\/","title":{"rendered":"T\u00e9moignages"},"content":{"rendered":"<h2>CE QUE DISENT NOS CLIENTS<\/h2>\n<p>[grw id=\"96\"]<\/p>\n<h5>  T\u00e9moignages - Crystal Car Rental<\/h5>\n<p>Ne nous croyez pas sur parole ! Vous pouvez lire ici les t\u00e9moignages de nos clients et ce qu'ils ont \u00e0 dire sur notre service de location de voitures. Pour en savoir plus et consulter les <a href=\"https:\/\/g.page\/r\/CXxQLcsBUmfJEB0\/review\">centaines d'avis<\/a> de nos clients, rendez-vous sur notre page Crystal car rental. Nous sommes heureux d'avoir atteint un niveau \u00e9lev\u00e9 d'avis positifs, tout en obtenant une note moyenne de 4,8 sur 5 sur la page d'affaires de Google.<\/p>\n<p>Vous pouvez \u00e9galement consulter d'autres plateformes bien connues telles que Africabz pour lire les commentaires de nos <a href=\"https:\/\/mu.africabz.com\/mauritius\/crystal-car-rental-mauritius-295615\" target=\"_blank\" rel=\"noopener\">clients<\/a>, qui nous accordent un classement positif de 5 \u00e9toiles. Nous envisageons \u00e9galement de cr\u00e9er notre entreprise sur des sites tels que <a href=\"https:\/\/www.tripadvisor.com\/RentalCars-g293816-Mauritius.html\" target=\"_blank\" rel=\"noopener\">Tripadvisor<\/a> afin d'ouvrir davantage notre entreprise \u00e0 des plateformes plus ouvertes permettant aux clients d'\u00e9valuer nos services.<\/p>\n<p>Si vous souhaitez r\u00e9server une voiture chez nous et consulter nos offres. Nous disposons d'une fonction de disponibilit\u00e9 g\u00e9n\u00e9rale qui donne \u00e0 nos clients un aper\u00e7u global de la disponibilit\u00e9 de nos v\u00e9hicules. Pour plus d'informations, vous pouvez consulter les <a href=\"https:\/\/crystal-carrental.com\/general-availability\/\">disponibilit\u00e9s de nos v\u00e9hicules<\/a>. Les t\u00e9moignages de nos clients sur la location de voitures en cristal sont tr\u00e8s \u00e9logieux \u00e0 l'\u00e9gard de notre site Web, qui est convivial et facile \u00e0 parcourir.<\/p>\n<p>Nous proposons \u00e9galement souvent de nombreuses offres promotionnelles sur notre site web. Pour ne pas manquer cette occasion, visitez <a href=\"https:\/\/crystal-carrental.com\/promotions\/\">la page de promotion de crystal car rental<\/a> o\u00f9 vous pourrez voir toutes nos voitures \u00e0 prix r\u00e9duit en ligne. Nous continuerons \u00e0 fournir \u00e0 nos clients le meilleur service possible. En tant que prestataire de location de voitures renomm\u00e9 \u00e0 l'\u00eele Maurice, nous veillerons toujours \u00e0 maintenir des prix tr\u00e8s raisonnables et comp\u00e9titifs en ligne.<\/p>\n","protected":false},"excerpt":{"rendered":"<p>CE QUE DISENT NOS CLIENTS [grw id=\"96\"] T\u00e9moignages - Crystal Car Rental Ne nous croyez pas sur parole ! Vous pouvez lire ici les t\u00e9moignages de nos clients et ce qu'ils ont \u00e0 dire sur notre service de location de voitures. Pour en savoir plus et consulter les centaines d'avis de nos clients, rendez-vous sur &hellip; <\/p>\n<p class=\"link-more\"><a href=\"https:\/\/crystal-carrental.com\/fr\/temoignages\/\" class=\"more-link\"><span class=\"screen-reader-text\"> prova \"T\u00e9moignages\"<\/span><\/a><\/p>\n","protected":false},"author":1,"featured_media":1496,"parent":0,"menu_order":0,"comment_status":"closed","ping_status":"closed","template":"","meta":{"_monsterinsights_skip_tracking":false,"_monsterinsights_sitenote_active":false,"_monsterinsights_sitenote_note":"","_monsterinsights_sitenote_category":0,"footnotes":""},"class_list":["post-1625","page","type-page","status-publish","has-post-thumbnail","hentry"],"_links":{"self":[{"href":"https:\/\/crystal-carrental.com\/fr\/wp-json\/wp\/v2\/pages\/1625","targetHints":{"allow":["GET"]}}],"collection":[{"href":"https:\/\/crystal-carrental.com\/fr\/wp-json\/wp\/v2\/pages"}],"about":[{"href":"https:\/\/crystal-carrental.com\/fr\/wp-json\/wp\/v2\/types\/page"}],"author":[{"embeddable":true,"href":"https:\/\/crystal-carrental.com\/fr\/wp-json\/wp\/v2\/users\/1"}],"replies":[{"embeddable":true,"href":"https:\/\/crystal-carrental.com\/fr\/wp-json\/wp\/v2\/comments?post=1625"}],"version-history":[{"count":1,"href":"https:\/\/crystal-carrental.com\/fr\/wp-json\/wp\/v2\/pages\/1625\/revisions"}],"predecessor-version":[{"id":2218,"href":"https:\/\/crystal-carrental.com\/fr\/wp-json\/wp\/v2\/pages\/1625\/revisions\/2218"}],"wp:featuredmedia":[{"embeddable":true,"href":"https:\/\/crystal-carrental.com\/fr\/wp-json\/wp\/v2\/media\/1496"}],"wp:attachment":[{"href":"https:\/\/crystal-carrental.com\/fr\/wp-json\/wp\/v2\/media?parent=1625"}],"curies":[{"name":"wp","href":"https:\/\/api.w.org\/{rel}","templated":true}]}}