{"id":1607,"date":"2023-06-16T14:46:48","date_gmt":"2023-06-16T10:46:48","guid":{"rendered":"https:\/\/crystal-carrental.com\/couverture-de-la-franchise-dassurance\/"},"modified":"2024-03-24T21:46:06","modified_gmt":"2024-03-24T17:46:06","slug":"couverture-de-la-franchise-dassurance","status":"publish","type":"page","link":"https:\/\/crystal-carrental.com\/fr\/couverture-de-la-franchise-dassurance\/","title":{"rendered":"Couverture de la franchise d'assurance"},"content":{"rendered":"<p>\n\n<p>Nos voitures sont couvertes par une assurance tous risques. Par exemple, en cas d'accident, si le conducteur n'est pas fautif, il n'est pas responsable des dommages caus\u00e9s aux deux voitures. En outre, si vous \u00eates reconnu coupable et fautif en toutes circonstances, vous ne serez pas non plus tenu responsable des dommages caus\u00e9s \u00e0 votre voiture. MAIS, comme pour toute assurance, le client est toujours tenu de payer la franchise de l'assurance.<\/p>\n<p><\/p><\/p>\n<p>\n\n<p>Afin de r\u00e9duire votre responsabilit\u00e9 \u00e0 l'\u00e9gard de la franchise, nos couvertures de franchise Medium et Premium vous permettent de ne pas \u00eatre enti\u00e8rement responsable du co\u00fbt de la franchise du v\u00e9hicule en cas d'accident ou de dommages au v\u00e9hicule. Vous avez la possibilit\u00e9 d'opter pour une protection moyenne qui r\u00e9duira votre responsabilit\u00e9 \u00e0 la moiti\u00e9 du montant de la franchise ou pour une couverture Premium qui vous offrira une couverture compl\u00e8te sans franchise \u00e0 payer*.<\/p>\n<p><\/p><\/p>\n<p>\n\n<p>Pas de d\u00e9p\u00f4t initial - Nous ne pr\u00e9levons ni ne retenons aucun paiement, contrairement \u00e0 ce que font la plupart des autres soci\u00e9t\u00e9s de location de voitures \u00e0 l'\u00eele Maurice. Vous n'avez pas \u00e0 verser d'acompte, \u00e0 condition d'effectuer le paiement avec succ\u00e8s via notre syst\u00e8me de lien de paiement. Vous trouverez ci-dessous une liste des diff\u00e9rentes options d'assurance que vous pouvez choisir chez nous, ainsi qu'une liste de d\u00e9tails sur ce qui est inclus pour chaque tranche d'assurance.<\/p>\n<p><\/p><\/p>\n<p>\n\n<figure>\n<table>\n<tbody>\n<tr>\n<td><strong> <\/strong><\/td>\n<td><strong>De base<\/strong><\/td>\n<td><strong>Moyen<\/strong><\/td>\n<td><strong>Prime<\/strong><\/td>\n<\/tr>\n<tr>\n<td>D\u00e9p\u00f4t initial<\/td>\n<td>Aucun<\/td>\n<td>Aucun<\/td>\n<td>Aucun<\/td>\n<\/tr>\n<tr>\n<td>R\u00e9duire mon d\u00e9p\u00f4t exc\u00e9dentaire \u00e0 :<\/td>\n<td>\u20ac550<\/td>\n<td>\u20ac250<\/td>\n<td>0 \u20ac (z\u00e9ro)<\/td>\n<\/tr>\n<tr>\n<td>Protection contre le vol<\/td>\n<td>\u00a0\u2705<\/td>\n<td>\u00a0\u2705<\/td>\n<td>\u00a0\u2705<\/td>\n<\/tr>\n<tr>\n<td>Protection contre les collisions et les dommages<\/td>\n<td>\u00a0\u2705<\/td>\n<td>\u00a0\u2705<\/td>\n<td>\u00a0\u2705<\/td>\n<\/tr>\n<tr>\n<td>Pare-brise<\/td>\n<td>\u00a0\u2705<\/td>\n<td>\u00a0\u2705<\/td>\n<td>\u00a0\u2705<\/td>\n<\/tr>\n<tr>\n<td>R\u00e9troviseurs ext\u00e9rieurs<\/td>\n<td><strong> <\/strong>\u274c<\/td>\n<td>\u00a0\u274c<\/td>\n<td>\u00a0\u2705<\/td>\n<\/tr>\n<tr>\n<td>Sous-corps<\/td>\n<td>\u00a0\u274c<\/td>\n<td>\u00a0\u274c<\/td>\n<td>\u00a0\u2705<\/td>\n<\/tr>\n<tr>\n<td>Bris de glace<\/td>\n<td>\u00a0\u274c<\/td>\n<td>\u00a0\u2705<\/td>\n<td>\u00a0\u2705<\/td>\n<\/tr>\n<tr>\n<td>Pneus<\/td>\n<td>\u00a0\u274c<\/td>\n<td>\u00a0\u2705<\/td>\n<td>\u00a0\u2705<\/td>\n<\/tr>\n<\/tbody>\n<\/table>\n<figcaption><br\/>N\u00e9anmoins, l'assurance compl\u00e9mentaire exclut les \u00e9l\u00e9ments suivants<br\/> <br\/>* Le client est responsable de toute infraction au code de la route qu'il commet et aucune police ne couvre ces infractions.<br\/>* Perte des cl\u00e9s de voiture.<br\/>* Conduite n\u00e9gligente ou sans la prudence et l'attention n\u00e9cessaires, y compris la conduite hors route et sur des routes non goudronn\u00e9es.<br\/>* Les dommages caus\u00e9s par un conducteur non autoris\u00e9.<br\/>* Dommages caus\u00e9s par un conducteur sous l'influence de l'alcool ou de drogues<br\/>* Les proc\u00e9dures en cas d'accident et de dommages doivent \u00eatre prises en charge par le client, conform\u00e9ment \u00e0 l'article 22 de nos conditions g\u00e9n\u00e9rales d'utilisation.<br\/>* L'assurance n'est pas couverte en cas d'alerte cyclonique de classe 3 \u00e0 l'\u00eele Maurice. Les clients sont enti\u00e8rement responsables si ces circonstances ne sont pas respect\u00e9es.  <br\/>* Nos couvertures Medium et Premium excluent tout dommage caus\u00e9 par la n\u00e9gligence envers le v\u00e9hicule, c'est-\u00e0-dire les rayures, les bosses, les pneus, la batterie, les cl\u00e9s.<br\/>* Veuillez \u00e9galement vous r\u00e9f\u00e9rer \u00e0 nos conditions g\u00e9n\u00e9rales pour plus d'informations <a href=\"https:\/\/crystal-carrental.com\/terms\/\">https:\/\/crystal-carrental.com\/terms\/<\/a><br\/>* La direction se r\u00e9serve le droit de facturer l'exc\u00e9dent en roupies mauriciennes ou en euros.<\/figcaption>\n<\/figure>\n<p><\/p><\/p>\n","protected":false},"excerpt":{"rendered":"<p>Nos voitures sont couvertes par une assurance tous risques. Par exemple, en cas d'accident, si le conducteur n'est pas fautif, il n'est pas responsable des dommages caus\u00e9s aux deux voitures. En outre, si vous \u00eates reconnu coupable et fautif en toutes circonstances, vous ne serez pas non plus tenu responsable des dommages caus\u00e9s \u00e0 votre &hellip; <\/p>\n<p class=\"link-more\"><a href=\"https:\/\/crystal-carrental.com\/fr\/couverture-de-la-franchise-dassurance\/\" class=\"more-link\"><span class=\"screen-reader-text\"> prova \"Couverture de la franchise d'assurance\"<\/span><\/a><\/p>\n","protected":false},"author":1,"featured_media":1480,"parent":0,"menu_order":0,"comment_status":"closed","ping_status":"closed","template":"","meta":{"_monsterinsights_skip_tracking":false,"_monsterinsights_sitenote_active":false,"_monsterinsights_sitenote_note":"","_monsterinsights_sitenote_category":0,"footnotes":""},"class_list":["post-1607","page","type-page","status-publish","has-post-thumbnail","hentry"],"_links":{"self":[{"href":"https:\/\/crystal-carrental.com\/fr\/wp-json\/wp\/v2\/pages\/1607","targetHints":{"allow":["GET"]}}],"collection":[{"href":"https:\/\/crystal-carrental.com\/fr\/wp-json\/wp\/v2\/pages"}],"about":[{"href":"https:\/\/crystal-carrental.com\/fr\/wp-json\/wp\/v2\/types\/page"}],"author":[{"embeddable":true,"href":"https:\/\/crystal-carrental.com\/fr\/wp-json\/wp\/v2\/users\/1"}],"replies":[{"embeddable":true,"href":"https:\/\/crystal-carrental.com\/fr\/wp-json\/wp\/v2\/comments?post=1607"}],"version-history":[{"count":1,"href":"https:\/\/crystal-carrental.com\/fr\/wp-json\/wp\/v2\/pages\/1607\/revisions"}],"predecessor-version":[{"id":1608,"href":"https:\/\/crystal-carrental.com\/fr\/wp-json\/wp\/v2\/pages\/1607\/revisions\/1608"}],"wp:featuredmedia":[{"embeddable":true,"href":"https:\/\/crystal-carrental.com\/fr\/wp-json\/wp\/v2\/media\/1480"}],"wp:attachment":[{"href":"https:\/\/crystal-carrental.com\/fr\/wp-json\/wp\/v2\/media?parent=1607"}],"curies":[{"name":"wp","href":"https:\/\/api.w.org\/{rel}","templated":true}]}}