{"id":1603,"date":"2023-06-03T03:55:23","date_gmt":"2023-06-02T23:55:23","guid":{"rendered":"https:\/\/crystal-carrental.com\/politique-de-confidentialite\/"},"modified":"2024-04-17T17:59:44","modified_gmt":"2024-04-17T13:59:44","slug":"politique-de-confidentialite","status":"publish","type":"page","link":"https:\/\/crystal-carrental.com\/fr\/politique-de-confidentialite\/","title":{"rendered":"Politique de confidentialit\u00e9"},"content":{"rendered":"<p>\n\n\n<h1 class=\"wp-block-heading\">Politique de confidentialit\u00e9 de Crystal Car Rental Mauritius<\/h1>\n<p><\/p>\n\n\n<\/p>\n<p>\n\n<p>Chez Crystal <a href=\"https:\/\/crystal-carrental.com\/fr\/\">car rental Mauritius<\/a>, nous comprenons que la r\u00e9servation en ligne implique une grande confiance de votre part. Nous appr\u00e9cions votre confiance et faisons de la s\u00e9curit\u00e9 et de la confidentialit\u00e9 de vos donn\u00e9es une priorit\u00e9. Telles que les informations personnelles que vous pouvez nous fournir. Nous recommandons vivement \u00e0 tous nos clients de lire la politique suivante pour en savoir plus sur notre politique de confidentialit\u00e9 et nos pratiques en mati\u00e8re de <a href=\"https:\/\/crystal-carrental.com\/fr\/la-flotte\/\">location de voitures Crystal<\/a>. En visitant ce site web, vous acceptez les pratiques d\u00e9crites ici.<\/p>\n<p>\u00a0<\/p>\n\n<\/p>\n<p>\n\n\n<h3 class=\"wp-block-heading\">Quelles sont les informations que nous recueillons aupr\u00e8s de vous ?<\/h3>\n<p><\/p>\n\n\n<\/p>\n<p>\n\n\n<p>Dans le cas o\u00f9 nous recevons et stockons toute information que vous entrez sur notre site web ou que vous nous fournissez de toute autre mani\u00e8re. Par exemple :<\/p>\n<p><\/p>\n\n\n<\/p>\n<p>\n\n\n<\/p>\n<ul class=\"wp-block-list\">\n<li style=\"list-style-type: none;\">\n<ul>\n\n<ul>\n<li style=\"list-style-type: none;\">\n<ul>\n<li>Il s'agit notamment d'informations permettant de vous identifier, telles que vos donn\u00e9es personnelles. Par exemple, vos nom et pr\u00e9nom, votre num\u00e9ro de t\u00e9l\u00e9phone, vos adresses postale et \u00e9lectronique, et vos informations de facturation.<\/li>\n<\/ul>\n<\/li>\n<\/ul>\n<p><\/p>\n\n<\/p>\n<p>\n\n<ul>\n<li style=\"list-style-type: none;\">\n<ul>\n<li>Vous pouvez choisir de ne pas nous fournir d'informations telles que le num\u00e9ro de carte de cr\u00e9dit, le nom du titulaire de la carte et la date d'expiration. Mais en g\u00e9n\u00e9ral, certaines informations vous concernant sont n\u00e9cessaires lorsque vous effectuez une r\u00e9servation ou que vous effectuez d'autres transactions sur notre site web.<\/li>\n<\/ul>\n<\/li>\n<\/ul>\n<p><\/p>\n\n<\/p>\n<p>\n\n\n<\/p>\n<p>\n\n\n<h3 class=\"wp-block-heading\">Crystal Car Rental Mauritius - Comment nous utilisons vos informations<\/h3>\n<p><\/p>\n\n\n<\/p>\n<p>\n\n\n<p>Crystal Car Rental Mauritius utilise des informations de facturation sensibles telles que le nom du titulaire de la carte, le num\u00e9ro de la carte de cr\u00e9dit et la date d'expiration. Ces informations sont n\u00e9cessaires pour compl\u00e9ter votre r\u00e9servation sur notre site web. Toutefois, nous utilisons \u00e9galement d'autres informations vous concernant, par exemple pour les raisons g\u00e9n\u00e9rales suivantes :<\/p>\n<p><\/p>\n\n\n<\/p>\n<p>\n\n\n<\/p>\n<ul class=\"wp-block-list\">\n<li style=\"list-style-type: none;\">\n<ul>\n\n<ul>\n<li style=\"list-style-type: none;\">\n<ul>\n<li>Pour vous fournir les produits et services que vous demandez et pour vous fournir des confirmations et des mises \u00e0 jour concernant votre voyage et votre h\u00e9bergement.<\/li>\n<\/ul>\n<\/li>\n<\/ul>\n<p><\/p>\n\n<\/p>\n<p>\n\n<ul>\n<li style=\"list-style-type: none;\">\n<ul>\n<li>Il s'agit \u00e9galement de g\u00e9rer votre compte, ce qui inclut le traitement des factures et les notifications de voyage. En outre, pour communiquer avec vous de mani\u00e8re g\u00e9n\u00e9rale et pour r\u00e9pondre \u00e0 vos questions et commentaires.<\/li>\n<\/ul>\n<\/li>\n<\/ul>\n<p><\/p>\n\n<\/p>\n<p>\n\n<ul>\n<li style=\"list-style-type: none;\">\n<ul>\n<li>Il est tout aussi important de mesurer l'int\u00e9r\u00eat pour nos produits, nos services et notre site web et de les am\u00e9liorer. ainsi que pour vous informer des offres sp\u00e9ciales et des produits ou services susceptibles de vous int\u00e9resser. Cela nous permet donc de personnaliser votre exp\u00e9rience sur ce site web.<\/li>\n<\/ul>\n<\/li>\n<\/ul>\n<p><\/p>\n\n<\/p>\n<p>\n\n<ul>\n<li style=\"list-style-type: none;\">\n<ul>\n<li>De m\u00eame pour vous r\u00e9compenser dans le cadre de tout programme de r\u00e9compense et de reconnaissance auquel vous choisissez d'adh\u00e9rer. Lorsque nous sollicitons des informations de votre part, y compris par le biais d'enqu\u00eates. Cela peut aider \u00e0 r\u00e9soudre des litiges, \u00e0 percevoir des droits ou \u00e0 r\u00e9soudre des probl\u00e8mes. En outre, pour pr\u00e9venir les activit\u00e9s potentiellement interdites ou ill\u00e9gales et pour appliquer nos conditions d'utilisation, d\u00e9crites au moment de la collecte.<\/li>\n<\/ul>\n<\/li>\n<\/ul>\n<p><\/p>\n\n<\/p>\n<p>\n\n<ul>\n<li style=\"list-style-type: none;\">\n<ul>\n<li>En outre, nous recevons souvent des t\u00e9moignages et des commentaires de clients qui ont eu une exp\u00e9rience positive de r\u00e9servation ou de voyage sur notre site web. C'est pourquoi nous publions occasionnellement ce type de contenu, en utilisant uniquement le pr\u00e9nom et l'initiale du nom de famille pour l'attribution.<\/li>\n<\/ul>\n<\/li>\n<\/ul>\n<p><\/p>\n\n<\/p>\n<p>\n\n\n<\/p>\n<p>\n\n\n<h3 class=\"wp-block-heading\" id=\"email-communications-you-can-expect-to-receive-from-us\">Les communications par courrier \u00e9lectronique que vous pouvez vous attendre \u00e0 recevoir de notre part.<\/h3>\n<p><\/p>\n\n\n<\/p>\n<p>\n\n\n<p>Veuillez noter que nous pouvons vous envoyer des courriels de marketing contenant des informations sur des offres, des nouveaut\u00e9s en mati\u00e8re de produits, des tirages au sort, des programmes, etc. Cela peut \u00e9galement inclure toute autre promotion sp\u00e9ciale que nous pensons que vous trouverez utile, int\u00e9ressante ou informative. Toutefois, nous vous donnerons le choix quant \u00e0 l'utilisation de vos informations personnelles \u00e0 des fins de marketing.<\/p>\n<p><\/p>\n\n\n<\/p>\n<p>\n\n\n<h3 class=\"wp-block-heading\" id=\"email-opt-out\">Option de refus d'envoi de courrier \u00e9lectronique<\/h3>\n<p><\/p>\n\n\n<\/p>\n<p>\n\n\n<p>Si vous ne souhaitez plus recevoir de communications marketing par courrier \u00e9lectronique de notre part. Nous vous proposons plusieurs options pour vous d\u00e9sabonner de nos futurs envois. Tout d'abord, vous pouvez choisir de vous d\u00e9sinscrire \u00e0 tout moment, en suivant les instructions et le lien inclus dans chaque e-mail et message marketing que nous envoyons. Deuxi\u00e8mement, vous pouvez envoyer un courriel \u00e0 info@crystalcarmauritius.com et demander \u00e0 \u00eatre d\u00e9sabonn\u00e9. Veuillez indiquer votre nom et votre adresse \u00e9lectronique.<\/p>\n<p><\/p>\n\n\n<\/p>\n<p>\n\n\n<p>N\u00e9anmoins, m\u00eame si vous choisissez de ne plus recevoir de communications marketing de notre part. De m\u00eame, nous continuerons \u00e0 vous envoyer des courriers \u00e9lectroniques concernant vos r\u00e9servations ou vos demandes, ainsi que des informations administratives. Par exemple, des modifications de nos <a href=\"https:\/\/crystal-carrental.com\/car-rental-mauritius-terms-and-conditions\/\" target=\"_blank\" rel=\"noopener\">termes, conditions <\/a>et politiques.<\/p>\n<p><\/p>\n\n\n<\/p>\n<p>\n\n\n<p>Lorsque vous effectuez une r\u00e9servation ou un achat sur notre site web. Veuillez noter que nous pouvons \u00e9galement vous envoyer des informations sur de nouveaux produits ou vous demander votre avis sur nos sites web, etc. Ce retour d'information nous permettra d'am\u00e9liorer notre service \u00e0 votre \u00e9gard et \u00e0 l'\u00e9gard des autres consommateurs.<\/p>\n<p><\/p>\n\n\n<\/p>\n<p>\n\n\n<h3 class=\"wp-block-heading\" id=\"with-whom-we-share-your-information\">Avec qui nous partageons vos informations<\/h3>\n<p><\/p>\n\n\n<\/p>\n<p>\n\n\n<p>Crystal Car Mauritius ne divulguera pas, sans votre consentement, les informations personnelles recueillies \u00e0 votre sujet, sauf dans certaines circonstances explicites. Par exemple, lorsqu'une divulgation est exig\u00e9e par la loi, notamment par la <a href=\"https:\/\/nta.govmu.org\/English\/Pages\/default.aspx\" target=\"_blank\" rel=\"noopener\">NTA, les<\/a> services des <a href=\"https:\/\/passport.govmu.org\/English\/Pages\/default.aspx\" target=\"_blank\" rel=\"noopener\">passeports et de l'immigration<\/a>, le <a href=\"https:\/\/tourism.govmu.org\/English\/Pages\/default.aspx\" target=\"_blank\" rel=\"noopener\">minist\u00e8re du tourisme<\/a>, les <a href=\"https:\/\/police.govmu.org\/English\/Organisation\/Branches\/Pages\/Anti-Drug-and-Smuggling-Unit-.aspx\" target=\"_blank\" rel=\"noopener\">forces de police mauriciennes<\/a> et les organisations l\u00e9gales \u00e0 Maurice. Bien que nous ne combinions pas les informations que nous recueillons sur votre h\u00e9bergement, votre location de voiture \u00e0 l'\u00eele Maurice ou toute autre recherche connexe sur notre site Web. Par exemple, vos informations personnelles telles que votre adresse e-mail pour vous proposer des publicit\u00e9s sur d'autres sites web. En outre, nous ne partageons pas vos informations personnelles avec des tiers pour qu'ils puissent vous proposer des publicit\u00e9s.<\/p>\n<p><\/p>\n\n\n<\/p>\n<p>\n\n\n<h3 class=\"wp-block-heading\" id=\"your-choices-with-respect-to-collection-and-use-of-your-information\">Vos choix concernant la collecte et l'utilisation de vos informations<\/h3>\n<p><\/p>\n\n\n<\/p>\n<p>\n\n\n<p>Il est \u00e9galement essentiel de noter que vous pouvez choisir de ne pas nous fournir d'informations. Ces informations peuvent \u00eatre n\u00e9cessaires pour effectuer une r\u00e9servation ou pour profiter de certaines fonctions offertes sur notre site.<\/p>\n<p><\/p>\n\n\n<\/p>\n<p>\n\n\n<h3 class=\"wp-block-heading\" id=\"cookies\">Cookies<\/h3>\n<p><\/p>\n\n\n<\/p>\n<p>\n\n\n<p>Les cookies sont de petits fichiers texte de donn\u00e9es et peuvent \u00eatre stock\u00e9s sur le disque dur de votre ordinateur si votre navigateur web le permet. Veuillez noter que notre site web utilise des cookies afin d'am\u00e9liorer votre exp\u00e9rience de r\u00e9servation.<\/p>\n<p><\/p>\n\n\n<\/p>\n<p>\n\n\n<h3 class=\"wp-block-heading\" id=\"how-we-protect-your-information\">Comment nous prot\u00e9geons vos informations<\/h3>\n<p><\/p>\n\n\n<\/p>\n<p>\n\n\n<p>Nous souhaitons que nos clients se sentent en confiance lorsqu'ils utilisent notre site Internet pour effectuer une r\u00e9servation. Il est \u00e9galement de notre devoir et de notre engagement de veiller \u00e0 la protection des informations que nous avons recueillies aupr\u00e8s d'eux. En outre, aucun site web ne peut garantir la s\u00e9curit\u00e9. Nous avons mis en place des proc\u00e9dures de s\u00e9curit\u00e9 administratives, techniques et physiques appropri\u00e9es. Afin de prot\u00e9ger les informations personnelles que vous nous fournissez. Par exemple, seuls les employ\u00e9s autoris\u00e9s ont le droit d'acc\u00e9der aux informations personnelles, et ils ne peuvent le faire que dans le cadre de fonctions professionnelles autoris\u00e9es.<\/p>\n<p><\/p>\n\n\n<\/p>\n<p>\n\n\n<h3 class=\"wp-block-heading\" id=\"children-s-privacy\">Vie priv\u00e9e des enfants<\/h3>\n<p><\/p>\n\n\n<\/p>\n<p>\n\n<p>Crystal Car Rental Mauritius \u00e9tant g\u00e9n\u00e9ralement un site grand public, nous n'offrons pas de services destin\u00e9s aux enfants. Si un enfant dont nous savons qu'il a moins de 13 ans nous envoie des informations personnelles. Notre proc\u00e9dure consistera \u00e0 utiliser ces informations particuli\u00e8res uniquement pour r\u00e9pondre directement \u00e0 cet enfant. Cette proc\u00e9dure est effectu\u00e9e afin de l'informer que nous devons obtenir le consentement parental avant de recevoir ses informations personnelles.<\/p>\n<p>\u00a0<\/p>\n\n<\/p>\n<p>\n\n\n<h3 class=\"wp-block-heading\" id=\"external-links\">Liens externes<\/h3>\n<p><\/p>\n\n\n<\/p>\n<p>\n\n\n<p>Veuillez noter que tous les liens externes utilis\u00e9s sur ce site Web vous renvoient vers d'autres sites. Il est essentiel de noter que ces sites ne sont pas r\u00e9gis par la pr\u00e9sente politique de confidentialit\u00e9 \u00e9nonc\u00e9e sur notre site web. Nous vous recommandons donc d'examiner les d\u00e9clarations de confidentialit\u00e9 publi\u00e9es sur ces autres sites web. Cela vous permettra de comprendre leurs proc\u00e9dures de collecte, d'utilisation et de divulgation des informations personnelles.<\/p>\n<p><\/p>\n\n\n<\/p>\n<p>\n\n\n<h3 class=\"wp-block-heading\" id=\"changes-to-this-privacy-policy\">Modifications de la pr\u00e9sente politique de confidentialit\u00e9<\/h3>\n<p><\/p>\n\n\n<\/p>\n<p>\n\n\n<p>Dans le cas o\u00f9 nous d\u00e9ciderions de mettre \u00e0 jour notre politique de confidentialit\u00e9, la location de voitures en cristal. Nous vous informerons de toute modification de notre politique ainsi que de tout changement important. Veuillez noter que cette communication se fera par l'envoi d'un avis \u00e0 l'adresse \u00e9lectronique que vous nous avez fournie. Il est \u00e9galement possible de communiquer cette information en pla\u00e7ant un avis bien visible sur notre site web.<\/p>\n<p><\/p>\n\n\n<\/p>\n<p>\n\n\n<h3 class=\"wp-block-heading\" id=\"how-you-contact-us\">Comment nous contacter<\/h3>\n<p><\/p>\n\n\n<\/p>\n<p>\n\n\n<p>En outre, si vous avez des questions concernant la pr\u00e9sente politique de confidentialit\u00e9 ou vos r\u00e9servations, veuillez nous contacter \u00e0 l'adresse suivante :<\/p>\n<p><\/p>\n\n\n<\/p>\n<p>\n\n\n<\/p>\n<ul class=\"wp-block-list\">\n<li style=\"list-style-type: none;\">\n<ul>\n\n<ul>\n<li style=\"list-style-type: none;\">\n<ul>\n<li>En nous envoyant un courriel \u00e0 info@crystalcarmauritius.com ou crystalmarketingltd@gmail.com<\/li>\n<\/ul>\n<\/li>\n<\/ul>\n<p><\/p>\n\n<\/p>\n<p>\n\n<ul>\n<li style=\"list-style-type: none;\">\n<ul>\n<li>Vous pouvez \u00e9galement nous contacter et parler \u00e0 l'un de nos agents par l'interm\u00e9diaire de notre ligne d'assistance t\u00e9l\u00e9phonique.<\/li>\n<\/ul>\n<\/li>\n<\/ul>\n<p><\/p>\n\n<\/p>\n<p>\n\n<ul>\n<li style=\"list-style-type: none;\">\n<ul>\n<li>Vous pouvez \u00e9galement nous \u00e9crire \u00e0 l'adresse suivante : Crystalcarmauritius, No 20 Fortuna Beach, Ave des Kestrel, Flic En Flac, Mauritius.<\/li>\n<\/ul>\n<\/li>\n<\/ul>\n<p><\/p>\n\n<\/p>\n<p>\n\n\n<\/p>","protected":false},"excerpt":{"rendered":"<p>Politique de confidentialit\u00e9 de Crystal Car Rental Mauritius Chez Crystal car rental Mauritius, nous comprenons que la r\u00e9servation en ligne implique une grande confiance de votre part. Nous appr\u00e9cions votre confiance et faisons de la s\u00e9curit\u00e9 et de la confidentialit\u00e9 de vos donn\u00e9es une priorit\u00e9. Telles que les informations personnelles que vous pouvez nous fournir. &hellip; <\/p>\n<p class=\"link-more\"><a href=\"https:\/\/crystal-carrental.com\/fr\/politique-de-confidentialite\/\" class=\"more-link\"><span class=\"screen-reader-text\"> prova \"Politique de confidentialit\u00e9\"<\/span><\/a><\/p>\n","protected":false},"author":1,"featured_media":1494,"parent":0,"menu_order":0,"comment_status":"closed","ping_status":"closed","template":"","meta":{"_monsterinsights_skip_tracking":false,"_monsterinsights_sitenote_active":false,"_monsterinsights_sitenote_note":"","_monsterinsights_sitenote_category":0,"footnotes":""},"class_list":["post-1603","page","type-page","status-publish","has-post-thumbnail","hentry"],"_links":{"self":[{"href":"https:\/\/crystal-carrental.com\/fr\/wp-json\/wp\/v2\/pages\/1603","targetHints":{"allow":["GET"]}}],"collection":[{"href":"https:\/\/crystal-carrental.com\/fr\/wp-json\/wp\/v2\/pages"}],"about":[{"href":"https:\/\/crystal-carrental.com\/fr\/wp-json\/wp\/v2\/types\/page"}],"author":[{"embeddable":true,"href":"https:\/\/crystal-carrental.com\/fr\/wp-json\/wp\/v2\/users\/1"}],"replies":[{"embeddable":true,"href":"https:\/\/crystal-carrental.com\/fr\/wp-json\/wp\/v2\/comments?post=1603"}],"version-history":[{"count":2,"href":"https:\/\/crystal-carrental.com\/fr\/wp-json\/wp\/v2\/pages\/1603\/revisions"}],"predecessor-version":[{"id":2158,"href":"https:\/\/crystal-carrental.com\/fr\/wp-json\/wp\/v2\/pages\/1603\/revisions\/2158"}],"wp:featuredmedia":[{"embeddable":true,"href":"https:\/\/crystal-carrental.com\/fr\/wp-json\/wp\/v2\/media\/1494"}],"wp:attachment":[{"href":"https:\/\/crystal-carrental.com\/fr\/wp-json\/wp\/v2\/media?parent=1603"}],"curies":[{"name":"wp","href":"https:\/\/api.w.org\/{rel}","templated":true}]}}