{"id":1599,"date":"2023-06-03T03:52:46","date_gmt":"2023-06-02T23:52:46","guid":{"rendered":"https:\/\/crystal-carrental.com\/questions-frequemment-posees\/"},"modified":"2024-04-09T17:34:58","modified_gmt":"2024-04-09T13:34:58","slug":"questions-frequemment-posees","status":"publish","type":"page","link":"https:\/\/crystal-carrental.com\/fr\/questions-frequemment-posees\/","title":{"rendered":"Questions fr\u00e9quemment pos\u00e9es"},"content":{"rendered":"<p>\n\n\n<h4 class=\"wp-block-heading\">1. Comment effectuer une r\u00e9servation ?<\/h4>\n<p>\n<\/p>\n\n\n<\/p>\n<p>\n\n\n<p>Pour effectuer la r\u00e9servation d'une location de voiture \u00e0 Maurice via notre site, vous devez entrer les d\u00e9tails importants en ligne, y compris les informations relatives \u00e0 la prise en charge et au retour. En fonction des r\u00e9sultats de votre recherche, vous pouvez effectuer une r\u00e9servation adapt\u00e9e \u00e0 vos besoins. Le processus de r\u00e9servation est simple et convivial.<\/p>\n<p>\n<\/p>\n\n\n<\/p>\n<p>\n\n\n<h4 class=\"wp-block-heading\">2. Quelles sont les formalit\u00e9s de location ?<\/h4>\n<p>\n<\/p>\n\n\n<\/p>\n<p>\n\n\n<p>Pour louer une voiture, il vous suffit de fournir les informations n\u00e9cessaires. Depuis la saisie de la prise en charge du v\u00e9hicule jusqu'aux informations sur le retour, concernant la date, l'heure et le code de r\u00e9servation (le cas \u00e9ch\u00e9ant), vous pouvez rechercher les options de location de voiture disponibles.<\/p>\n<p>\n<\/p>\n\n\n<\/p>\n<p>\n\n\n<h4 class=\"wp-block-heading\">3. Comment puis-je inclure des services suppl\u00e9mentaires ?<\/h4>\n<p>\n<\/p>\n\n\n<\/p>\n<p>\n\n\n<p>Pour inclure des services suppl\u00e9mentaires, vous devez contacter l'\u00e9quipe du service client\u00e8le de Crystal Car Rental.<br\/>En fournissant des informations sur les services suppl\u00e9mentaires, vous pouvez profiter des avantages des services de location fournis par les experts.<\/p>\n<p>\n<\/p>\n\n\n<\/p>\n<p>\n\n\n<h4 class=\"wp-block-heading\">4. Comment vais-je recevoir le v\u00e9hicule exact que j'ai choisi ?<\/h4>\n<p>\n<\/p>\n\n\n\n\n<p>Vous devez choisir parmi la liste des voitures disponibles pour la location.<br \/><a href=\"https:\/\/crystal-carrental.com\/fr\/\">Crystal Car Rental<\/a> offre l'assurance de fournir aux clients l'acc\u00e8s \u00e0 la voiture qui a \u00e9t\u00e9 r\u00e9serv\u00e9e ou \u00e0 une voiture de cat\u00e9gorie similaire.<\/p>\n<p>\u00a0<\/p>\n\n\n\n\n<h4 class=\"wp-block-heading\">5. Dois-je verser une caution pour ma voiture de location ?<\/h4>\n<p>\n<\/p>\n\n\n<\/p>\n<p>\n\n\n<p>Pour les services de location \u00e0 l'a\u00e9roport ou \u00e0 tout autre endroit, des frais de 15 euros sont applicables pour la livraison du v\u00e9hicule. Des frais suppl\u00e9mentaires de 15 EUR sont factur\u00e9s pour la r\u00e9cup\u00e9ration des voitures \u00e0 l'a\u00e9roport ou \u00e0 d'autres endroits.<br\/>Les frais de livraison sont inclus dans le montant total de la r\u00e9servation.<\/p>\n<p>\n<\/p>\n\n\n<\/p>\n<p>\n\n\n<h4 class=\"wp-block-heading\">6. Quelle est la dur\u00e9e minimale de location ?<\/h4>\n<p>\n<\/p>\n\n\n<\/p>\n<p>\n\n\n<p>Les locations de voitures sont calcul\u00e9es sur une base journali\u00e8re. Toutefois, pour les p\u00e9riodes prolong\u00e9es, vous pouvez le mentionner dans le calendrier lors de la r\u00e9servation.<\/p>\n<p>\n<\/p>\n\n\n<\/p>\n<p>\n\n\n<h4 class=\"wp-block-heading\">7. Quelles sont les conditions d'annulation ?<\/h4>\n<p>\n<\/p>\n\n\n<\/p>\n<p>\n\n\n<p>Si vous annulez la r\u00e9servation au moins 7 jours avant la prise en charge, vous recevrez le montant total du remboursement.<br\/>En revanche, si vous annulez les services moins de 5 jours avant l'enl\u00e8vement, vous ne serez pas rembours\u00e9.<br\/>Toutes les annulations doivent \u00eatre notifi\u00e9es \u00e0 l'aide d'un courrier \u00e9lectronique \u00e0 crystalcarsmauritius@gmail.com.<\/p>\n<p>\n<\/p>\n\n\n<\/p>\n<p>\n\n\n<h4 class=\"wp-block-heading\">8. Que se passe-t-il si je suis impliqu\u00e9 dans un accident de voiture ?<\/h4>\n<p>\n<\/p>\n\n\n<\/p>\n<p>\n\n\n<p>En cas d'accident ou de panne de la voiture de location, il est important d'en informer la soci\u00e9t\u00e9 de location en premier lieu.<br\/>Vous devez \u00e9galement informer la police de l'accident. En outre, vous \u00eates \u00e9galement tenu d'enregistrer l'accident en le communiquant par \u00e9crit.<\/p>\n<p>\n<\/p>\n\n\n<\/p>\n<p>\n\n\n<h4 class=\"wp-block-heading\">9. Que se passe-t-il en cas de dommages caus\u00e9s au v\u00e9hicule ?<\/h4>\n<p>\n<\/p>\n\n\n<\/p>\n<p>\n\n\n<p>Aucune assurance n'est connue pour couvrir les dommages ou les co\u00fbts de r\u00e9paration respectifs dans le cas o\u00f9 le locataire n'aurait pas soumis l'accord relatif \u00e0 l'expos\u00e9 des faits.<\/p>\n<p>\n<\/p>\n\n\n<\/p>\n<p>\n\n\n<h4 class=\"wp-block-heading\">10. Ai-je besoin d'un permis de conduire international \u00e0 Maurice ?<\/h4>\n<p>\n<\/p>\n\n\n<\/p>\n<p>\n\n\n<p>Pour obtenir le permis de conduire international, vous devez \u00eatre \u00e2g\u00e9 d'au moins 21 ans. La limite d'\u00e2ge maximale est de 65 ans. Le permis de conduire doit \u00eatre d\u00e9livr\u00e9 par les autorit\u00e9s comp\u00e9tentes du pays au moins un an avant la location du v\u00e9hicule.<\/p>\n<p>\n<\/p>\n\n\n<\/p>\n<p>\n\n\n<h4 class=\"wp-block-heading\">11. Comment restituer le v\u00e9hicule ?<\/h4>\n<p>\n<\/p>\n\n\n<\/p>\n<p>\n\n\n<p>Vous \u00eates tenu de restituer le v\u00e9hicule \u00e0 l'endroit sp\u00e9cifi\u00e9 - l'endroit que vous avez indiqu\u00e9 au d\u00e9but.<br\/>En outre, la date et l'heure du retour doivent \u00e9galement \u00eatre respect\u00e9es.<\/p>\n<p>\n<\/p>\n\n\n<\/p>\n<p>\n\n\n<h4 class=\"wp-block-heading\">12. Que se passe-t-il si je rends le v\u00e9hicule en retard ?<\/h4>\n<p>\n<\/p>\n\n\n<\/p>\n<p>\n\n\n<p>Si vous optez pour une restitution tardive de la voiture, un suppl\u00e9ment est appliqu\u00e9 et le montant total de la r\u00e9servation peut s'av\u00e9rer l\u00e9g\u00e8rement plus \u00e9lev\u00e9 que les tarifs habituels.<\/p>\n<p>\n<\/p>\n\n\n<\/p>\n<p>\n\n\n<h4 class=\"wp-block-heading\">13. Quel est l'\u00e2ge minimum pour conduire un v\u00e9hicule de location ?<\/h4>\n<p>\n<\/p>\n\n\n<\/p>\n<p>\n\n\n<p>Pour obtenir le permis de conduire \u00e0 l'\u00eele Maurice, louer un v\u00e9hicule \u00e0 l'\u00eele Maurice, vous devez \u00eatre \u00e2g\u00e9 d'au moins 21 ans.<\/p>\n<p>\n<\/p>\n\n\n<\/p>\n<p>\n\n\n<h4 class=\"wp-block-heading\">14. Quels sont les documents n\u00e9cessaires \u00e0 l'enl\u00e8vement du v\u00e9hicule ?<\/h4>\n<p>\n<\/p>\n\n\n<\/p>\n<p>\n\n\n<p>Lors de l'enl\u00e8vement de la voiture, vous devez pr\u00e9senter les documents suivants :<br\/>Un permis de conduire valide du pays d'origine.<br\/>Un passeport valide et une carte de cr\u00e9dit au nom du locataire ou du conducteur,<\/p>\n<p>\n<\/p>\n\n\n<\/p>\n<p>\n\n\n<h4 class=\"wp-block-heading\">15. Comment puis-je payer ?<\/h4>\n<p>\n<\/p>\n\n\n<\/p>\n<p>\n\n\n<p>Pour effectuer les paiements, vous pouvez utiliser diff\u00e9rents types de cartes de cr\u00e9dit, notamment MasterCard, Visa, Switch, American Express en ligne. Lors de la r\u00e9servation en ligne, le paiement int\u00e9gral du montant total de la r\u00e9servation est factur\u00e9.<\/p>\n<p>\n<\/p>\n\n\n<\/p>\n<p>\n\n\n<p>En cas de paiement \u00e0 la prise en charge, il est pr\u00e9f\u00e9rable de payer en esp\u00e8ces, en euros, en dollars am\u00e9ricains ou en roupies mauriciennes. Si vous souhaitez payer par carte, vous pouvez le faire par Visa ou Mastercard, mais un suppl\u00e9ment de 3,5 % sera appliqu\u00e9 \u00e0 votre commande de r\u00e9servation pour couvrir les frais de traitement bancaire.<\/p>\n<p>\n<\/p>\n\n\n<\/p>\n<p>\n\n\n<h4 class=\"wp-block-heading\">16. Offrons-nous des r\u00e9ductions ?<\/h4>\n<p>\n<\/p>\n\n\n<\/p>\n<p>\n\n\n<p>Au total, vous pouvez continuer \u00e0 rechercher des r\u00e9ductions pertinentes pour obtenir les meilleurs r\u00e9sultats. Visitez notre page de promotion sur la location de voiture \u00e0 Maurice, <a href=\"https:\/\/crystal-carrental.com\/cheap-car-rental-mauritius-promotions-sale\/\" target=\"_blank\" rel=\"noopener\">cliquez ici<\/a>.<\/p>\n<h4 style=\"color: #7a7a7a;\">17. How to get around?<\/h4>\nWe have put together many useful links and blogs that provides you with many tips when choosing to car hire in mauritius,\u00a0<a href=\"https:\/\/crystal-carrental.com\/blogs-car-rental-mauritius\/\" target=\"_blank\" rel=\"noopener\">click here<\/a>. Similarly you can always view the Ministry of Tourism in Mauritius official travel page advise by clicking\u00a0<a href=\"https:\/\/www.mymauritius.travel\/en-uk\/plan-your-trip\/how-get-around\" target=\"_blank\" rel=\"noopener\">here<\/a>\u00a0for more information.\n<p>\n<\/p>\n\n\n<\/p>","protected":false},"excerpt":{"rendered":"<p>1. Comment effectuer une r\u00e9servation ? Pour effectuer la r\u00e9servation d'une location de voiture \u00e0 Maurice via notre site, vous devez entrer les d\u00e9tails importants en ligne, y compris les informations relatives \u00e0 la prise en charge et au retour. En fonction des r\u00e9sultats de votre recherche, vous pouvez effectuer une r\u00e9servation adapt\u00e9e \u00e0 vos &hellip; <\/p>\n<p class=\"link-more\"><a href=\"https:\/\/crystal-carrental.com\/fr\/questions-frequemment-posees\/\" class=\"more-link\"><span class=\"screen-reader-text\"> prova \"Questions fr\u00e9quemment pos\u00e9es\"<\/span><\/a><\/p>\n","protected":false},"author":1,"featured_media":1496,"parent":0,"menu_order":0,"comment_status":"closed","ping_status":"closed","template":"","meta":{"_monsterinsights_skip_tracking":false,"_monsterinsights_sitenote_active":false,"_monsterinsights_sitenote_note":"","_monsterinsights_sitenote_category":0,"footnotes":""},"class_list":["post-1599","page","type-page","status-publish","has-post-thumbnail","hentry"],"_links":{"self":[{"href":"https:\/\/crystal-carrental.com\/fr\/wp-json\/wp\/v2\/pages\/1599","targetHints":{"allow":["GET"]}}],"collection":[{"href":"https:\/\/crystal-carrental.com\/fr\/wp-json\/wp\/v2\/pages"}],"about":[{"href":"https:\/\/crystal-carrental.com\/fr\/wp-json\/wp\/v2\/types\/page"}],"author":[{"embeddable":true,"href":"https:\/\/crystal-carrental.com\/fr\/wp-json\/wp\/v2\/users\/1"}],"replies":[{"embeddable":true,"href":"https:\/\/crystal-carrental.com\/fr\/wp-json\/wp\/v2\/comments?post=1599"}],"version-history":[{"count":2,"href":"https:\/\/crystal-carrental.com\/fr\/wp-json\/wp\/v2\/pages\/1599\/revisions"}],"predecessor-version":[{"id":2116,"href":"https:\/\/crystal-carrental.com\/fr\/wp-json\/wp\/v2\/pages\/1599\/revisions\/2116"}],"wp:featuredmedia":[{"embeddable":true,"href":"https:\/\/crystal-carrental.com\/fr\/wp-json\/wp\/v2\/media\/1496"}],"wp:attachment":[{"href":"https:\/\/crystal-carrental.com\/fr\/wp-json\/wp\/v2\/media?parent=1599"}],"curies":[{"name":"wp","href":"https:\/\/api.w.org\/{rel}","templated":true}]}}