{"id":1592,"date":"2023-05-25T08:19:05","date_gmt":"2023-05-25T04:19:05","guid":{"rendered":"https:\/\/crystal-carrental.com\/details-de-votre-commande\/"},"modified":"2024-11-10T01:50:41","modified_gmt":"2024-11-09T21:50:41","slug":"details-de-votre-commande","status":"publish","type":"page","link":"https:\/\/crystal-carrental.com\/fr\/details-de-votre-commande\/","title":{"rendered":"D\u00e9tails de votre commande"},"content":{"rendered":"\n<div class=\"wrap plugin-container\">\n\n\t\n\t\n\t\r\n\t\t<script type=\"text\/javascript\">\r\n\t\tjQuery(document).ready(function() {\r\n\t\t\tjQuery(\".vrcmodal\").fancybox();\r\n\t\t});\r\n\t\t<\/script>\t\t<script type=\"text\/javascript\">\n\t\tjQuery(function() {\n\t\t\tjQuery(\".vrcmodal\").fancybox({\n\t\t\t\ttype: \"iframe\",\n\t\t\t\tiframe: {\n\t\t\t\t\tcss: {\n\t\t\t\t\t\twidth: \"75%\",\n\t\t\t\t\t\theight: \"75%\"\n\t\t\t\t\t}\n\t\t\t\t}\n\t\t\t});\n\t\t});\n\t\t<\/script>\n\t\t<h3 class=\"vrc-main-title\">Crystal Car Rental<\/h3>\t<div class=\"vrc-intro-main\"><\/div>\n\t<p class=\"err\">Error, Insufficient Data Received.<\/p><div class=\"vrcdivsearch vrcdivsearch-noresults\"><div class=\"vrcdivsearch-inner\"><form action=\"https:\/\/crystal-carrental.com\/fr\/details-de-votre-commande\/?option=com_vikrentcar\" method=\"post\" onsubmit=\"return vrcValidateSearch();\">\n<input type=\"hidden\" name=\"option\" value=\"com_vikrentcar\"\/>\n<input type=\"hidden\" name=\"task\" value=\"search\"\/>\n<div class=\"vrc-searchf-section-locations\">\n<div class=\"vrcsfentrycont\"><label for=\"place\">Pickup Location<\/label><div class=\"vrcsfentryselect\"><select name=\"place\" id=\"place\" onchange=\"javascript: vrcSetLocOpenTime(this.value, 'pickup');\"><option value=\"1\" id=\"place1\">SSR International Airport<\/option>\n<option value=\"2\" id=\"place2\">Pointe d'Esny<\/option>\n<option value=\"3\" id=\"place3\">Pointe aux Piments<\/option>\n<option value=\"4\" id=\"place4\">Point aux Cannoniers<\/option>\n<option value=\"5\" id=\"place5\">Pereybere<\/option>\n<option value=\"6\" id=\"place6\">Old Grand Port<\/option>\n<option value=\"7\" id=\"place7\">Moint Choisy<\/option>\n<option value=\"8\" id=\"place8\">Mah\u00e9bourg \/ Blue Bay<\/option>\n<option value=\"9\" id=\"place9\">Le Morne<\/option>\n<option value=\"10\" id=\"place10\">La Preneuse<\/option>\n<option value=\"11\" id=\"place11\">Grand-Baie<\/option>\n<option value=\"12\" id=\"place12\">Grand Gaube<\/option>\n<option value=\"13\" id=\"place13\">Ebene Cyber City<\/option>\n<option value=\"14\" id=\"place14\">Curepipe<\/option>\n<option value=\"15\" id=\"place15\">Chemin Grenier<\/option>\n<option value=\"16\" id=\"place16\">Chamarel<\/option>\n<option value=\"17\" id=\"place17\">Cap Malheureux<\/option>\n<option value=\"18\" id=\"place18\">Belle Mare<\/option>\n<option value=\"19\" id=\"place19\">Bel Ombre<\/option>\n<option value=\"20\" id=\"place20\">Beau Camp<\/option>\n<option value=\"21\" id=\"place21\">Beau Bassin<\/option>\n<option value=\"22\" id=\"place22\">Riviere Noire<\/option>\n<option value=\"23\" id=\"place23\">Poste de Flacq<\/option>\n<option value=\"25\" id=\"place25\">Quartier Militaire<\/option>\n<option value=\"26\" id=\"place26\">Quatre Bornes<\/option>\n<option value=\"27\" id=\"place27\">Riviere du Rempart<\/option>\n<option value=\"28\" id=\"place28\">Roches Noire grand-baie<\/option>\n<option value=\"29\" id=\"place29\">Rose-Hill<\/option>\n<option value=\"30\" id=\"place30\">Souillac<\/option>\n<option value=\"31\" id=\"place31\">Port Louis<\/option>\n<option value=\"32\" id=\"place32\">Tamarin<\/option>\n<option value=\"33\" id=\"place33\">Trou aux Biches<\/option>\n<option value=\"34\" id=\"place34\">Trou d'Eau Douce<\/option>\n<option value=\"35\" id=\"place35\">Vacoas<\/option>\n<option value=\"36\" id=\"place36\">Albion<\/option>\n<option value=\"37\" id=\"place37\">Anse La Raie<\/option>\n<option value=\"38\" id=\"place38\">Bain Boeuf<\/option>\n<option value=\"39\" id=\"place39\">Baie Du Tombeau<\/option>\n<option value=\"40\" id=\"place40\">Balaclava<\/option>\n<option value=\"41\" id=\"place41\">Flic en Flac<\/option>\n<option value=\"42\" id=\"place42\">Grand Bay<\/option>\n<option value=\"43\" id=\"place43\">Mado Port Louis<\/option>\n<option value=\"44\" id=\"place44\">Ocean Villas<\/option>\n<\/select><\/div><\/div>\n<div class=\"vrcsfentrycont\"><label for=\"returnplace\">Drop Off Location<\/label><div class=\"vrcsfentryselect\"><select name=\"returnplace\" id=\"returnplace\" onchange=\"javascript: vrcSetLocOpenTime(this.value, 'dropoff');\"><option value=\"1\" id=\"returnplace1\">SSR International Airport<\/option>\n<option value=\"2\" id=\"returnplace2\">Pointe d'Esny<\/option>\n<option value=\"3\" id=\"returnplace3\">Pointe aux Piments<\/option>\n<option value=\"4\" id=\"returnplace4\">Point aux Cannoniers<\/option>\n<option value=\"5\" id=\"returnplace5\">Pereybere<\/option>\n<option value=\"6\" id=\"returnplace6\">Old Grand Port<\/option>\n<option value=\"7\" id=\"returnplace7\">Moint Choisy<\/option>\n<option value=\"8\" id=\"returnplace8\">Mah\u00e9bourg \/ Blue Bay<\/option>\n<option value=\"9\" id=\"returnplace9\">Le Morne<\/option>\n<option value=\"10\" id=\"returnplace10\">La Preneuse<\/option>\n<option value=\"11\" id=\"returnplace11\">Grand-Baie<\/option>\n<option value=\"12\" id=\"returnplace12\">Grand Gaube<\/option>\n<option value=\"13\" id=\"returnplace13\">Ebene Cyber City<\/option>\n<option value=\"14\" id=\"returnplace14\">Curepipe<\/option>\n<option value=\"15\" id=\"returnplace15\">Chemin Grenier<\/option>\n<option value=\"16\" id=\"returnplace16\">Chamarel<\/option>\n<option value=\"17\" id=\"returnplace17\">Cap Malheureux<\/option>\n<option value=\"18\" id=\"returnplace18\">Belle Mare<\/option>\n<option value=\"19\" id=\"returnplace19\">Bel Ombre<\/option>\n<option value=\"20\" id=\"returnplace20\">Beau Camp<\/option>\n<option value=\"21\" id=\"returnplace21\">Beau Bassin<\/option>\n<option value=\"22\" id=\"returnplace22\">Riviere Noire<\/option>\n<option value=\"23\" id=\"returnplace23\">Poste de Flacq<\/option>\n<option value=\"25\" id=\"returnplace25\">Quartier Militaire<\/option>\n<option value=\"26\" id=\"returnplace26\">Quatre Bornes<\/option>\n<option value=\"27\" id=\"returnplace27\">Riviere du Rempart<\/option>\n<option value=\"28\" id=\"returnplace28\">Roches Noire grand-baie<\/option>\n<option value=\"29\" id=\"returnplace29\">Rose-Hill<\/option>\n<option value=\"30\" id=\"returnplace30\">Souillac<\/option>\n<option value=\"31\" id=\"returnplace31\">Port Louis<\/option>\n<option value=\"32\" id=\"returnplace32\">Tamarin<\/option>\n<option value=\"33\" id=\"returnplace33\">Trou aux Biches<\/option>\n<option value=\"34\" id=\"returnplace34\">Trou d'Eau Douce<\/option>\n<option value=\"35\" id=\"returnplace35\">Vacoas<\/option>\n<option value=\"36\" id=\"returnplace36\">Albion<\/option>\n<option value=\"37\" id=\"returnplace37\">Anse La Raie<\/option>\n<option value=\"38\" id=\"returnplace38\">Bain Boeuf<\/option>\n<option value=\"39\" id=\"returnplace39\">Baie Du Tombeau<\/option>\n<option value=\"40\" id=\"returnplace40\">Balaclava<\/option>\n<option value=\"41\" id=\"returnplace41\">Flic en Flac<\/option>\n<option value=\"42\" id=\"returnplace42\">Grand Bay<\/option>\n<option value=\"43\" id=\"returnplace43\">Mado Port Louis<\/option>\n<option value=\"44\" id=\"returnplace44\">Ocean Villas<\/option>\n<\/select><\/div><\/div>\n<\/div>\n<div class=\"vrc-searchf-section-datetimes\">\n<div class=\"vrcsfentrycont\">\n\t<div class=\"vrcsfentrylabsel\">\n\t\t<label for=\"pickupdate\">Pickup Date<\/label>\n\t\t<div class=\"vrcsfentrydate\">\n\t\t\t<input type=\"text\" name=\"pickupdate\" id=\"pickupdate\" size=\"10\" autocomplete=\"off\" onfocus=\"this.blur();\" readonly\/><i class=\"far fa-calendar-alt vrc-caltrigger\"><\/i>\n\t\t<\/div>\n\t<\/div>\n\t<div class=\"vrcsfentrytime\">\n\t\t<label for=\"pickuph\">Pickup Time<\/label>\n\t\t<div class=\"vrc-sf-time-container\">\n\t\t\t<span id=\"vrccomselph\"><select id=\"pickuph\" name=\"pickuph\"><option value=\"0\">00<\/option>\n<option value=\"1\">01<\/option>\n<option value=\"2\">02<\/option>\n<option value=\"3\">03<\/option>\n<option value=\"4\">04<\/option>\n<option value=\"5\">05<\/option>\n<option value=\"6\">06<\/option>\n<option value=\"7\">07<\/option>\n<option value=\"8\">08<\/option>\n<option value=\"9\">09<\/option>\n<option value=\"10\">10<\/option>\n<option value=\"11\">11<\/option>\n<option value=\"12\">12<\/option>\n<option value=\"13\">13<\/option>\n<option value=\"14\">14<\/option>\n<option value=\"15\">15<\/option>\n<option value=\"16\">16<\/option>\n<option value=\"17\">17<\/option>\n<option value=\"18\">18<\/option>\n<option value=\"19\">19<\/option>\n<option value=\"20\">20<\/option>\n<option value=\"21\">21<\/option>\n<option value=\"22\">22<\/option>\n<option value=\"23\">23<\/option>\n<\/select><\/span>\n\t\t\t<span class=\"vrctimesep\">:<\/span>\n\t\t\t<span id=\"vrccomselpm\"><select name=\"pickupm\"><option value=\"0\" selected=\"selected\">00<\/option>\n<option value=\"15\">15<\/option>\n<option value=\"30\">30<\/option>\n<option value=\"45\">45<\/option>\n<\/select><\/span>\n\t\t<\/div>\n\t<\/div>\n<\/div>\n<div class=\"vrcsfentrycont\">\n\t<div class=\"vrcsfentrylabsel\">\n\t\t<label for=\"releasedate\">Drop Off Date<\/label>\n\t\t<div class=\"vrcsfentrydate\">\n\t\t\t<input type=\"text\" name=\"releasedate\" id=\"releasedate\" size=\"10\" autocomplete=\"off\" onfocus=\"this.blur();\" readonly\/><i class=\"far fa-calendar-alt vrc-caltrigger\"><\/i>\n\t\t<\/div>\n\t<\/div>\n\t<div class=\"vrcsfentrytime\">\n\t\t<label for=\"releaseh\">Drop Off Time<\/label>\n\t\t<div class=\"vrc-sf-time-container\">\n\t\t\t<span id=\"vrccomseldh\"><select id=\"releaseh\" name=\"releaseh\"><option value=\"0\">00<\/option>\n<option value=\"1\">01<\/option>\n<option value=\"2\">02<\/option>\n<option value=\"3\">03<\/option>\n<option value=\"4\">04<\/option>\n<option value=\"5\">05<\/option>\n<option value=\"6\">06<\/option>\n<option value=\"7\">07<\/option>\n<option value=\"8\">08<\/option>\n<option value=\"9\">09<\/option>\n<option value=\"10\">10<\/option>\n<option value=\"11\">11<\/option>\n<option value=\"12\">12<\/option>\n<option value=\"13\">13<\/option>\n<option value=\"14\">14<\/option>\n<option value=\"15\">15<\/option>\n<option value=\"16\">16<\/option>\n<option value=\"17\">17<\/option>\n<option value=\"18\">18<\/option>\n<option value=\"19\">19<\/option>\n<option value=\"20\">20<\/option>\n<option value=\"21\">21<\/option>\n<option value=\"22\">22<\/option>\n<option value=\"23\">23<\/option>\n<\/select><\/span>\n\t\t\t<span class=\"vrctimesep\">:<\/span>\n\t\t\t<span id=\"vrccomseldm\"><select name=\"releasem\"><option value=\"0\" selected=\"selected\">00<\/option>\n<option value=\"15\">15<\/option>\n<option value=\"30\">30<\/option>\n<option value=\"45\">45<\/option>\n<\/select><\/span>\n\t\t<\/div>\n\t<\/div>\n<\/div>\n<\/div>\n<div class=\"vrc-searchf-section-categories\"><div class=\"vrcsfentrycont\"><label for=\"vrc-categories\">Car Category<\/label><div class=\"vrcsfentryselect\"><select name=\"categories\" id=\"vrc-categories\"><option value=\"all\">Any<\/option>\n<option value=\"7\">Economy<\/option>\n<option value=\"5\">Mid-Sized<\/option>\n<option value=\"3\">Sedan<\/option>\n<option value=\"9\">Hybrid<\/option>\n<option value=\"2\">SUV<\/option>\n<option value=\"10\">Crossover Compact<\/option>\n<option value=\"1\">Pick Up<\/option>\n<option value=\"4\">MPV 7 Seater<\/option>\n<\/select><\/div><\/div>\n<\/div><div class=\"vrc-searchf-section-sbmt\"><div class=\"vrcsfentrycont\"><div class=\"vrcsfentrysubmit\"><input type=\"submit\" name=\"search\" value=\"Search\" class=\"btn vrc-search-btn vrc-pref-color-btn\"\/><\/div><\/div>\n<\/div><\/div>\n<div class=\"vrclocationsbox\"><div class=\"vrclocationsmapdiv\"><a href=\"https:\/\/crystal-carrental.com\/our-cars\/?view=locationsmap&tmpl=component\" class=\"vrcmodal\" target=\"_blank\"><i class=\"fas fa-map-marked-alt\"><\/i> <span>View Locations Map<\/span><\/a><\/div><\/div><\/form><\/div>\t<div class=\"vrc-closing-main\"><\/div>\n\t\t<script type=\"text\/javascript\">\n\tfunction vrcCleanNumber(snum) {\n\t\tif (snum.length > 1 && snum.substr(0, 1) == '0') {\n\t\t\treturn parseInt(snum.substr(1));\n\t\t}\n\t\treturn parseInt(snum);\n\t}\n\tfunction vrcFormatTime(h, m) {\n\t\tvar time_format = 'H:i';\n\t\tvar time_ftfour = (time_format == 'H:i');\n\t\tvar time_ampm = '';\n\t\tif (!time_ftfour) {\n\t\t\tif (h >= 12 && h < 24) {\n\t\t\t\ttime_ampm = ' PM';\n\t\t\t\tif (h > 12) {\n\t\t\t\t\th -= 12;\n\t\t\t\t}\n\t\t\t} else {\n\t\t\t\ttime_ampm = ' AM';\n\t\t\t}\n\t\t}\n\t\treturn (h < 10 ? ('0' + h) : h) + ':' + ((m < 10 ? ('0' + m) : m)) + time_ampm;\n\t}\n\tfunction vrcValidateSearch() {\n\t\tif (typeof jQuery === 'undefined' || typeof vrc_wopening_pick === 'undefined') {\n\t\t\treturn true;\n\t\t}\n\t\tif (vrc_mopening_pick !== null) {\n\t\t\t\/\/ pickup time\n\t\t\tvar pickh = jQuery('#vrccomselph').find('select').val();\n\t\t\tvar pickm = jQuery('#vrccomselpm').find('select').val();\n\t\t\tif (!pickh || !pickh.length || !pickm) {\n\t\t\t\treturn true;\n\t\t\t}\n\t\t\tpickh = vrcCleanNumber(pickh);\n\t\t\tpickm = vrcCleanNumber(pickm);\n\t\t\tif (pickh == vrc_mopening_pick[0]) {\n\t\t\t\tif (pickm < vrc_mopening_pick[1]) {\n\t\t\t\t\t\/\/ location is still closed at this time\n\t\t\t\t\tjQuery('#vrccomselpm').find('select').html('<option value=\"'+vrc_mopening_pick[1]+'\">'+(vrc_mopening_pick[1] < 10 ? '0'+vrc_mopening_pick[1] : vrc_mopening_pick[1])+'<\/option>').val(vrc_mopening_pick[1]);\n\t\t\t\t\talert(Joomla.JText._('VRC_LOC_WILL_OPEN_TIME').replace('%s', vrcFormatTime(vrc_mopening_pick[0], vrc_mopening_pick[1])));\n\t\t\t\t\t\/\/ do not return false as we are overwriting the pickup time\n\t\t\t\t\t\/\/ return false;\n\t\t\t\t}\n\t\t\t}\n\t\t\tif (pickh == vrc_mopening_pick[2]) {\n\t\t\t\tif (pickm > vrc_mopening_pick[3]) {\n\t\t\t\t\t\/\/ location is already closed at this time for a pick up\n\t\t\t\t\tjQuery('#vrccomselpm').find('select').html('<option value=\"'+vrc_mopening_pick[3]+'\">'+(vrc_mopening_pick[3] < 10 ? '0'+vrc_mopening_pick[3] : vrc_mopening_pick[3])+'<\/option>').val(vrc_mopening_pick[3]);\n\t\t\t\t\talert(Joomla.JText._('VRC_LOC_WILL_CLOSE_TIME').replace('%s', vrcFormatTime(vrc_mopening_pick[2], vrc_mopening_pick[3])));\n\t\t\t\t\t\/\/ do not return false as we are overwriting the pickup time\n\t\t\t\t\t\/\/ return false;\n\t\t\t\t}\n\t\t\t}\n\t\t\t\/\/ check for breaks\n\t\t\tif (vrc_mopening_pick[4] && vrc_mopening_pick[4].length) {\n\t\t\t\tfor (var b = 0; b < vrc_mopening_pick[4].length; b++) {\n\t\t\t\t\tif (!vrc_mopening_pick[4][b].hasOwnProperty('fh')) {\n\t\t\t\t\t\tcontinue;\n\t\t\t\t\t}\n\t\t\t\t\tvar break_mess = Joomla.JText._('VRC_PICKLOC_IS_ON_BREAK_TIME_FROM_TO')\n\t\t\t\t\t\t.replace('%s', vrcFormatTime(vrc_mopening_pick[4][b]['fh'], vrc_mopening_pick[4][b]['fm']))\n\t\t\t\t\t\t.replace('%s', vrcFormatTime(vrc_mopening_pick[4][b]['th'], vrc_mopening_pick[4][b]['tm']));\n\t\t\t\t\tvar break_from_secs = (vrc_mopening_pick[4][b]['fh'] * 3600) + (vrc_mopening_pick[4][b]['fm'] * 60);\n\t\t\t\t\tvar break_to_secs = (vrc_mopening_pick[4][b]['th'] * 3600) + (vrc_mopening_pick[4][b]['tm'] * 60);\n\t\t\t\t\tvar pick_secs = (pickh * 3600) + (pickm * 60);\n\t\t\t\t\tif (pick_secs > break_from_secs && pick_secs < break_to_secs) {\n\t\t\t\t\t\t\/\/ the location is on break at this time\n\t\t\t\t\t\talert(break_mess);\n\t\t\t\t\t\treturn false;\n\t\t\t\t\t} else if (vrc_mopening_pick[4][b]['fh'] > vrc_mopening_pick[4][b]['th'] && pick_secs < break_from_secs && pick_secs < break_to_secs) {\n\t\t\t\t\t\t\/\/ overnight break, with time after midnight\n\t\t\t\t\t\talert(break_mess);\n\t\t\t\t\t\treturn false;\n\t\t\t\t\t} else if (vrc_mopening_pick[4][b]['fh'] > vrc_mopening_pick[4][b]['th'] && pick_secs > break_from_secs && pick_secs > break_to_secs) {\n\t\t\t\t\t\t\/\/ overnight break, with time before midnight\n\t\t\t\t\t\talert(break_mess);\n\t\t\t\t\t\treturn false;\n\t\t\t\t\t}\n\t\t\t\t}\n\t\t\t}\n\t\t}\n\n\t\tif (vrc_mopening_drop !== null) {\n\t\t\t\/\/ dropoff time\n\t\t\tvar droph = jQuery('#vrccomseldh').find('select').val();\n\t\t\tvar dropm = jQuery('#vrccomseldm').find('select').val();\n\t\t\tif (!droph || !droph.length || !dropm) {\n\t\t\t\treturn true;\n\t\t\t}\n\t\t\tdroph = vrcCleanNumber(droph);\n\t\t\tdropm = vrcCleanNumber(dropm);\n\t\t\tif (droph == vrc_mopening_drop[0]) {\n\t\t\t\tif (dropm > vrc_mopening_drop[1]) {\n\t\t\t\t\t\/\/ location is already closed at this time\n\t\t\t\t\tjQuery('#vrccomseldm').find('select').html('<option value=\"'+vrc_mopening_drop[1]+'\">'+(vrc_mopening_drop[1] < 10 ? '0'+vrc_mopening_drop[1] : vrc_mopening_drop[1])+'<\/option>').val(vrc_mopening_drop[1]);\n\t\t\t\t\talert(Joomla.JText._('VRC_LOC_WILL_CLOSE_TIME').replace('%s', vrcFormatTime(vrc_mopening_drop[0], vrc_mopening_drop[1])));\n\t\t\t\t\t\/\/ do not return false as we are overwriting the drop off time\n\t\t\t\t\t\/\/ return false;\n\t\t\t\t}\n\t\t\t}\n\t\t\tif (droph == vrc_mopening_drop[2]) {\n\t\t\t\tif (dropm < vrc_mopening_drop[3]) {\n\t\t\t\t\t\/\/ location is still closed at this time for a drop off\n\t\t\t\t\tjQuery('#vrccomseldm').find('select').html('<option value=\"'+vrc_mopening_drop[3]+'\">'+(vrc_mopening_drop[3] < 10 ? '0'+vrc_mopening_drop[3] : vrc_mopening_drop[3])+'<\/option>').val(vrc_mopening_drop[3]);\n\t\t\t\t\talert(Joomla.JText._('VRC_LOC_WILL_OPEN_TIME').replace('%s', vrcFormatTime(vrc_mopening_drop[2], vrc_mopening_drop[3])));\n\t\t\t\t\t\/\/ do not return false as we are overwriting the drop off time\n\t\t\t\t\t\/\/ return false;\n\t\t\t\t}\n\t\t\t}\n\t\t\t\/\/ check for breaks\n\t\t\tif (vrc_mopening_drop[4] && vrc_mopening_drop[4].length) {\n\t\t\t\tfor (var b = 0; b < vrc_mopening_drop[4].length; b++) {\n\t\t\t\t\tif (!vrc_mopening_drop[4][b].hasOwnProperty('fh')) {\n\t\t\t\t\t\tcontinue;\n\t\t\t\t\t}\n\t\t\t\t\tvar break_mess = Joomla.JText._('VRC_DROPLOC_IS_ON_BREAK_TIME_FROM_TO')\n\t\t\t\t\t\t.replace('%s', vrcFormatTime(vrc_mopening_drop[4][b]['fh'], vrc_mopening_drop[4][b]['fm']))\n\t\t\t\t\t\t.replace('%s', vrcFormatTime(vrc_mopening_drop[4][b]['th'], vrc_mopening_drop[4][b]['tm']));\n\t\t\t\t\tvar break_from_secs = (vrc_mopening_drop[4][b]['fh'] * 3600) + (vrc_mopening_drop[4][b]['fm'] * 60);\n\t\t\t\t\tvar break_to_secs = (vrc_mopening_drop[4][b]['th'] * 3600) + (vrc_mopening_drop[4][b]['tm'] * 60);\n\t\t\t\t\tvar drop_secs = (droph * 3600) + (dropm * 60);\n\t\t\t\t\tif (drop_secs > break_from_secs && drop_secs < break_to_secs) {\n\t\t\t\t\t\t\/\/ the location is on break at this time\n\t\t\t\t\t\talert(break_mess);\n\t\t\t\t\t\treturn false;\n\t\t\t\t\t} else if (vrc_mopening_drop[4][b]['fh'] > vrc_mopening_drop[4][b]['th'] && drop_secs < break_from_secs && drop_secs < break_to_secs) {\n\t\t\t\t\t\t\/\/ overnight break, with time after midnight\n\t\t\t\t\t\talert(break_mess);\n\t\t\t\t\t\treturn false;\n\t\t\t\t\t} else if (vrc_mopening_drop[4][b]['fh'] > vrc_mopening_drop[4][b]['th'] && drop_secs > break_from_secs && drop_secs > break_to_secs) {\n\t\t\t\t\t\t\/\/ overnight break, with time before midnight\n\t\t\t\t\t\talert(break_mess);\n\t\t\t\t\t\treturn false;\n\t\t\t\t\t}\n\t\t\t\t}\n\t\t\t}\n\t\t}\n\n\t\treturn true;\n\t}\n\t<\/script>\n\t\n<\/div>\n\n<p>Ici, vous pouvez rechercher et visualiser les d\u00e9tails de votre commande chez <a href=\"https:\/\/crystal-carrental.com\/fr\/la-flotte\/\">Crystal Car Rental<\/a>. Cette section vous permet de v\u00e9rifier les informations relatives \u00e0 votre commande, afin de vous assurer qu'elles sont correctement prises en compte. Dans l'ensemble, il s'agit d'une fonction tr\u00e8s utile pour nos clients, qui peuvent ainsi consulter un r\u00e9sum\u00e9 de leur commande. Si vous avez besoin de plus amples informations, veuillez consulter la page \"Votre commande\" <a href=\"https:\/\/crystal-carrental.com\/your-orders\/?view=loginregister\">en cliquant ici<\/a>. Il est \u00e9galement essentiel de s'assurer que vous disposez des informations de connexion n\u00e9cessaires pour consulter votre commande.<\/p>\n<p>D'autant plus si vous souhaitez v\u00e9rifier les d\u00e9tails de votre commande de vol par rapport au statut de votre vol. Nous vous recommandons \u00e9galement d'utiliser les sites web suivants pour v\u00e9rifier l'\u00e9tat de votre vol. Vous pourrez y consulter les derni\u00e8res mises \u00e0 jour concernant le suivi de votre vol. Dans l'ensemble, ces informations sont utiles pour ceux qui souhaitent faire livrer leur voiture de location \u00e0 l'a\u00e9roport international Seewoosagur Ramgoolam de l'\u00eele Maurice (a\u00e9roport SSR). Pour tous les d\u00e9tails sur les vols g\u00e9n\u00e9raux (sans Air Mauritius), <a href=\"https:\/\/www.flightstats.com\/v2\/flight-tracker\/arrivals\/MRU\" target=\"_blank\" rel=\"noopener\">cliquez ici<\/a> et pour tous les vols via Air Mauritius, <a href=\"https:\/\/www.airmauritius.com\/manage\/flight-status\" target=\"_blank\" rel=\"noopener\">cliquez ici<\/a>.<\/p>\n","protected":false},"excerpt":{"rendered":"<p>Ici, vous pouvez rechercher et visualiser les d\u00e9tails de votre commande chez Crystal Car Rental. Cette section vous permet de v\u00e9rifier les informations relatives \u00e0 votre commande, afin de vous assurer qu'elles sont correctement prises en compte. Dans l'ensemble, il s'agit d'une fonction tr\u00e8s utile pour nos clients, qui peuvent ainsi consulter un r\u00e9sum\u00e9 de &hellip; <\/p>\n<p class=\"link-more\"><a href=\"https:\/\/crystal-carrental.com\/fr\/details-de-votre-commande\/\" class=\"more-link\"><span class=\"screen-reader-text\"> prova \"D\u00e9tails de votre commande\"<\/span><\/a><\/p>\n","protected":false},"author":2,"featured_media":0,"parent":0,"menu_order":0,"comment_status":"closed","ping_status":"closed","template":"","meta":{"_monsterinsights_skip_tracking":false,"_monsterinsights_sitenote_active":false,"_monsterinsights_sitenote_note":"","_monsterinsights_sitenote_category":0,"footnotes":""},"class_list":["post-1592","page","type-page","status-publish","hentry"],"_links":{"self":[{"href":"https:\/\/crystal-carrental.com\/fr\/wp-json\/wp\/v2\/pages\/1592","targetHints":{"allow":["GET"]}}],"collection":[{"href":"https:\/\/crystal-carrental.com\/fr\/wp-json\/wp\/v2\/pages"}],"about":[{"href":"https:\/\/crystal-carrental.com\/fr\/wp-json\/wp\/v2\/types\/page"}],"author":[{"embeddable":true,"href":"https:\/\/crystal-carrental.com\/fr\/wp-json\/wp\/v2\/users\/2"}],"replies":[{"embeddable":true,"href":"https:\/\/crystal-carrental.com\/fr\/wp-json\/wp\/v2\/comments?post=1592"}],"version-history":[{"count":2,"href":"https:\/\/crystal-carrental.com\/fr\/wp-json\/wp\/v2\/pages\/1592\/revisions"}],"predecessor-version":[{"id":2396,"href":"https:\/\/crystal-carrental.com\/fr\/wp-json\/wp\/v2\/pages\/1592\/revisions\/2396"}],"wp:attachment":[{"href":"https:\/\/crystal-carrental.com\/fr\/wp-json\/wp\/v2\/media?parent=1592"}],"curies":[{"name":"wp","href":"https:\/\/api.w.org\/{rel}","templated":true}]}}