{"id":1587,"date":"2023-04-23T06:57:43","date_gmt":"2023-04-23T02:57:43","guid":{"rendered":"https:\/\/crystal-carrental.com\/promotions\/"},"modified":"2024-04-16T22:31:34","modified_gmt":"2024-04-16T18:31:34","slug":"promotions","status":"publish","type":"page","link":"https:\/\/crystal-carrental.com\/fr\/promotions\/","title":{"rendered":"Promotions"},"content":{"rendered":"<h2>Location de voiture pas cher Maurice  <\/h2>\n\n\n<div class=\"wrap plugin-container\">\n\n\t\n\t\n\t\t<div class=\"vrc-promotions-container\">\r\n\t\t\t<div class=\"vrc-promotion-details\">\r\n\t\t\t<div class=\"vrc-promotion-head\">\r\n\t\t\t\t<div class=\"vrc-promotion-name-wrap\">\r\n\t\t\t\t\t<h4 class=\"vrc-promotion-name\">Easter Special Offers<\/h4>\r\n\t\t\t\t<\/div>\r\n\t\t\t\t<div class=\"vrc-promotion-dates\">\r\n\t\t\t\t\t<div class=\"vrc-promotion-dates-left\">\r\n\t\t\t\t\t\t<div class=\"vrc-promotion-date-from\">\r\n\t\t\t\t\t\t\t<span class=\"vrc-promotion-date-label\">From<\/span>\r\n\t\t\t\t\t\t\t<span class=\"vrc-promotion-date-from-sp\">08\/04\/2026<\/span>\r\n\t\t\t\t\t\t<\/div>\r\n\t\t\t\t\t\t<div class=\"vrc-promotion-date-to\">\r\n\t\t\t\t\t\t\t<span class=\"vrc-promotion-date-label\">To<\/span>\r\n\t\t\t\t\t\t\t<span class=\"vrc-promotion-date-to-sp\">08\/05\/2026<\/span>\r\n\t\t\t\t\t\t<\/div>\r\n\t\t\t\t\t<\/div>\r\n\t\t\t\t\t<div class=\"vrc-promotion-dates-right\">\r\n\t\t\t\t\t\t\t\t\t\t\t\t<div class=\"vrc-promotion-discount\">\r\n\t\t\t\t\t\t\t<div class=\"vrc-promotion-discount-details\">\r\n\t\t\t\t\t\t\t\t\t\t\t\t\t\t\t<span class=\"vrc-promotion-discount-percent-amount\">15%<\/span>\r\n\t\t\t\t\t\t\t\t<span class=\"vrc-promotion-discount-percent-txt\">Off<\/span>\r\n\t\t\t\t\t\t\t\t\t\t\t\t\t\t\t<\/div>\r\n\t\t\t\t\t\t<\/div>\r\n\t\t\t\t\t\t\t\t\t\t\t\t<div class=\"vrc-promotion-dates-inner\">\r\n\t\t\t\t\t\t\t\t\t\t\t\t\t<div class=\"vrc-promotion-date-validuntil\">\r\n\t\t\t\t\t\t\t\t<span class=\"vrc-promotion-date-label\">Valid until<\/span>\r\n\t\t\t\t\t\t\t\t<span>08\/05\/2026<\/span>\r\n\t\t\t\t\t\t\t<\/div>\r\n\t\t\t\t\t\t\t\t\t\t\t\t\t<div class=\"vrc-promotion-date-weekdays\">\r\n\t\t\t\t\t\t\t\t\t\t\t\t\t\t\t<span class=\"vrc-promotion-date-weekday\">Sunday<\/span>\r\n\t\t\t\t\t\t\t\t\t\t\t\t\t\t\t\t<span class=\"vrc-promotion-date-weekday\">Monday<\/span>\r\n\t\t\t\t\t\t\t\t\t\t\t\t\t\t\t\t<span class=\"vrc-promotion-date-weekday\">Tuesday<\/span>\r\n\t\t\t\t\t\t\t\t\t\t\t\t\t\t\t\t<span class=\"vrc-promotion-date-weekday\">Wednesday<\/span>\r\n\t\t\t\t\t\t\t\t\t\t\t\t\t\t\t\t<span class=\"vrc-promotion-date-weekday\">Thursday<\/span>\r\n\t\t\t\t\t\t\t\t\t\t\t\t\t\t\t\t<span class=\"vrc-promotion-date-weekday\">Friday<\/span>\r\n\t\t\t\t\t\t\t\t\t\t\t\t\t\t\t\t<span class=\"vrc-promotion-date-weekday\">Saturday<\/span>\r\n\t\t\t\t\t\t\t\t\t\t\t\t\t\t\t<\/div>\r\n\t\t\t\t\t\t\t\t\t\t\t\t<\/div>\r\n\t\t\t\t\t<\/div>\r\n\t\t\t\t<\/div>\r\n\t\t\t<\/div>\r\n\t\t\t<div class=\"vrc-promotion-bottom-block\">\r\n\t\t\t\t<div class=\"vrc-promotion-description\">\r\n\t\t\t\t\t\t\t\t\t<\/div>\r\n\t\t\t\t\t\t\t<div class=\"vrc-promotion-cars-list\">\r\n\t\t\t\t\t\t\t\t\t<div class=\"vrc-promotion-car-block\">\r\n\t\t\t\t\t\t<div class=\"vrc-promotion-car-img\">\r\n\t\t\t\t\t\t\t\t\t\t\t\t\t<img decoding=\"async\" alt=\"Nissan Magnite or Similar\" src=\"https:\/\/crystal-carrental.com\/wp-content\/plugins\/vikrentcar\/admin\/resources\/vthumb_nissan_magnite_crossover_suv_crystal_car_rental_mauritius-2.webp\"\/>\r\n\t\t\t\t\t\t\t\t\t\t\t\t\t<\/div>\r\n\t\t\t\t\t\t<div class=\"vrc-promotion-car-name-wrap\">\r\n\t\t\t\t\t\t\t<h4 class=\"vrc-promotion-car-name\">Nissan Magnite or Similar<\/h4>\r\n\t\t\t\t\t\t<\/div>\r\n\t\t\t\t\t\t<div class=\"vrc-promotion-car-book-block\">\r\n\t\t\t\t\t\t\t<a class=\"btn vrc-promotion-car-book-link\" href=\"https:\/\/crystal-carrental.com\/fr\/promotions\/?option=com_vikrentcar&amp;view=cardetails&amp;carid=22&amp;pickup=1775592000&amp;promo=1\">Book it Now<\/a>\r\n\t\t\t\t\t\t<\/div>\r\n\t\t\t\t\t<\/div>\r\n\t\t\t\t\t\t\t\t\t\t\t<div class=\"vrc-promotion-car-block\">\r\n\t\t\t\t\t\t<div class=\"vrc-promotion-car-img\">\r\n\t\t\t\t\t\t\t\t\t\t\t\t\t<img decoding=\"async\" alt=\"Suzuki Baleno or Similar\" src=\"https:\/\/crystal-carrental.com\/wp-content\/plugins\/vikrentcar\/admin\/resources\/vthumb_suzuki_baleno_midsize_car_available_to_rent_at_crystal_car_mauritius.webp\"\/>\r\n\t\t\t\t\t\t\t\t\t\t\t\t\t<\/div>\r\n\t\t\t\t\t\t<div class=\"vrc-promotion-car-name-wrap\">\r\n\t\t\t\t\t\t\t<h4 class=\"vrc-promotion-car-name\">Suzuki Baleno or Similar<\/h4>\r\n\t\t\t\t\t\t<\/div>\r\n\t\t\t\t\t\t<div class=\"vrc-promotion-car-book-block\">\r\n\t\t\t\t\t\t\t<a class=\"btn vrc-promotion-car-book-link\" href=\"https:\/\/crystal-carrental.com\/fr\/promotions\/?option=com_vikrentcar&amp;view=cardetails&amp;carid=10&amp;pickup=1775592000&amp;promo=1\">Book it Now<\/a>\r\n\t\t\t\t\t\t<\/div>\r\n\t\t\t\t\t<\/div>\r\n\t\t\t\t\t\t\t\t\t\t\t<div class=\"vrc-promotion-car-block\">\r\n\t\t\t\t\t\t<div class=\"vrc-promotion-car-img\">\r\n\t\t\t\t\t\t\t\t\t\t\t\t\t<img decoding=\"async\" alt=\"Toyota Bezza or Similar\" src=\"https:\/\/crystal-carrental.com\/wp-content\/plugins\/vikrentcar\/admin\/resources\/vthumb_2crystal_cars_.webp\"\/>\r\n\t\t\t\t\t\t\t\t\t\t\t\t\t<\/div>\r\n\t\t\t\t\t\t<div class=\"vrc-promotion-car-name-wrap\">\r\n\t\t\t\t\t\t\t<h4 class=\"vrc-promotion-car-name\">Toyota Bezza or Similar<\/h4>\r\n\t\t\t\t\t\t<\/div>\r\n\t\t\t\t\t\t<div class=\"vrc-promotion-car-book-block\">\r\n\t\t\t\t\t\t\t<a class=\"btn vrc-promotion-car-book-link\" href=\"https:\/\/crystal-carrental.com\/fr\/promotions\/?option=com_vikrentcar&amp;view=cardetails&amp;carid=20&amp;pickup=1775592000&amp;promo=1\">Book it Now<\/a>\r\n\t\t\t\t\t\t<\/div>\r\n\t\t\t\t\t<\/div>\r\n\t\t\t\t\t\t\t\t\t\t\t<div class=\"vrc-promotion-car-block\">\r\n\t\t\t\t\t\t<div class=\"vrc-promotion-car-img\">\r\n\t\t\t\t\t\t\t\t\t\t\t\t\t<img decoding=\"async\" alt=\"Toyota Prius C or Similar\" src=\"https:\/\/crystal-carrental.com\/wp-content\/plugins\/vikrentcar\/admin\/resources\/vthumb_toyota_prius_hybrid_economical_car_crystal_car_rental_mauritius.webp\"\/>\r\n\t\t\t\t\t\t\t\t\t\t\t\t\t<\/div>\r\n\t\t\t\t\t\t<div class=\"vrc-promotion-car-name-wrap\">\r\n\t\t\t\t\t\t\t<h4 class=\"vrc-promotion-car-name\">Toyota Prius C or Similar<\/h4>\r\n\t\t\t\t\t\t<\/div>\r\n\t\t\t\t\t\t<div class=\"vrc-promotion-car-book-block\">\r\n\t\t\t\t\t\t\t<a class=\"btn vrc-promotion-car-book-link\" href=\"https:\/\/crystal-carrental.com\/fr\/promotions\/?option=com_vikrentcar&amp;view=cardetails&amp;carid=7&amp;pickup=1775592000&amp;promo=1\">Book it Now<\/a>\r\n\t\t\t\t\t\t<\/div>\r\n\t\t\t\t\t<\/div>\r\n\t\t\t\t\t\t\t\t\t\t\t<div class=\"vrc-promotion-car-block\">\r\n\t\t\t\t\t\t<div class=\"vrc-promotion-car-img\">\r\n\t\t\t\t\t\t\t\t\t\t\t\t\t<img decoding=\"async\" alt=\"Toyota Urban Cruiser or Similar\" src=\"https:\/\/crystal-carrental.com\/wp-content\/plugins\/vikrentcar\/admin\/resources\/vthumb_toyota_urban_cruiser_suv_cross_over_mauritius_by_crystal_car_rental_1.webp\"\/>\r\n\t\t\t\t\t\t\t\t\t\t\t\t\t<\/div>\r\n\t\t\t\t\t\t<div class=\"vrc-promotion-car-name-wrap\">\r\n\t\t\t\t\t\t\t<h4 class=\"vrc-promotion-car-name\">Toyota Urban Cruiser or Similar<\/h4>\r\n\t\t\t\t\t\t<\/div>\r\n\t\t\t\t\t\t<div class=\"vrc-promotion-car-book-block\">\r\n\t\t\t\t\t\t\t<a class=\"btn vrc-promotion-car-book-link\" href=\"https:\/\/crystal-carrental.com\/fr\/promotions\/?option=com_vikrentcar&amp;view=cardetails&amp;carid=23&amp;pickup=1775592000&amp;promo=1\">Book it Now<\/a>\r\n\t\t\t\t\t\t<\/div>\r\n\t\t\t\t\t<\/div>\r\n\t\t\t\t\t\t\t\t\t\t\t<div class=\"vrc-promotion-car-block\">\r\n\t\t\t\t\t\t<div class=\"vrc-promotion-car-img\">\r\n\t\t\t\t\t\t\t\t\t\t\t\t\t<img decoding=\"async\" alt=\"Toyota Wish or Similar\" src=\"https:\/\/crystal-carrental.com\/wp-content\/plugins\/vikrentcar\/admin\/resources\/vthumb_toyota_wish_7_seater_large_car_rental_in_mauritius_by_crystal.webp\"\/>\r\n\t\t\t\t\t\t\t\t\t\t\t\t\t<\/div>\r\n\t\t\t\t\t\t<div class=\"vrc-promotion-car-name-wrap\">\r\n\t\t\t\t\t\t\t<h4 class=\"vrc-promotion-car-name\">Toyota Wish or Similar<\/h4>\r\n\t\t\t\t\t\t<\/div>\r\n\t\t\t\t\t\t<div class=\"vrc-promotion-car-book-block\">\r\n\t\t\t\t\t\t\t<a class=\"btn vrc-promotion-car-book-link\" href=\"https:\/\/crystal-carrental.com\/fr\/promotions\/?option=com_vikrentcar&amp;view=cardetails&amp;carid=2&amp;pickup=1775592000&amp;promo=1\">Book it Now<\/a>\r\n\t\t\t\t\t\t<\/div>\r\n\t\t\t\t\t<\/div>\r\n\t\t\t\t\t\t\t\t\t\t<\/div>\r\n\t\t\t\t\t\t\t<\/div>\r\n\t\t<\/div>\r\n\t\t\t\t<div class=\"vrc-promotion-details\">\r\n\t\t\t<div class=\"vrc-promotion-head\">\r\n\t\t\t\t<div class=\"vrc-promotion-name-wrap\">\r\n\t\t\t\t\t<h4 class=\"vrc-promotion-name\">Easter Offers<\/h4>\r\n\t\t\t\t<\/div>\r\n\t\t\t\t<div class=\"vrc-promotion-dates\">\r\n\t\t\t\t\t<div class=\"vrc-promotion-dates-left\">\r\n\t\t\t\t\t\t<div class=\"vrc-promotion-date-from\">\r\n\t\t\t\t\t\t\t<span class=\"vrc-promotion-date-label\">From<\/span>\r\n\t\t\t\t\t\t\t<span class=\"vrc-promotion-date-from-sp\">08\/04\/2026<\/span>\r\n\t\t\t\t\t\t<\/div>\r\n\t\t\t\t\t\t<div class=\"vrc-promotion-date-to\">\r\n\t\t\t\t\t\t\t<span class=\"vrc-promotion-date-label\">To<\/span>\r\n\t\t\t\t\t\t\t<span class=\"vrc-promotion-date-to-sp\">08\/05\/2026<\/span>\r\n\t\t\t\t\t\t<\/div>\r\n\t\t\t\t\t<\/div>\r\n\t\t\t\t\t<div class=\"vrc-promotion-dates-right\">\r\n\t\t\t\t\t\t\t\t\t\t\t\t<div class=\"vrc-promotion-discount\">\r\n\t\t\t\t\t\t\t<div class=\"vrc-promotion-discount-details\">\r\n\t\t\t\t\t\t\t\t\t\t\t\t\t\t\t<span class=\"vrc-promotion-discount-percent-amount\">10%<\/span>\r\n\t\t\t\t\t\t\t\t<span class=\"vrc-promotion-discount-percent-txt\">Off<\/span>\r\n\t\t\t\t\t\t\t\t\t\t\t\t\t\t\t<\/div>\r\n\t\t\t\t\t\t<\/div>\r\n\t\t\t\t\t\t\t\t\t\t\t\t<div class=\"vrc-promotion-dates-inner\">\r\n\t\t\t\t\t\t\t\t\t\t\t\t\t<div class=\"vrc-promotion-date-validuntil\">\r\n\t\t\t\t\t\t\t\t<span class=\"vrc-promotion-date-label\">Valid until<\/span>\r\n\t\t\t\t\t\t\t\t<span>08\/05\/2026<\/span>\r\n\t\t\t\t\t\t\t<\/div>\r\n\t\t\t\t\t\t\t\t\t\t\t\t\t<div class=\"vrc-promotion-date-weekdays\">\r\n\t\t\t\t\t\t\t\t\t\t\t\t\t\t\t<span class=\"vrc-promotion-date-weekday\">Sunday<\/span>\r\n\t\t\t\t\t\t\t\t\t\t\t\t\t\t\t\t<span class=\"vrc-promotion-date-weekday\">Monday<\/span>\r\n\t\t\t\t\t\t\t\t\t\t\t\t\t\t\t\t<span class=\"vrc-promotion-date-weekday\">Tuesday<\/span>\r\n\t\t\t\t\t\t\t\t\t\t\t\t\t\t\t\t<span class=\"vrc-promotion-date-weekday\">Wednesday<\/span>\r\n\t\t\t\t\t\t\t\t\t\t\t\t\t\t\t\t<span class=\"vrc-promotion-date-weekday\">Thursday<\/span>\r\n\t\t\t\t\t\t\t\t\t\t\t\t\t\t\t\t<span class=\"vrc-promotion-date-weekday\">Friday<\/span>\r\n\t\t\t\t\t\t\t\t\t\t\t\t\t\t\t\t<span class=\"vrc-promotion-date-weekday\">Saturday<\/span>\r\n\t\t\t\t\t\t\t\t\t\t\t\t\t\t\t<\/div>\r\n\t\t\t\t\t\t\t\t\t\t\t\t<\/div>\r\n\t\t\t\t\t<\/div>\r\n\t\t\t\t<\/div>\r\n\t\t\t<\/div>\r\n\t\t\t<div class=\"vrc-promotion-bottom-block\">\r\n\t\t\t\t<div class=\"vrc-promotion-description\">\r\n\t\t\t\t\t\t\t\t\t<\/div>\r\n\t\t\t\t\t\t\t<div class=\"vrc-promotion-cars-list\">\r\n\t\t\t\t\t\t\t\t\t<div class=\"vrc-promotion-car-block\">\r\n\t\t\t\t\t\t<div class=\"vrc-promotion-car-img\">\r\n\t\t\t\t\t\t\t\t\t\t\t\t\t<img decoding=\"async\" alt=\"Kia Picanto or Similar\" src=\"https:\/\/crystal-carrental.com\/wp-content\/plugins\/vikrentcar\/admin\/resources\/vthumb_kia_picanto_car_rental_mauritius_crystal_cheap_car_rental_location_de_voiture.webp\"\/>\r\n\t\t\t\t\t\t\t\t\t\t\t\t\t<\/div>\r\n\t\t\t\t\t\t<div class=\"vrc-promotion-car-name-wrap\">\r\n\t\t\t\t\t\t\t<h4 class=\"vrc-promotion-car-name\">Kia Picanto or Similar<\/h4>\r\n\t\t\t\t\t\t<\/div>\r\n\t\t\t\t\t\t<div class=\"vrc-promotion-car-book-block\">\r\n\t\t\t\t\t\t\t<a class=\"btn vrc-promotion-car-book-link\" href=\"https:\/\/crystal-carrental.com\/fr\/promotions\/?option=com_vikrentcar&amp;view=cardetails&amp;carid=4&amp;pickup=1775592000&amp;promo=1\">Book it Now<\/a>\r\n\t\t\t\t\t\t<\/div>\r\n\t\t\t\t\t<\/div>\r\n\t\t\t\t\t\t\t\t\t\t\t<div class=\"vrc-promotion-car-block\">\r\n\t\t\t\t\t\t<div class=\"vrc-promotion-car-img\">\r\n\t\t\t\t\t\t\t\t\t\t\t\t\t<img decoding=\"async\" alt=\"Suzuki S-Presso or Similar\" src=\"https:\/\/crystal-carrental.com\/wp-content\/plugins\/vikrentcar\/admin\/resources\/vthumb_1crystal_cars_.webp\"\/>\r\n\t\t\t\t\t\t\t\t\t\t\t\t\t<\/div>\r\n\t\t\t\t\t\t<div class=\"vrc-promotion-car-name-wrap\">\r\n\t\t\t\t\t\t\t<h4 class=\"vrc-promotion-car-name\">Suzuki S-Presso or Similar<\/h4>\r\n\t\t\t\t\t\t<\/div>\r\n\t\t\t\t\t\t<div class=\"vrc-promotion-car-book-block\">\r\n\t\t\t\t\t\t\t<a class=\"btn vrc-promotion-car-book-link\" href=\"https:\/\/crystal-carrental.com\/fr\/promotions\/?option=com_vikrentcar&amp;view=cardetails&amp;carid=19&amp;pickup=1775592000&amp;promo=1\">Book it Now<\/a>\r\n\t\t\t\t\t\t<\/div>\r\n\t\t\t\t\t<\/div>\r\n\t\t\t\t\t\t\t\t\t\t\t<div class=\"vrc-promotion-car-block\">\r\n\t\t\t\t\t\t<div class=\"vrc-promotion-car-img\">\r\n\t\t\t\t\t\t\t\t\t\t\t\t\t<img decoding=\"async\" alt=\"Suzuki Swift or Similar\" src=\"https:\/\/crystal-carrental.com\/wp-content\/plugins\/vikrentcar\/admin\/resources\/vthumb_swift_blue.webp\"\/>\r\n\t\t\t\t\t\t\t\t\t\t\t\t\t<\/div>\r\n\t\t\t\t\t\t<div class=\"vrc-promotion-car-name-wrap\">\r\n\t\t\t\t\t\t\t<h4 class=\"vrc-promotion-car-name\">Suzuki Swift or Similar<\/h4>\r\n\t\t\t\t\t\t<\/div>\r\n\t\t\t\t\t\t<div class=\"vrc-promotion-car-book-block\">\r\n\t\t\t\t\t\t\t<a class=\"btn vrc-promotion-car-book-link\" href=\"https:\/\/crystal-carrental.com\/fr\/promotions\/?option=com_vikrentcar&amp;view=cardetails&amp;carid=11&amp;pickup=1775592000&amp;promo=1\">Book it Now<\/a>\r\n\t\t\t\t\t\t<\/div>\r\n\t\t\t\t\t<\/div>\r\n\t\t\t\t\t\t\t\t\t\t<\/div>\r\n\t\t\t\t\t\t\t<\/div>\r\n\t\t<\/div>\r\n\t\t\t<\/div>\r\n\t\n<\/div>\n\n\n\n\n<p class=\"\">Dans cette section de notre site, vous trouverez toutes les offres de location de voiture \u00e0 Maurice les plus r\u00e9centes et les moins ch\u00e8res. Nous r\u00e9pertorions toutes les derni\u00e8res offres et promotions de location de voiture les moins ch\u00e8res. Tr\u00e8s souvent, nous proposons des tarifs sp\u00e9ciaux, principalement en dehors de la saison de pointe. Ces offres sont id\u00e9ales pour ceux qui cherchent une location de voiture pas ch\u00e8re \u00e0 l'\u00eele Maurice et qui veulent faire une bonne affaire.  <\/p>\n\n\n\n<p class=\"\">Nos v\u00e9hicules de location sont parmi les moins chers de l'\u00eele Maurice. Nous op\u00e9rons en tant qu'entreprise locale ind\u00e9pendante et nous sommes en mesure d'ajuster nos prix facilement. Ceci est principalement d\u00fb au fait que nos frais g\u00e9n\u00e9raux sont beaucoup moins \u00e9lev\u00e9s que ceux d'autres franchises bien connues. De plus, le fait que nous ne soyons pas une agence tierce nous permet de proposer \u00e0 nos clients le meilleur tarif possible sur le march\u00e9.  <\/p>\n\n\n\n<p class=\"\">Pour ceux qui souhaitent louer \u00e0 plus long terme, nous devrons alors personnaliser une offre sp\u00e9cifique en fonction de vos besoins ou de la dur\u00e9e de la location.  <a href=\"https:\/\/crystal-carrental.com\/long-term-car-rental\/\">Cliquez ici<\/a> et visitez notre page location de voiture \u00e0 long terme, remplissez le formulaire avec tous vos d\u00e9tails et nous nous assurerons de vous r\u00e9pondre dans les plus brefs d\u00e9lais.<\/p>\n\n\n\n<p class=\"\">Nous sommes \u00e9galement d\u00e9sireux d'\u00e9tendre nos activit\u00e9s dans le futur et cherchons \u00e0 avoir notre propre comptoir personnel \u00e0 l'a\u00e9roport SSR de l'\u00eele Maurice et ainsi \u00eatre en mesure de rivaliser avec d'autres soci\u00e9t\u00e9s de location de voitures \u00e0 l'\u00eele Maurice, <a href=\"https:\/\/mauritius-airport.atol.aero\/passengers\/to-from-airport\/hire-a-car\" target=\"_blank\" rel=\"noopener\">cliquez ici<\/a> pour voir pour plus d'informations. Cela nous permettra de proposer nos offres de location de voitures et nos promotions \u00e0 travers un r\u00e9seau plus large et d'avoir acc\u00e8s \u00e0 plus de clients.  <\/p>\n\n\n\n<p class=\"\"><a href=\"https:\/\/crystal-carrental.com\/fr\/\">Crystal car rental in Mauritius<\/a> est aujourd'hui une soci\u00e9t\u00e9 de location de voitures en pleine expansion sur l'\u00eele, elle a acquis une large gamme de v\u00e9hicules. Ceci s'ajoute \u00e0 de nombreux avantages tels que l'absence de d\u00e9p\u00f4t de garantie \u00e0 l'avance, contrairement \u00e0 ce que font d'autres soci\u00e9t\u00e9s de location de voitures \u00e0 l'\u00eele Maurice. Notre objectif est de proposer \u00e0 nos clients la meilleure offre possible et le meilleur rapport qualit\u00e9-prix.<\/p>\n","protected":false},"excerpt":{"rendered":"<p>Location de voiture pas cher Maurice Dans cette section de notre site, vous trouverez toutes les offres de location de voiture \u00e0 Maurice les plus r\u00e9centes et les moins ch\u00e8res. Nous r\u00e9pertorions toutes les derni\u00e8res offres et promotions de location de voiture les moins ch\u00e8res. Tr\u00e8s souvent, nous proposons des tarifs sp\u00e9ciaux, principalement en dehors &hellip; <\/p>\n<p class=\"link-more\"><a href=\"https:\/\/crystal-carrental.com\/fr\/promotions\/\" class=\"more-link\"><span class=\"screen-reader-text\"> prova \"Promotions\"<\/span><\/a><\/p>\n","protected":false},"author":1,"featured_media":1496,"parent":0,"menu_order":0,"comment_status":"closed","ping_status":"closed","template":"","meta":{"_monsterinsights_skip_tracking":false,"_monsterinsights_sitenote_active":false,"_monsterinsights_sitenote_note":"","_monsterinsights_sitenote_category":0,"footnotes":""},"class_list":["post-1587","page","type-page","status-publish","has-post-thumbnail","hentry"],"_links":{"self":[{"href":"https:\/\/crystal-carrental.com\/fr\/wp-json\/wp\/v2\/pages\/1587","targetHints":{"allow":["GET"]}}],"collection":[{"href":"https:\/\/crystal-carrental.com\/fr\/wp-json\/wp\/v2\/pages"}],"about":[{"href":"https:\/\/crystal-carrental.com\/fr\/wp-json\/wp\/v2\/types\/page"}],"author":[{"embeddable":true,"href":"https:\/\/crystal-carrental.com\/fr\/wp-json\/wp\/v2\/users\/1"}],"replies":[{"embeddable":true,"href":"https:\/\/crystal-carrental.com\/fr\/wp-json\/wp\/v2\/comments?post=1587"}],"version-history":[{"count":2,"href":"https:\/\/crystal-carrental.com\/fr\/wp-json\/wp\/v2\/pages\/1587\/revisions"}],"predecessor-version":[{"id":2138,"href":"https:\/\/crystal-carrental.com\/fr\/wp-json\/wp\/v2\/pages\/1587\/revisions\/2138"}],"wp:featuredmedia":[{"embeddable":true,"href":"https:\/\/crystal-carrental.com\/fr\/wp-json\/wp\/v2\/media\/1496"}],"wp:attachment":[{"href":"https:\/\/crystal-carrental.com\/fr\/wp-json\/wp\/v2\/media?parent=1587"}],"curies":[{"name":"wp","href":"https:\/\/api.w.org\/{rel}","templated":true}]}}