{"id":1585,"date":"2023-06-17T06:27:40","date_gmt":"2023-06-17T02:27:40","guid":{"rendered":"https:\/\/crystal-carrental.com\/location-de-voiture-a-long-terme-maurice\/"},"modified":"2024-04-16T22:36:43","modified_gmt":"2024-04-16T18:36:43","slug":"location-de-voiture-a-long-terme-maurice","status":"publish","type":"page","link":"https:\/\/crystal-carrental.com\/fr\/location-de-voiture-a-long-terme-maurice\/","title":{"rendered":"Location de voiture \u00e0 long terme Maurice"},"content":{"rendered":"<style>\/*! elementor - v3.14.0 - 18-06-2023 *\/<br \/>\n.elementor-heading-title{padding:0;margin:0;line-height:1}.elementor-widget-heading .elementor-heading-title[class*=elementor-size-]&gt;a{color:inherit;font-size:inherit;line-height:inherit}.elementor-widget-heading .elementor-heading-title.elementor-size-small{font-size:15px}.elementor-widget-heading .elementor-heading-title.elementor-size-medium{font-size:19px}.elementor-widget-heading .elementor-heading-title.elementor-size-large{font-size:29px}.elementor-widget-heading .elementor-heading-title.elementor-size-xl{font-size:39px}.elementor-widget-heading .elementor-heading-title.elementor-size-xxl{font-size:59px}<\/style>\n<h1>Vous cherchez une location de voiture \u00e0 long terme \u00e0 l'\u00eele Maurice ?<\/h1>\n<p>Vous avez besoin d'un v\u00e9hicule pour plus de deux mois ?<\/p>\n<p>Nous proposons des prix avantageux pour vos besoins de location \u00e0 long terme et nous nous adaptons \u00e0 vos demandes sp\u00e9cifiques.<\/p>\n<p>Notre personnel de vente se fera un plaisir de vous aider \u00e0 trouver une solution sur mesure.<\/p>\n<p>Veuillez remplir le formulaire ci-dessous pour en faire la demande.<\/p>\n<h4><\/h4>\n\n<div class=\"wpcf7 no-js\" id=\"wpcf7-f93-o1\" lang=\"en-US\" dir=\"ltr\" data-wpcf7-id=\"93\">\n<div class=\"screen-reader-response\"><p role=\"status\" aria-live=\"polite\" aria-atomic=\"true\"><\/p> <ul><\/ul><\/div>\n<form action=\"\/fr\/wp-json\/wp\/v2\/pages\/1585#wpcf7-f93-o1\" method=\"post\" class=\"wpcf7-form init\" aria-label=\"Contact form\" novalidate=\"novalidate\" data-status=\"init\">\n<fieldset class=\"hidden-fields-container\"><input type=\"hidden\" name=\"_wpcf7\" value=\"93\" \/><input type=\"hidden\" name=\"_wpcf7_version\" value=\"6.1.5\" \/><input type=\"hidden\" name=\"_wpcf7_locale\" value=\"en_US\" \/><input type=\"hidden\" name=\"_wpcf7_unit_tag\" value=\"wpcf7-f93-o1\" \/><input type=\"hidden\" name=\"_wpcf7_container_post\" value=\"0\" \/><input type=\"hidden\" name=\"_wpcf7_posted_data_hash\" value=\"\" \/>\n<\/fieldset>\n<div class=\"row\">\n\t<div class=\"col-md-6 col-sm-6\">\n\t\t<div class=\"form-group\">\n\t\t\t<div class=\"form-group\">\n\t\t\t\t<div class=\"contact-us-label\">\n\t\t\t\t\t<p>Your message\n\t\t\t\t\t<\/p>\n\t\t\t\t<\/div>\n\t\t\t\t<p><span class=\"wpcf7-form-control-wrap\" data-name=\"message\"><textarea cols=\"40\" rows=\"10\" maxlength=\"2000\" class=\"wpcf7-form-control wpcf7-textarea\" aria-invalid=\"false\" placeholder=\"Enter Your message...\" name=\"message\"><\/textarea><\/span>\n\t\t\t\t<\/p>\n\t\t\t<\/div>\n\t\t<\/div>\n\t<\/div>\n\t<div class=\"col-md-6 col-sm-6\">\n\t\t<div class=\"form-group\">\n\t\t\t<div class=\"contact-us-label\">\n\t\t\t\t<p>FIRST NAME*\n\t\t\t\t<\/p>\n\t\t\t<\/div>\n\t\t\t<p><span class=\"wpcf7-form-control-wrap\" data-name=\"your-name\"><input size=\"40\" maxlength=\"400\" class=\"wpcf7-form-control wpcf7-text wpcf7-validates-as-required\" aria-required=\"true\" aria-invalid=\"false\" placeholder=\"Enter your first name\" value=\"\" type=\"text\" name=\"your-name\" \/><\/span>\n\t\t\t<\/p>\n\t\t<\/div>\n\t\t<div class=\"form-group\">\n\t\t\t<div class=\"contact-us-label\">\n\t\t\t\t<p>EMAIL*\n\t\t\t\t<\/p>\n\t\t\t<\/div>\n\t\t\t<p><span class=\"wpcf7-form-control-wrap\" data-name=\"email\"><input size=\"40\" maxlength=\"400\" class=\"wpcf7-form-control wpcf7-email wpcf7-validates-as-required wpcf7-text wpcf7-validates-as-email\" aria-required=\"true\" aria-invalid=\"false\" placeholder=\"email@domain.com\" value=\"\" type=\"email\" name=\"email\" \/><\/span>\n\t\t\t<\/p>\n\t\t<\/div>\n\t\t<div class=\"contact-us-submit\">\n\t\t\t<p><input class=\"wpcf7-form-control wpcf7-submit has-spinner contact-us-submit\" type=\"submit\" value=\"Submit\" \/>\n\t\t\t<\/p>\n\t\t<\/div>\n\t<\/div>\n<\/div><div class=\"wpcf7-response-output\" aria-hidden=\"true\"><\/div>\n<\/form>\n<\/div>\n\n<p>Nos locations de voitures \u00e0 long terme \u00e0 l'\u00eele Maurice sont id\u00e9ales pour les clients qui souhaitent louer un v\u00e9hicule \u00e0 long terme \u00e0 un prix mensuel fixe. C'est la location de voiture \u00e0 long terme la moins ch\u00e8re de l'\u00eele Maurice. En outre, nous sommes en mesure de personnaliser un paquet pour nos clients en fonction de leurs besoins et de leurs exigences.<\/p>\n<p>Chez <a href=\"https:\/\/crystal-carrental.com\/fr\/\">Crystal car rental<\/a>, nous sommes s\u00fbrs que vous obtiendrez la meilleure offre possible. En outre, nous proposons une large gamme d'options de location mensuelle de voitures qui, nous en sommes s\u00fbrs, vous conviendront parfaitement. De plus, nous proposons la <a style=\"font-family: var( --e-global-typography-text-font-family ), Sans-serif; font-weight: var( --e-global-typography-text-font-weight ); text-align: var(--text-align); background-color: #ffffff;\" href=\"https:\/\/crystal-carrental.com\/fr\/recherche\/\" target=\"_blank\" rel=\"noopener\">location de voitures \u00e0 l'a\u00e9roport de l'\u00eele Maurice<\/a>. Vous pouvez voir tous nos emplacements sur notre page car nous livrons dans toute l'\u00eele. Vous pouvez consulter la page d'<a href=\"https:\/\/www.airmauritius.com\/\" target=\"_blank\" rel=\"noopener\">Air Mauritius<\/a> si vous avez besoin de plus d'informations concernant les installations a\u00e9roportuaires \u00e0 l'arriv\u00e9e, le wifi est disponible \u00e0 l'arriv\u00e9e \u00e0 l'a\u00e9roport.<\/p>\n<p>En fonction des besoins des clients, nous adapterons un tarif sp\u00e9cial pour les clients souhaitant une location de voiture \u00e0 long terme. Sur cette page, il vous sera demand\u00e9 de remplir vos donn\u00e9es personnelles et de fournir des informations d\u00e9taill\u00e9es sur votre besoin de location de voiture. En outre, indiquez principalement le type de v\u00e9hicule que vous souhaitez louer et la dur\u00e9e du s\u00e9jour pour laquelle vous avez besoin du v\u00e9hicule. Par ailleurs, toute information compl\u00e9mentaire nous aidera \u00e0 r\u00e9pondre \u00e0 vos besoins sp\u00e9cifiques.<\/p>\n","protected":false},"excerpt":{"rendered":"<p>Vous cherchez une location de voiture \u00e0 long terme \u00e0 l'\u00eele Maurice ? Vous avez besoin d'un v\u00e9hicule pour plus de deux mois ? Nous proposons des prix avantageux pour vos besoins de location \u00e0 long terme et nous nous adaptons \u00e0 vos demandes sp\u00e9cifiques. Notre personnel de vente se fera un plaisir de vous &hellip; <\/p>\n<p class=\"link-more\"><a href=\"https:\/\/crystal-carrental.com\/fr\/location-de-voiture-a-long-terme-maurice\/\" class=\"more-link\"><span class=\"screen-reader-text\"> prova \"Location de voiture \u00e0 long terme Maurice\"<\/span><\/a><\/p>\n","protected":false},"author":1,"featured_media":1490,"parent":0,"menu_order":0,"comment_status":"closed","ping_status":"closed","template":"","meta":{"_monsterinsights_skip_tracking":false,"_monsterinsights_sitenote_active":false,"_monsterinsights_sitenote_note":"","_monsterinsights_sitenote_category":0,"footnotes":""},"class_list":["post-1585","page","type-page","status-publish","has-post-thumbnail","hentry"],"_links":{"self":[{"href":"https:\/\/crystal-carrental.com\/fr\/wp-json\/wp\/v2\/pages\/1585","targetHints":{"allow":["GET"]}}],"collection":[{"href":"https:\/\/crystal-carrental.com\/fr\/wp-json\/wp\/v2\/pages"}],"about":[{"href":"https:\/\/crystal-carrental.com\/fr\/wp-json\/wp\/v2\/types\/page"}],"author":[{"embeddable":true,"href":"https:\/\/crystal-carrental.com\/fr\/wp-json\/wp\/v2\/users\/1"}],"replies":[{"embeddable":true,"href":"https:\/\/crystal-carrental.com\/fr\/wp-json\/wp\/v2\/comments?post=1585"}],"version-history":[{"count":1,"href":"https:\/\/crystal-carrental.com\/fr\/wp-json\/wp\/v2\/pages\/1585\/revisions"}],"predecessor-version":[{"id":2141,"href":"https:\/\/crystal-carrental.com\/fr\/wp-json\/wp\/v2\/pages\/1585\/revisions\/2141"}],"wp:featuredmedia":[{"embeddable":true,"href":"https:\/\/crystal-carrental.com\/fr\/wp-json\/wp\/v2\/media\/1490"}],"wp:attachment":[{"href":"https:\/\/crystal-carrental.com\/fr\/wp-json\/wp\/v2\/media?parent=1585"}],"curies":[{"name":"wp","href":"https:\/\/api.w.org\/{rel}","templated":true}]}}