{"id":1578,"date":"2023-04-23T06:57:31","date_gmt":"2023-04-23T02:57:31","guid":{"rendered":"https:\/\/crystal-carrental.com\/nous-contacter\/"},"modified":"2024-04-17T10:23:24","modified_gmt":"2024-04-17T06:23:24","slug":"nous-contacter","status":"publish","type":"page","link":"https:\/\/crystal-carrental.com\/fr\/nous-contacter\/","title":{"rendered":"Nous contacter"},"content":{"rendered":"<p>\n\n<p>Chez <a href=\"https:\/\/crystal-carrental.com\/fr\/nos-voitures\/\">Crystal Car Rental<\/a>, nous sommes fiers d'offrir un service \u00e0 la client\u00e8le exceptionnel. Notre personnel amical est toujours disponible pour r\u00e9pondre \u00e0 vos questions ou \u00e0 vos pr\u00e9occupations. Que vous ayez besoin d'aide pour votre location ou que vous ayez une question d'ordre g\u00e9n\u00e9ral, notre \u00e9quipe est l\u00e0 pour vous aider. Nous nous effor\u00e7ons de faire en sorte que votre exp\u00e9rience avec nous soit tout simplement excellente. Utilisez notre page \"contactez-nous\" pour nous contacter si vous avez des questions concernant la location d'une voiture chez nous.<\/p>\n<p>\u00a0<\/p>\n\n<\/p>\n<p>\n\n\n<p>Nous avons \u00e9galement mis en place sur notre site une page <a href=\"https:\/\/crystal-carrental.com\/fr\/questions-frequemment-posees\/\" target=\"_blank\" rel=\"noopener\">FAQ<\/a> (Foire aux questions). Cette page a \u00e9t\u00e9 con\u00e7ue pour r\u00e9pondre aux questions les plus courantes. Ces informations peuvent \u00eatre recherch\u00e9es par les clients avant de louer un v\u00e9hicule \u00e0 l'\u00eele Maurice. C'est pourquoi nous avons rassembl\u00e9 16 points cl\u00e9s dans notre Foire aux questions.<\/p>\n<p><\/p>\n\n\n<\/p>\n<p>\n\n\n<p>En outre, nous avons fourni de nombreux articles et blogs pertinents sur notre page Facebook contact us car rental Mauritius, <a href=\"https:\/\/www.facebook.com\/crystalcarsmauritius\/\" target=\"_blank\" rel=\"noreferrer noopener\">cliquez ici<\/a>. Une autre question importante et fr\u00e9quente que nous recevons souvent concerne notre option de renonciation \u00e0 l'assurance. Aujourd'hui, nous sommes heureux de pouvoir enfin offrir \u00e0 nos clients la possibilit\u00e9 de r\u00e9duire leur risque d'exc\u00e8s en achetant une assurance premium en guise de garantie. Pour plus d'informations sur la protection de la franchise d'assurance, veuillez<a href=\"https:\/\/crystal-carrental.com\/fr\/couverture-de-la-franchise-dassurance\/\" target=\"_blank\" rel=\"noopener\">cliquer ici.<\/a> <\/p>\n<p>En cas de question urgente, nous sommes toujours joignables par t\u00e9l\u00e9phone pendant les heures de bureau. Cette fonctionnalit\u00e9 est donc disponible pour ceux qui utilisent l'application Watts. Discutez avec nous aujourd'hui sur whatsapp, <a href=\"https:\/\/api.whatsapp.com\/send\/?phone=23058018068\" target=\"_blank\" rel=\"noopener\">cliquez ici<\/a>. Par la suite, nos repr\u00e9sentants commerciaux sont s\u00fbrs d'\u00eatre \u00e0 port\u00e9e de main pour r\u00e9pondre instantan\u00e9ment \u00e0 toute question.  <\/p>\n<p><\/p>\n\n\n<\/p>","protected":false},"excerpt":{"rendered":"<p>Chez Crystal Car Rental, nous sommes fiers d'offrir un service \u00e0 la client\u00e8le exceptionnel. Notre personnel amical est toujours disponible pour r\u00e9pondre \u00e0 vos questions ou \u00e0 vos pr\u00e9occupations. Que vous ayez besoin d'aide pour votre location ou que vous ayez une question d'ordre g\u00e9n\u00e9ral, notre \u00e9quipe est l\u00e0 pour vous aider. Nous nous effor\u00e7ons &hellip; <\/p>\n<p class=\"link-more\"><a href=\"https:\/\/crystal-carrental.com\/fr\/nous-contacter\/\" class=\"more-link\"><span class=\"screen-reader-text\"> prova \"Nous contacter\"<\/span><\/a><\/p>\n","protected":false},"author":1,"featured_media":1492,"parent":0,"menu_order":0,"comment_status":"closed","ping_status":"closed","template":"","meta":{"_monsterinsights_skip_tracking":false,"_monsterinsights_sitenote_active":false,"_monsterinsights_sitenote_note":"","_monsterinsights_sitenote_category":0,"footnotes":""},"class_list":["post-1578","page","type-page","status-publish","has-post-thumbnail","hentry"],"_links":{"self":[{"href":"https:\/\/crystal-carrental.com\/fr\/wp-json\/wp\/v2\/pages\/1578","targetHints":{"allow":["GET"]}}],"collection":[{"href":"https:\/\/crystal-carrental.com\/fr\/wp-json\/wp\/v2\/pages"}],"about":[{"href":"https:\/\/crystal-carrental.com\/fr\/wp-json\/wp\/v2\/types\/page"}],"author":[{"embeddable":true,"href":"https:\/\/crystal-carrental.com\/fr\/wp-json\/wp\/v2\/users\/1"}],"replies":[{"embeddable":true,"href":"https:\/\/crystal-carrental.com\/fr\/wp-json\/wp\/v2\/comments?post=1578"}],"version-history":[{"count":2,"href":"https:\/\/crystal-carrental.com\/fr\/wp-json\/wp\/v2\/pages\/1578\/revisions"}],"predecessor-version":[{"id":2155,"href":"https:\/\/crystal-carrental.com\/fr\/wp-json\/wp\/v2\/pages\/1578\/revisions\/2155"}],"wp:featuredmedia":[{"embeddable":true,"href":"https:\/\/crystal-carrental.com\/fr\/wp-json\/wp\/v2\/media\/1492"}],"wp:attachment":[{"href":"https:\/\/crystal-carrental.com\/fr\/wp-json\/wp\/v2\/media?parent=1578"}],"curies":[{"name":"wp","href":"https:\/\/api.w.org\/{rel}","templated":true}]}}