{"id":1572,"date":"2023-04-23T06:56:56","date_gmt":"2023-04-23T02:56:56","guid":{"rendered":"https:\/\/crystal-carrental.com\/a-propos-de-nous\/"},"modified":"2024-04-29T23:08:36","modified_gmt":"2024-04-29T19:08:36","slug":"a-propos-de-nous","status":"publish","type":"page","link":"https:\/\/crystal-carrental.com\/fr\/a-propos-de-nous\/","title":{"rendered":"\u00c0 propos de nous"},"content":{"rendered":"<\/p>\n\n\n<h3 class=\"wp-block-heading\">\u00c0 propos de nous - Crystal Car Rental<\/h3>\n<p>\n<\/p><\/p>\n<p>Crystal car rental, bas\u00e9e \u00e0 l'\u00eele Maurice, est une soci\u00e9t\u00e9 de location de voitures de premier plan. \u00c9tabli depuis 1989, notre devise est d'assurer un service de haute qualit\u00e9 \u00e0 nos clients avec une touche d'hospitalit\u00e9 mauricienne. Nos coll\u00e8gues de <a href=\"https:\/\/crystal-carrental.com\/fr\/\">Crystal Car Rental Mauritius<\/a> sont \u00e0 votre disposition pour r\u00e9pondre \u00e0 toutes vos questions. Parcourez notre gamme de v\u00e9hicules soigneusement s\u00e9lectionn\u00e9s et propos\u00e9s en ligne \u00e0 un prix tr\u00e8s comp\u00e9titif. Tout en offrant un excellent service \u00e0 nos clients. De plus, notre page d'\u00e9valuation des clients montre que nous sommes une entreprise r\u00e9put\u00e9e, dot\u00e9e d'un excellent code de conduite. Crystal Car Rentals s'efforce de fournir des v\u00e9hicules de qualit\u00e9 \u00e0 un prix comp\u00e9titif.<\/p>\n<h5><b>Marque \u00e9tablie <\/b><\/h5><\/p>\n\n\n<p>Crystal Car Rental est aujourd'hui un nom familier pour les touristes et les voyageurs. En tant que marque \u00e9tablie, reconnue au niveau national \u00e0 Maurice. Nous consid\u00e9rons nos clients comme des membres \u00e0 part enti\u00e8re de notre famille. Pour l'essentiel, \u00e0 l'heure actuelle, Crystal Car Rental continue de se d\u00e9velopper et de s'efforcer de r\u00e9ussir. Nous avons donc bas\u00e9 notre concept commercial sur notre exp\u00e9rience et notre interaction avec les clients pour nous assurer que nous fournissons le meilleur service de location de voitures \u00e0 l'\u00eele Maurice.<\/p>\n<p>\n<\/p><\/p>\n\n\n<p>Aujourd'hui, notre vaste installation et notre flotte de v\u00e9hicules nous permettent de livrer des voitures dans toute l'\u00eele, garantissant ainsi que votre exp\u00e9rience de l'\u00eele Maurice soit la meilleure possible. Pour r\u00e9pondre aux besoins de nos clients, nous proposons des services de prise en charge et de d\u00e9pose \u00e0 l'a\u00e9roport. Notre collection de SUV et de petites voitures est enti\u00e8rement climatis\u00e9e, entretenue et dot\u00e9e d'une transmission automatique facile \u00e0 utiliser.<\/p>\n<p>\n<\/p><\/p>\n\n\n<p>Nous nous engageons en faveur du d\u00e9veloppement durable non seulement parce que c'est bon pour les affaires. Mais aussi parce que nous croyons en la protection de notre belle \u00eele. Toutes nos voitures ont \u00e9t\u00e9 soigneusement s\u00e9lectionn\u00e9es pour r\u00e9duire au maximum les \u00e9missions de CO2.<\/p>\n<h5>Long Term car rental in Mauritius<\/h5>\n<p>\n<\/p><\/p>\n\n\n<p>Pour les locations \u00e0 long ou \u00e0 court terme, veuillez nous contacter et un membre de notre \u00e9quipe vous aidera. Par ailleurs, notre site web est con\u00e7u pour r\u00e9pondre \u00e0 tous vos besoins. Par la suite, vous pouvez en savoir plus sur notre location de voiture \u00e0 long terme \u00e0 l'\u00eele Maurice sur notre page, <a href=\"https:\/\/crystal-carrental.com\/fr\/location-de-voiture-a-long-terme-maurice\/\" target=\"_blank\" rel=\"noopener\">cliquez ici<\/a>.<\/p>\n<p>\n<\/p><\/p>\n\n\n<p>Pour les touristes et les voyageurs, Crystal Car Rental est devenu un nom familier. \u00c0 Maurice, nous avons une marque bien \u00e9tablie et bien connue. Nous traitons nos clients et nos consommateurs comme s'ils \u00e9taient des membres de notre famille. Crystal Car Rental continue de se d\u00e9velopper et de viser le succ\u00e8s. Par exemple, notre mod\u00e8le d'entreprise est fond\u00e9 sur notre expertise et nos interactions avec les clients. Tout en s'assurant que nous offrons le meilleur service de location de voitures \u00e0 l'\u00eele Maurice.<\/p>\n<p>Nous disposons \u00e9galement d'une cha\u00eene de logements \u00e0 louer \u00e0 l'\u00eele Maurice au sein du groupe Crystal. Si vous souhaitez \u00e9galement rechercher un lieu de r\u00e9sidence, vous pouvez consulter notre page <a href=\"https:\/\/crystalproperties.mu\/\" target=\"_blank\" rel=\"noopener\">Crystal Properties<\/a>.<\/p>\n<p>\n<\/p><\/p>\n\n\n<h5 class=\"wp-block-heading\">Pourquoi nous ?<\/h5>\n<p>\n<\/p><\/p>\n\n\n<p>Nous sommes une entreprise locale bas\u00e9e \u00e0 l'\u00eele Maurice qui vise \u00e0 fournir des solutions de location de voitures abordables dans toute l'\u00eele avec une touche d'hospitalit\u00e9 mauricienne. Afin de garantir \u00e0 nos clients un traitement \u00e9quitable, nous appliquons une structure de prix transparente et nous nous effor\u00e7ons d'\u00eatre aussi comp\u00e9titifs que possible. Par exemple, nos prix comprennent une couverture d'assurance compl\u00e8te, les taxes et les frais de livraison. De m\u00eame, nous pouvons assurer la livraison \u00e0 l'a\u00e9roport et fournir gratuitement un chauffeur suppl\u00e9mentaire. Notre infrastructure en ligne r\u00e9pond \u00e0 toutes vos demandes personnelles, ce qui en fait un site web convivial. Vous pouvez visiter notre page pour en savoir plus sur les raisons pour lesquelles vous devriez nous choisir pour votre location de voiture \u00e0 l'\u00eele Maurice, <a href=\"https:\/\/crystal-carrental.com\/why-choose-us\/\" target=\"_blank\" rel=\"noopener\">cliquez ici<\/a>.<\/p>\n<p>\n<\/p><\/p>\n","protected":false},"excerpt":{"rendered":"<p>\u00c0 propos de nous - Crystal Car Rental Crystal car rental, bas\u00e9e \u00e0 l'\u00eele Maurice, est une soci\u00e9t\u00e9 de location de voitures de premier plan. \u00c9tabli depuis 1989, notre devise est d'assurer un service de haute qualit\u00e9 \u00e0 nos clients avec une touche d'hospitalit\u00e9 mauricienne. Nos coll\u00e8gues de Crystal Car Rental Mauritius sont \u00e0 votre &hellip; <\/p>\n<p class=\"link-more\"><a href=\"https:\/\/crystal-carrental.com\/fr\/a-propos-de-nous\/\" class=\"more-link\"><span class=\"screen-reader-text\"> prova \"\u00c0 propos de nous\"<\/span><\/a><\/p>\n","protected":false},"author":1,"featured_media":1482,"parent":0,"menu_order":0,"comment_status":"closed","ping_status":"closed","template":"page-templates\/page-about.php","meta":{"_monsterinsights_skip_tracking":false,"_monsterinsights_sitenote_active":false,"_monsterinsights_sitenote_note":"","_monsterinsights_sitenote_category":0,"footnotes":""},"class_list":["post-1572","page","type-page","status-publish","has-post-thumbnail","hentry"],"_links":{"self":[{"href":"https:\/\/crystal-carrental.com\/fr\/wp-json\/wp\/v2\/pages\/1572","targetHints":{"allow":["GET"]}}],"collection":[{"href":"https:\/\/crystal-carrental.com\/fr\/wp-json\/wp\/v2\/pages"}],"about":[{"href":"https:\/\/crystal-carrental.com\/fr\/wp-json\/wp\/v2\/types\/page"}],"author":[{"embeddable":true,"href":"https:\/\/crystal-carrental.com\/fr\/wp-json\/wp\/v2\/users\/1"}],"replies":[{"embeddable":true,"href":"https:\/\/crystal-carrental.com\/fr\/wp-json\/wp\/v2\/comments?post=1572"}],"version-history":[{"count":3,"href":"https:\/\/crystal-carrental.com\/fr\/wp-json\/wp\/v2\/pages\/1572\/revisions"}],"predecessor-version":[{"id":2219,"href":"https:\/\/crystal-carrental.com\/fr\/wp-json\/wp\/v2\/pages\/1572\/revisions\/2219"}],"wp:featuredmedia":[{"embeddable":true,"href":"https:\/\/crystal-carrental.com\/fr\/wp-json\/wp\/v2\/media\/1482"}],"wp:attachment":[{"href":"https:\/\/crystal-carrental.com\/fr\/wp-json\/wp\/v2\/media?parent=1572"}],"curies":[{"name":"wp","href":"https:\/\/api.w.org\/{rel}","templated":true}]}}