{"id":1640,"date":"2023-06-03T03:52:46","date_gmt":"2023-06-02T23:52:46","guid":{"rendered":"https:\/\/crystal-carrental.com\/haeufig-gestellte-fragen\/"},"modified":"2024-04-09T18:03:33","modified_gmt":"2024-04-09T14:03:33","slug":"haeufig-gestellte-fragen","status":"publish","type":"page","link":"https:\/\/crystal-carrental.com\/de\/haeufig-gestellte-fragen\/","title":{"rendered":"H\u00e4ufig gestellte Fragen"},"content":{"rendered":"<p>\n\n\n<h4 class=\"wp-block-heading\">1. Wie kann ich eine Buchung vornehmen?<\/h4>\n<p>\n<\/p>\n\n\n<\/p>\n<p>\n\n\n<p>F\u00fcr die Buchung in Mauritius Autovermietung \u00fcber unsere Website, sind Sie verpflichtet, die wichtigen Details online eingeben, einschlie\u00dflich der Abholung und R\u00fcckkehr Informationen. Auf der Grundlage Ihrer Suchergebnisse k\u00f6nnen Sie eine Buchung vornehmen, die Ihren Anforderungen entspricht. Der gesamte Buchungsprozess ist einfach und benutzerfreundlich.<\/p>\n<p>\n<\/p>\n\n\n<\/p>\n<p>\n\n\n<h4 class=\"wp-block-heading\">2. Was sind die Mietformalit\u00e4ten?<\/h4>\n<p>\n<\/p>\n\n\n<\/p>\n<p>\n\n\n<p>Um ein Auto zu mieten, m\u00fcssen Sie lediglich die erforderlichen Angaben machen. Angefangen bei der Eingabe des Abholtermins bis hin zur Angabe der R\u00fcckgabedaten (Datum, Uhrzeit und Reservierungscode) k\u00f6nnen Sie nach den verf\u00fcgbaren Mietwagenoptionen suchen.<\/p>\n<p>\n<\/p>\n\n\n<\/p>\n<p>\n\n\n<h4 class=\"wp-block-heading\">3. Wie kann ich zus\u00e4tzliche Dienstleistungen aufnehmen?<\/h4>\n<p>\n<\/p>\n\n\n<\/p>\n<p>\n\n\n<p>F\u00fcr die Inanspruchnahme zus\u00e4tzlicher Dienstleistungen m\u00fcssen Sie sich mit dem Kundenbetreuungsteam von Crystal Car Rental in Verbindung setzen.<br\/>Durch die Bereitstellung von Informationen \u00fcber die zus\u00e4tzlichen Dienstleistungen k\u00f6nnen Sie die Vorteile der Mietdienstleistungen von Experten genie\u00dfen.<\/p>\n<p>\n<\/p>\n\n\n<\/p>\n<p>\n\n\n<h4 class=\"wp-block-heading\">4. Wie erhalte ich genau das Fahrzeug, das ich ausgew\u00e4hlt habe?<\/h4>\n<p>\n<\/p>\n\n\n<\/p>\n<p>\n\n<p>Es wird erwartet, dass Sie aus der Liste der verf\u00fcgbaren Fahrzeuge ausw\u00e4hlen, die zu Vermietungszwecken zur Verf\u00fcgung stehen.<br \/><a href=\"https:\/\/crystal-carrental.com\/de\">Crystal Car Rental<\/a> bietet die Sicherheit, dass die Kunden Zugang zu dem gebuchten Auto oder einer \u00e4hnlichen Kategorie erhalten.<\/p>\n<p>\u00a0<\/p>\n\n<\/p>\n<p>\n\n\n<h4 class=\"wp-block-heading\">5. Muss ich eine Kaution f\u00fcr meinen Mietwagen bezahlen?<\/h4>\n<p>\n<\/p>\n\n\n<\/p>\n<p>\n\n\n<p>Bei der Anmietung am Flughafen oder an einem anderen Ort wird f\u00fcr die \u00dcbergabe des Fahrzeugs eine Geb\u00fchr von 15 EUR erhoben. F\u00fcr die Abholung von Fahrzeugen vom Flughafen oder anderen Orten wird eine zus\u00e4tzliche Geb\u00fchr von 15 EUR erhoben.<br\/>Die Zustellungsgeb\u00fchr wird im Gesamtbetrag Ihrer Buchung ausgewiesen.<\/p>\n<p>\n<\/p>\n\n\n<\/p>\n<p>\n\n\n<h4 class=\"wp-block-heading\">6. Was ist die Mindestmietdauer?<\/h4>\n<p>\n<\/p>\n\n\n<\/p>\n<p>\n\n\n<p>Autovermietungen werden auf Tagesbasis berechnet. F\u00fcr l\u00e4ngere Zeitr\u00e4ume k\u00f6nnen Sie dies jedoch bei der Buchung \u00fcber den Kalender angeben.<\/p>\n<p>\n<\/p>\n\n\n<\/p>\n<p>\n\n\n<h4 class=\"wp-block-heading\">7. Wie lauten die K\u00fcndigungsfristen?<\/h4>\n<p>\n<\/p>\n\n\n<\/p>\n<p>\n\n\n<p>Wenn Sie die Buchung mindestens 7 Tage vor der Abholung stornieren, erhalten Sie den vollen Betrag zur\u00fcck.<br\/>Wenn Sie die Dienste jedoch innerhalb von weniger als 5 Tagen nach der Abholung stornieren, erhalten Sie keine R\u00fcckerstattung.<br\/>Alle Stornierungen m\u00fcssen per E-Mail an crystalcarsmauritius@gmail.com mitgeteilt werden.<\/p>\n<p>\n<\/p>\n\n\n<\/p>\n<p>\n\n\n<h4 class=\"wp-block-heading\">8. Was passiert, wenn ich in einen Autounfall verwickelt bin?<\/h4>\n<p>\n<\/p>\n\n\n<\/p>\n<p>\n\n\n<p>Im Falle eines Unfalls oder einer Panne des Mietwagens ist es wichtig, den Vermieter als erstes zu informieren.<br\/>Sie sollten auch die Polizei \u00fcber den Unfall informieren. Au\u00dferdem sind Sie verpflichtet, den Unfall schriftlich zu melden.<\/p>\n<p>\n<\/p>\n\n\n<\/p>\n<p>\n\n\n<h4 class=\"wp-block-heading\">9. Was geschieht im Falle eines Schadens am Fahrzeug?<\/h4>\n<p>\n<\/p>\n\n\n<\/p>\n<p>\n\n\n<p>Es ist nicht bekannt, dass eine Versicherung die Sch\u00e4den oder die entsprechenden Reparaturkosten deckt, wenn der Mieter es vers\u00e4umt hat, die Vereinbarung zur Sachverhaltsdarstellung vorzulegen.<\/p>\n<p>\n<\/p>\n\n\n<\/p>\n<p>\n\n\n<h4 class=\"wp-block-heading\">10. Brauche ich einen internationalen F\u00fchrerschein auf Mauritius?<\/h4>\n<p>\n<\/p>\n\n\n<\/p>\n<p>\n\n\n<p>Um den internationalen F\u00fchrerschein zu erhalten, sollten Sie mindestens 21 Jahre alt sein. Die H\u00f6chstaltersgrenze liegt bei 65 Jahren. Der F\u00fchrerschein muss von den zust\u00e4ndigen Beh\u00f6rden des Landes mindestens ein Jahr vor der Anmietung des Fahrzeugs ausgestellt worden sein.<\/p>\n<p>\n<\/p>\n\n\n<\/p>\n<p>\n\n\n<h4 class=\"wp-block-heading\">11. Wie kann ich das Fahrzeug zur\u00fcckgeben?<\/h4>\n<p>\n<\/p>\n\n\n<\/p>\n<p>\n\n\n<p>Sie sind verpflichtet, das Fahrzeug an den angegebenen Ort zur\u00fcckzubringen - den Ort, den Sie zu Beginn angegeben haben.<br\/>Dar\u00fcber hinaus sollten auch Datum und Uhrzeit der R\u00fcckgabe beachtet werden.<\/p>\n<p>\n<\/p>\n\n\n<\/p>\n<p>\n\n\n<h4 class=\"wp-block-heading\">12. Was passiert, wenn ich das Fahrzeug zu sp\u00e4t zur\u00fcckbringe?<\/h4>\n<p>\n<\/p>\n\n\n<\/p>\n<p>\n\n\n<p>Wenn Sie sich f\u00fcr eine sp\u00e4te Abgabe des Fahrzeugs entscheiden, wird ein Aufschlag erhoben, und die Gesamtbuchung kann etwas teurer ausfallen als die \u00fcblichen Tarife.<\/p>\n<p>\n<\/p>\n\n\n<\/p>\n<p>\n\n\n<h4 class=\"wp-block-heading\">13. Was ist das Mindestalter f\u00fcr das F\u00fchren eines Mietfahrzeugs?<\/h4>\n<p>\n<\/p>\n\n\n<\/p>\n<p>\n\n\n<p>F\u00fcr den Erhalt des F\u00fchrerscheins in Mauritius Autovermietung, ein Fahrzeug zu mieten in Mauritius, sollten Sie mindestens 21 Jahre alt sein.<\/p>\n<p>\n<\/p>\n\n\n<\/p>\n<p>\n\n\n<h4 class=\"wp-block-heading\">14. Welche Dokumente werden bei der Abholung des Fahrzeugs ben\u00f6tigt?<\/h4>\n<p>\n<\/p>\n\n\n<\/p>\n<p>\n\n\n<p>Bei der Abholung des Fahrzeugs m\u00fcssen Sie die folgenden Dokumente vorlegen:<br\/>Ein g\u00fcltiger F\u00fchrerschein aus dem Heimatland.<br\/>Einen g\u00fcltigen Reisepass und eine g\u00fcltige Kreditkarte auf den Namen des Mieters oder Fahrers,<\/p>\n<p>\n<\/p>\n\n\n<\/p>\n<p>\n\n\n<h4 class=\"wp-block-heading\">15. Wie kann ich bezahlen?<\/h4>\n<p>\n<\/p>\n\n\n<\/p>\n<p>\n\n\n<p>F\u00fcr die Zahlungen k\u00f6nnen Sie verschiedene Arten von Kreditkarten verwenden, darunter MasterCard, Visa, Switch, American Express online. Bei der Online-Reservierung wird der Gesamtbetrag der Reservierung in Rechnung gestellt.<\/p>\n<p>\n<\/p>\n\n\n<\/p>\n<p>\n\n\n<p>Wenn Sie bei der Abholung bezahlen, ist Bargeld vorzuziehen und kann entweder in Euro, US-Dollar oder Mauritius-Rupien bezahlt werden. Wenn Sie jedoch mit Karte zahlen m\u00f6chten, ist dies mit Visa oder Mastercard m\u00f6glich, aber es wird eine zus\u00e4tzliche Geb\u00fchr von 3,5 % erhoben, die auf Ihre Reservierungsbestellung f\u00fcr Bankbearbeitungsgeb\u00fchren erhoben wird.<\/p>\n<p>\n<\/p>\n\n\n<\/p>\n<p>\n\n\n<h4 class=\"wp-block-heading\">16. Gew\u00e4hren wir Rabatte?<\/h4>\n<p>\n<\/p>\n\n\n<\/p>\n<p>\n\n\n<p>Insgesamt k\u00f6nnen Sie immer wieder nach entsprechenden Rabatten suchen, um die besten Ergebnisse zu erzielen. Besuchen Sie unsere mauritius Autovermietung Promotion-Seite, <a href=\"https:\/\/crystal-carrental.com\/cheap-car-rental-mauritius-promotions-sale\/\" target=\"_blank\" rel=\"noopener\">klicken Sie hier<\/a>.<\/p>\n<h4 style=\"color: #7a7a7a;\">17. How to get around?<\/h4>\nWe have put together many useful links and blogs that provides you with many tips when choosing to car hire in mauritius,\u00a0<a href=\"https:\/\/crystal-carrental.com\/blogs-car-rental-mauritius\/\" target=\"_blank\" rel=\"noopener\">click here<\/a>. Similarly you can always view the Ministry of Tourism in Mauritius official travel page advise by clicking\u00a0<a href=\"https:\/\/www.mymauritius.travel\/en-uk\/plan-your-trip\/how-get-around\" target=\"_blank\" rel=\"noopener\">here<\/a>\u00a0for more information.\n<p>\n<\/p>\n\n\n<\/p>","protected":false},"excerpt":{"rendered":"<p>1. Wie kann ich eine Buchung vornehmen? F\u00fcr die Buchung in Mauritius Autovermietung \u00fcber unsere Website, sind Sie verpflichtet, die wichtigen Details online eingeben, einschlie\u00dflich der Abholung und R\u00fcckkehr Informationen. Auf der Grundlage Ihrer Suchergebnisse k\u00f6nnen Sie eine Buchung vornehmen, die Ihren Anforderungen entspricht. Der gesamte Buchungsprozess ist einfach und benutzerfreundlich. 2. Was sind die &hellip; <\/p>\n<p class=\"link-more\"><a href=\"https:\/\/crystal-carrental.com\/de\/haeufig-gestellte-fragen\/\" class=\"more-link\"><span class=\"screen-reader-text\"> prova \"H\u00e4ufig gestellte Fragen\"<\/span><\/a><\/p>\n","protected":false},"author":1,"featured_media":1497,"parent":0,"menu_order":0,"comment_status":"closed","ping_status":"closed","template":"","meta":{"_monsterinsights_skip_tracking":false,"_monsterinsights_sitenote_active":false,"_monsterinsights_sitenote_note":"","_monsterinsights_sitenote_category":0,"footnotes":""},"class_list":["post-1640","page","type-page","status-publish","has-post-thumbnail","hentry"],"_links":{"self":[{"href":"https:\/\/crystal-carrental.com\/de\/wp-json\/wp\/v2\/pages\/1640","targetHints":{"allow":["GET"]}}],"collection":[{"href":"https:\/\/crystal-carrental.com\/de\/wp-json\/wp\/v2\/pages"}],"about":[{"href":"https:\/\/crystal-carrental.com\/de\/wp-json\/wp\/v2\/types\/page"}],"author":[{"embeddable":true,"href":"https:\/\/crystal-carrental.com\/de\/wp-json\/wp\/v2\/users\/1"}],"replies":[{"embeddable":true,"href":"https:\/\/crystal-carrental.com\/de\/wp-json\/wp\/v2\/comments?post=1640"}],"version-history":[{"count":2,"href":"https:\/\/crystal-carrental.com\/de\/wp-json\/wp\/v2\/pages\/1640\/revisions"}],"predecessor-version":[{"id":2118,"href":"https:\/\/crystal-carrental.com\/de\/wp-json\/wp\/v2\/pages\/1640\/revisions\/2118"}],"wp:featuredmedia":[{"embeddable":true,"href":"https:\/\/crystal-carrental.com\/de\/wp-json\/wp\/v2\/media\/1497"}],"wp:attachment":[{"href":"https:\/\/crystal-carrental.com\/de\/wp-json\/wp\/v2\/media?parent=1640"}],"curies":[{"name":"wp","href":"https:\/\/api.w.org\/{rel}","templated":true}]}}