{"id":1636,"date":"2023-06-03T03:50:38","date_gmt":"2023-06-02T23:50:38","guid":{"rendered":"https:\/\/crystal-carrental.com\/warum-uns-waehlen\/"},"modified":"2024-03-10T19:15:41","modified_gmt":"2024-03-10T15:15:41","slug":"warum-uns-waehlen","status":"publish","type":"page","link":"https:\/\/crystal-carrental.com\/de\/warum-uns-waehlen\/","title":{"rendered":"Warum uns w\u00e4hlen"},"content":{"rendered":"\n<h3 class=\"wp-block-heading\" id=\"crystal-car-hire-mauritius\">Kristall Autovermietung Mauritius<\/h3>\n\n<p>Crystal car hire Mauritius bietet Ihnen eine gro\u00dfe Auswahl an <a href=\"https:\/\/crystal-carrental.com\/de\/\" target=\"_blank\" rel=\"noreferrer noopener\">Mietwagen in Mauritius.<\/a> Dies zusammen mit einer gro\u00dfen Auswahl an f\u00fchrenden Automarken, die speziell f\u00fcr die Vermietung in Mauritius entwickelt wurden. Wenn Sie mehr dar\u00fcber erfahren m\u00f6chten, warum Sie ein Auto mieten sollten, besuchen Sie bitte <a href=\"https:\/\/www.tripadvisor.com\/RentalCars-g293816-Mauritius.html\" target=\"_blank\" rel=\"noreferrer noopener\">Trip Advisor<\/a> f\u00fcr weitere Informationen. Wir sind ein Spezialist in der Autovermietungsbranche auf Mauritius. Warum sollten Sie uns w\u00e4hlen? Nun, unser Ziel ist es, Ihnen das perfekte Auto f\u00fcr Ihren Urlaub zu bieten. Im Gegensatz zu vielen anderen Autovermietungen auf Mauritius arbeiten sie mit mehreren Agenturen zusammen, um Fahrzeuge f\u00fcr ihre Kunden zu beschaffen. Solche Situationen f\u00fchren in der Regel dazu, dass die Kunden Fahrzeuge in sehr schlechtem Zustand geliefert bekommen.<\/p>\n\n<p>Dar\u00fcber hinaus ist unser Fuhrpark in einem tadellosen Zustand zu halten. Grunds\u00e4tzlich f\u00fchren wir bei allen unseren Fahrzeugen regelm\u00e4\u00dfige Wartungen durch. Dar\u00fcber hinaus stellen wir sicher, dass wir Fahrzeuge zu einem sehr g\u00fcnstigen Preis online anbieten und gleichzeitig Fahrzeuge von h\u00f6chstem Standard gew\u00e4hrleisten.<\/p>\n\n<p>Crystal Autovermietung Mauritius hat eine breite Palette von Kategorie von Autos online. Dennoch sind wir stets bestrebt, unser aktuelles Portfolio um neue Fahrzeuge zu erweitern. Bei Crystal Cars stellen wir fabrikneue Fahrzeuge zur Verf\u00fcgung und halten uns an die Richtlinien der <a href=\"https:\/\/nta.govmu.org\/English\/Pages\/default.aspx\" target=\"_blank\" rel=\"noreferrer noopener\">mauritischen Verkehrsbeh\u00f6rde<\/a> (NTA).<\/p>\n\n<p>Unsere Fahrzeuge sind von seri\u00f6sen Unternehmen und wir stellen immer sicher, dass wir Ihnen qualitativ hochwertige Autovermietungsprodukte online anbieten. Wir glauben nicht daran, Ihnen nur ein Auto zu vermieten und Sie nicht mit den zus\u00e4tzlichen Elementen zu versorgen, die damit einhergehen. Wir verpflichten uns, Ihnen den bestm\u00f6glichen und umfassenden Service zu bieten.<\/p>\n\n<div style=\"height:9px\" aria-hidden=\"true\" class=\"wp-block-spacer\"><\/div>\n\n<h3 class=\"wp-block-heading\" id=\"cheap-car-rental-mauritius\"><strong>G\u00fcnstige Autovermietung Mauritius<\/strong><\/h3>\n\n<p>Erschwingliche Mietdienstleistungen und im Allgemeinen billiger als viele Autovermietungen, die auf Mauritius t\u00e4tig sind. Wir sind vor allem eine der g\u00fcnstigsten Autovermietungen in Mauritius. Dar\u00fcber hinaus haben wir st\u00e4ndig ein gutes Gleichgewicht, um sicherzustellen, dass wir unsere Kunden mit gro\u00dfen erschwinglichen billige Autovermietung Mauritius bieten. Dabei gehen wir keine Kompromisse beim Qualit\u00e4tsstandard unserer Fahrzeuge ein. Wir sind sehr stolz auf die Fortschritte, die wir mit unserem Crystal Car Rental Service bisher gemacht haben. Wir arbeiten kontinuierlich hart daran, sie zu einer wertvollen und zuverl\u00e4ssigen Marke in Mauritius zu machen. Besuchen Sie unsere <a href=\"https:\/\/www.facebook.com\/CrystalCarsMauritius\/?modal=admin_todo_tour\" target=\"_blank\" rel=\"noreferrer noopener\">Facebook-Seite<\/a>, um mehr \u00fcber die neuesten Nachrichten und Informationen zu erfahren.<\/p>\n\n<h3 class=\"wp-block-heading\" id=\"our-car-hire-mauritius-services\">Unsere Autovermietung Mauritius Dienstleistungen<\/h3>\n\n<ul class=\"wp-block-list\">\n<li>Umfassende Versicherung gegen alle Risiken<\/li>\n\n\n\n<li>Unbegrenzte Anzahl von Kilometern<\/li>\n\n\n\n<li>Kostenlose Lieferung zum Flughafen<\/li>\n\n\n\n<li>Zus\u00e4tzlicher kostenloser Fahrer<\/li>\n\n\n\n<li>Kostenlose Lieferung an fast alle Orte auf Mauritius<\/li>\n\n\n\n<li>24 Stunden Hilfe<\/li>\n<\/ul>\n\n<h3 class=\"wp-block-heading\" id=\"cheap-car-hire-mauritius-services-from-the-experts\">Billige Autovermietung Mauritius Dienstleistungen von den Experten<\/h3>\n\n<p>Entdecken Sie Mauritius wie nie zuvor mit Hilfe unserer professionellen Autovermietung von Experten! Erkunden Sie die unber\u00fchrte Natur und die Sch\u00f6nheit des Landes mit Hilfe unserer Kurzzeit- und Langzeit-Autovermietung in und um Mauritius. Die Insel ist zweifellos ein kleines St\u00fcck Paradies auf Erden. Verpassen Sie nicht die Gelegenheit, dieses himmlische Ziel zu erkunden, wie Sie mit Hilfe unserer exklusiven Autovermietung in Mauritius m\u00f6chten. Egal, ob Sie das Land f\u00fcr einen kurzen Zeitraum besuchen oder f\u00fcr einen l\u00e4ngeren Urlaub hier sind, machen Sie das Beste aus Ihrer Zeit, indem Sie nach Belieben mit Hilfe von zuverl\u00e4ssigen Autovermietungen herumreisen. Alle unsere Fahrer sind hoch qualifiziert und geschult, um Ihnen das beste Fahrerlebnis zu bieten. Auf der anderen Seite k\u00f6nnen Sie auch unser exklusives Angebot an Selbstfahrervermietungen auf Mauritius in Anspruch nehmen. Einige der hervorstechenden Merkmale unserer einzigartigen Autovermietung sind:<\/p>\n\n<ul class=\"wp-block-list\">\n<li>Anwesenheit hochqualifizierter und geschulter Fahrer<\/li>\n\n\n\n<li>Ortskenntnisse f\u00fcr das beste Reiseerlebnis aller Zeiten<\/li>\n\n\n\n<li>Problemlose Reisen<\/li>\n\n\n\n<li>Ma\u00dfgeschneiderte Reisepl\u00e4ne nach Ihren W\u00fcnschen<\/li>\n<\/ul>\n\n<p>Wenn Sie alles nach Ihren W\u00fcnschen geplant haben, machen Sie sich auf den Weg, um das Erlebnis Ihres Lebens zu genie\u00dfen. Nehmen Sie jetzt Kontakt mit uns auf!<\/p>\n","protected":false},"excerpt":{"rendered":"<p>Kristall Autovermietung Mauritius Crystal car hire Mauritius bietet Ihnen eine gro\u00dfe Auswahl an Mietwagen in Mauritius. Dies zusammen mit einer gro\u00dfen Auswahl an f\u00fchrenden Automarken, die speziell f\u00fcr die Vermietung in Mauritius entwickelt wurden. Wenn Sie mehr dar\u00fcber erfahren m\u00f6chten, warum Sie ein Auto mieten sollten, besuchen Sie bitte Trip Advisor f\u00fcr weitere Informationen. Wir &hellip; <\/p>\n<p class=\"link-more\"><a href=\"https:\/\/crystal-carrental.com\/de\/warum-uns-waehlen\/\" class=\"more-link\"><span class=\"screen-reader-text\"> prova \"Warum uns w\u00e4hlen\"<\/span><\/a><\/p>\n","protected":false},"author":1,"featured_media":1495,"parent":0,"menu_order":0,"comment_status":"closed","ping_status":"closed","template":"","meta":{"_monsterinsights_skip_tracking":false,"_monsterinsights_sitenote_active":false,"_monsterinsights_sitenote_note":"","_monsterinsights_sitenote_category":0,"footnotes":""},"class_list":["post-1636","page","type-page","status-publish","has-post-thumbnail","hentry"],"_links":{"self":[{"href":"https:\/\/crystal-carrental.com\/de\/wp-json\/wp\/v2\/pages\/1636","targetHints":{"allow":["GET"]}}],"collection":[{"href":"https:\/\/crystal-carrental.com\/de\/wp-json\/wp\/v2\/pages"}],"about":[{"href":"https:\/\/crystal-carrental.com\/de\/wp-json\/wp\/v2\/types\/page"}],"author":[{"embeddable":true,"href":"https:\/\/crystal-carrental.com\/de\/wp-json\/wp\/v2\/users\/1"}],"replies":[{"embeddable":true,"href":"https:\/\/crystal-carrental.com\/de\/wp-json\/wp\/v2\/comments?post=1636"}],"version-history":[{"count":1,"href":"https:\/\/crystal-carrental.com\/de\/wp-json\/wp\/v2\/pages\/1636\/revisions"}],"predecessor-version":[{"id":1637,"href":"https:\/\/crystal-carrental.com\/de\/wp-json\/wp\/v2\/pages\/1636\/revisions\/1637"}],"wp:featuredmedia":[{"embeddable":true,"href":"https:\/\/crystal-carrental.com\/de\/wp-json\/wp\/v2\/media\/1495"}],"wp:attachment":[{"href":"https:\/\/crystal-carrental.com\/de\/wp-json\/wp\/v2\/media?parent=1636"}],"curies":[{"name":"wp","href":"https:\/\/api.w.org\/{rel}","templated":true}]}}