{"id":1628,"date":"2023-06-17T10:49:23","date_gmt":"2023-06-17T06:49:23","guid":{"rendered":"https:\/\/crystal-carrental.com\/lageplan\/"},"modified":"2024-04-16T22:44:39","modified_gmt":"2024-04-16T18:44:39","slug":"lageplan","status":"publish","type":"page","link":"https:\/\/crystal-carrental.com\/de\/lageplan\/","title":{"rendered":"Lageplan"},"content":{"rendered":"<div id=\"simple-sitemap-container-69df0665a2553\" class=\"simple-sitemap-container simple-sitemap-container-69df0665a2553 tab-disabled\"><div class=\"simple-sitemap-wrap\"><h3 class=\"post-type\">Beitr\u00e4ge<\/h3><ul class=\"simple-sitemap-post main\"><li class=\"sitemap-item\"><a href=\"https:\/\/crystal-carrental.com\/de\/2025\/11\/12\/beste-reisezeit-fuer-mauritius\/\">Beste Reisezeit f\u00fcr Mauritius<\/a><\/li><li class=\"sitemap-item\"><a href=\"https:\/\/crystal-carrental.com\/de\/2025\/11\/20\/ein-reisefuehrer-fuer-mauritius\/\">Ein Reisef\u00fchrer f\u00fcr Mauritius<\/a><\/li><li class=\"sitemap-item\"><a href=\"https:\/\/crystal-carrental.com\/de\/2023\/04\/23\/was-wissen-sie-ueber-uns\/\">Was wissen Sie \u00fcber uns?<\/a><\/li><\/ul><\/div><div class=\"simple-sitemap-wrap\"><h3 class=\"post-type\">Seiten<\/h3><ul class=\"simple-sitemap-page main\"><li class=\"sitemap-item page_item page-item-1582\"><a href=\"https:\/\/crystal-carrental.com\/de\/allgemeine-verfuegbarkeit\/\">Allgemeine Verf\u00fcgbarkeit<\/a><\/li>\n<li class=\"sitemap-item page_item page-item-1632\"><a href=\"https:\/\/crystal-carrental.com\/de\/bedingungen-und-konditionen\/\">Bedingungen und Konditionen<\/a><\/li>\n<li class=\"sitemap-item page_item page-item-1626\"><a href=\"https:\/\/crystal-carrental.com\/de\/crystal-autovermietung-blog\/\">Crystal Autovermietung Blog<\/a><\/li>\n<li class=\"sitemap-item page_item page-item-1601\"><a href=\"https:\/\/crystal-carrental.com\/de\/datenschutzbestimmungen\/\">Datenschutzbestimmungen<\/a><\/li>\n<li class=\"sitemap-item page_item page-item-1591\"><a href=\"https:\/\/crystal-carrental.com\/de\/details-zu-ihrer-bestellung\/\">Details zu Ihrer Bestellung<\/a><\/li>\n<li class=\"sitemap-item page_item page-item-1593\"><a href=\"https:\/\/crystal-carrental.com\/de\/details-zu-ihrer-bestellung-2\/\">Details zu Ihrer Bestellung<\/a><\/li>\n<li class=\"sitemap-item page_item page-item-1574\"><a href=\"https:\/\/crystal-carrental.com\/de\/flotte\/\">Flotte<\/a><\/li>\n<li class=\"sitemap-item page_item page-item-1640\"><a href=\"https:\/\/crystal-carrental.com\/de\/haeufig-gestellte-fragen\/\">H\u00e4ufig gestellte Fragen<\/a><\/li>\n<li class=\"sitemap-item page_item page-item-1568\"><a href=\"https:\/\/crystal-carrental.com\/de\/\">Homepage<\/a><\/li>\n<li class=\"sitemap-item page_item page-item-1609\"><a href=\"https:\/\/crystal-carrental.com\/de\/ihre-bestellungen\/\">Ihre Bestellungen<\/a><\/li>\n<li class=\"sitemap-item page_item page-item-1576\"><a href=\"https:\/\/crystal-carrental.com\/de\/kontakt\/\">Kontakt<\/a><\/li>\n<li class=\"sitemap-item page_item page-item-1628\"><a href=\"https:\/\/crystal-carrental.com\/de\/lageplan\/\">Lageplan<\/a><\/li>\n<li class=\"sitemap-item page_item page-item-1584\"><a href=\"https:\/\/crystal-carrental.com\/de\/langfristige-autovermietung-mauritius\/\">Langfristige Autovermietung Mauritius<\/a><\/li>\n<li class=\"sitemap-item page_item page-item-1611\"><a href=\"https:\/\/crystal-carrental.com\/de\/standorte\/\">Standorte<\/a><\/li>\n<li class=\"sitemap-item page_item page-item-1580\"><a href=\"https:\/\/crystal-carrental.com\/de\/suche\/\">Suche<\/a><\/li>\n<li class=\"sitemap-item page_item page-item-1595\"><a href=\"https:\/\/crystal-carrental.com\/de\/suchen-sie-ihr-auto\/\">Suchen Sie Ihr Auto<\/a><\/li>\n<li class=\"sitemap-item page_item page-item-1586\"><a href=\"https:\/\/crystal-carrental.com\/de\/testimonials\/\">Testimonials<\/a><\/li>\n<li class=\"sitemap-item page_item page-item-1570\"><a href=\"https:\/\/crystal-carrental.com\/de\/ueber-uns\/\">\u00dcber uns<\/a><\/li>\n<li class=\"sitemap-item page_item page-item-1589\"><a href=\"https:\/\/crystal-carrental.com\/de\/unsere-autos\/\">Unsere Autos<\/a><\/li>\n<li class=\"sitemap-item page_item page-item-1605\"><a href=\"https:\/\/crystal-carrental.com\/de\/versicherungsschutz-mit-selbstbeteiligung\/\">Versicherungsschutz mit Selbstbeteiligung<\/a><\/li>\n<li class=\"sitemap-item page_item page-item-1636\"><a href=\"https:\/\/crystal-carrental.com\/de\/warum-uns-waehlen\/\">Warum uns w\u00e4hlen<\/a><\/li>\n<li class=\"sitemap-item page_item page-item-1613\"><a href=\"https:\/\/crystal-carrental.com\/de\/werbeaktionen\/\">Werbeaktionen<\/a><\/li>\n<\/ul><\/div><\/div><br style=\"clear: both;\">\n\n\n<p>\u00a0<\/p>\n<h2>Website-Karte Info<\/h2>\n<p>Hier k\u00f6nnen Sie den gesamten Inhalt und die vollst\u00e4ndige Struktur der Website, die so genannte Sitemap, einsehen. Sie soll sicherstellen, dass die Website ein gutes Design und eine gute Struktur hat. Der Zweck ist, dass diese Seiten leicht von Google zwischengespeichert werden k\u00f6nnen, wodurch sie in der Lage sind, die Website vollst\u00e4ndig zu durchsuchen und alle vorhandenen Inhalte leicht zu erhalten. Lesen Sie mehr \u00fcber die Struktur der <a href=\"https:\/\/crystal-carrental.com\/de\">Crystal Car Rental Website.<\/a><\/p>\n<p>Hier finden Sie weitere Informationen dar\u00fcber, wie Sie Ihre XML-Site-Map gestalten und strukturieren k\u00f6nnen. Es bietet Ihnen eine gro\u00dfe Menge an Daten und Informationen mit einer eingehenden Analyse, wie man eine gute Sitemap erstellt. Dies ist ein wesentlicher Bestandteil jedes Online-Gesch\u00e4fts und sollte bei der Gestaltung einer Website mit h\u00f6chster Priorit\u00e4t behandelt werden. Leider ist oft zu beobachten, dass viele Websites schlecht gestaltet sind, was sich bei Google negativ auswirkt. Dadurch wird das Ranking bei Google stark beeintr\u00e4chtigt, was letztlich zum Scheitern des Unternehmens f\u00fchrt.<\/p>\n<p>Die obigen Informationen geben Hinweise auf die besten Praktiken zur Erstellung einer Website-Karte. Andere bekannte Websites, die f\u00fcr Sitemaps und Anleitungen sehr n\u00fctzlich sind, sind Semrush.\u00a0 Diese Website erleichtert die Verfahren und macht es einer nicht technisch versierten Person leicht zu verstehen, wie man diese Schritte ausf\u00fchrt.\u00a0<\/p>\n<p>Wir hoffen, dass diese Informationen anderen helfen, weitere Erkenntnisse zu diesem speziellen Thema zu gewinnen. Sie k\u00f6nnen\u00a0<a style=\"font-family: var( --e-global-typography-text-font-family ), Sans-serif; font-weight: var( --e-global-typography-text-font-weight ); text-align: var(--text-align); background-color: #ffffff;\" href=\"https:\/\/crystal-carrental.com\/de\/kontakt\/\" target=\"_blank\" rel=\"noopener\">wenden Sie sich an<\/a>\u00a0, wenn Sie weitere Beratung zu diesem Thema w\u00fcnschen.\u00a0 Bitte beachten Sie, dass die hier zur Verf\u00fcgung gestellten Informationen denjenigen helfen sollen, die Kenntnisse \u00fcber die Gestaltung einer Sitemap erwerben m\u00f6chten.\u00a0<\/p>\n<p>Sollten Sie hingegen weitere Informationen \u00fcber die NTA in Mauritius ben\u00f6tigen, besuchen Sie bitte deren Website,\u00a0<a style=\"font-family: var( --e-global-typography-text-font-family ), Sans-serif; font-weight: var( --e-global-typography-text-font-weight ); text-align: var(--text-align); background-color: #ffffff;\" href=\"https:\/\/govmu.org\/EN\/infoservices\/travelandtourism\/Pages\/default.aspx\" target=\"_blank\" rel=\"noopener\">klicken Sie hier<\/a>. Au\u00dferdem sollten Sie.\u00a0Diese Informationen sind nur ein Leitfaden und es wird empfohlen, dass Sie einen professionellen Website-Entwickler mit der Erstellung einer Website f\u00fcr Sie beauftragen. Ich danke Ihnen f\u00fcr Ihr Verst\u00e4ndnis.<\/p>","protected":false},"excerpt":{"rendered":"<p>\u00a0 Website-Karte Info Hier k\u00f6nnen Sie den gesamten Inhalt und die vollst\u00e4ndige Struktur der Website, die so genannte Sitemap, einsehen. Sie soll sicherstellen, dass die Website ein gutes Design und eine gute Struktur hat. Der Zweck ist, dass diese Seiten leicht von Google zwischengespeichert werden k\u00f6nnen, wodurch sie in der Lage sind, die Website vollst\u00e4ndig &hellip; <\/p>\n<p class=\"link-more\"><a href=\"https:\/\/crystal-carrental.com\/de\/2023\/04\/23\/was-wissen-sie-ueber-uns\/\" class=\"more-link\"><span class=\"screen-reader-text\"> prova \"Was wissen Sie \u00fcber uns?\"<\/span><\/a><\/p>\n","protected":false},"author":1,"featured_media":1489,"parent":0,"menu_order":0,"comment_status":"closed","ping_status":"closed","template":"","meta":{"_monsterinsights_skip_tracking":false,"_monsterinsights_sitenote_active":false,"_monsterinsights_sitenote_note":"","_monsterinsights_sitenote_category":0,"footnotes":""},"class_list":["post-1628","page","type-page","status-publish","has-post-thumbnail","hentry"],"_links":{"self":[{"href":"https:\/\/crystal-carrental.com\/de\/wp-json\/wp\/v2\/pages\/1628","targetHints":{"allow":["GET"]}}],"collection":[{"href":"https:\/\/crystal-carrental.com\/de\/wp-json\/wp\/v2\/pages"}],"about":[{"href":"https:\/\/crystal-carrental.com\/de\/wp-json\/wp\/v2\/types\/page"}],"author":[{"embeddable":true,"href":"https:\/\/crystal-carrental.com\/de\/wp-json\/wp\/v2\/users\/1"}],"replies":[{"embeddable":true,"href":"https:\/\/crystal-carrental.com\/de\/wp-json\/wp\/v2\/comments?post=1628"}],"version-history":[{"count":2,"href":"https:\/\/crystal-carrental.com\/de\/wp-json\/wp\/v2\/pages\/1628\/revisions"}],"predecessor-version":[{"id":2143,"href":"https:\/\/crystal-carrental.com\/de\/wp-json\/wp\/v2\/pages\/1628\/revisions\/2143"}],"wp:featuredmedia":[{"embeddable":true,"href":"https:\/\/crystal-carrental.com\/de\/wp-json\/wp\/v2\/media\/1489"}],"wp:attachment":[{"href":"https:\/\/crystal-carrental.com\/de\/wp-json\/wp\/v2\/media?parent=1628"}],"curies":[{"name":"wp","href":"https:\/\/api.w.org\/{rel}","templated":true}]}}