{"id":1613,"date":"2023-04-23T06:57:43","date_gmt":"2023-04-23T02:57:43","guid":{"rendered":"https:\/\/crystal-carrental.com\/werbeaktionen\/"},"modified":"2024-04-16T22:30:57","modified_gmt":"2024-04-16T18:30:57","slug":"werbeaktionen","status":"publish","type":"page","link":"https:\/\/crystal-carrental.com\/de\/werbeaktionen\/","title":{"rendered":"Werbeaktionen"},"content":{"rendered":"<h2>G\u00fcnstige Autovermietung Mauritius  <\/h2>\n\n\n<div class=\"wrap plugin-container\">\n\n\t\n\t\n\t\t<div class=\"vrc-promotions-container\">\r\n\t\t\t<div class=\"vrc-promotion-details\">\r\n\t\t\t<div class=\"vrc-promotion-head\">\r\n\t\t\t\t<div class=\"vrc-promotion-name-wrap\">\r\n\t\t\t\t\t<h4 class=\"vrc-promotion-name\">Easter Special Offers<\/h4>\r\n\t\t\t\t<\/div>\r\n\t\t\t\t<div class=\"vrc-promotion-dates\">\r\n\t\t\t\t\t<div class=\"vrc-promotion-dates-left\">\r\n\t\t\t\t\t\t<div class=\"vrc-promotion-date-from\">\r\n\t\t\t\t\t\t\t<span class=\"vrc-promotion-date-label\">Von<\/span>\r\n\t\t\t\t\t\t\t<span class=\"vrc-promotion-date-from-sp\">08\/04\/2026<\/span>\r\n\t\t\t\t\t\t<\/div>\r\n\t\t\t\t\t\t<div class=\"vrc-promotion-date-to\">\r\n\t\t\t\t\t\t\t<span class=\"vrc-promotion-date-label\">An<\/span>\r\n\t\t\t\t\t\t\t<span class=\"vrc-promotion-date-to-sp\">08\/05\/2026<\/span>\r\n\t\t\t\t\t\t<\/div>\r\n\t\t\t\t\t<\/div>\r\n\t\t\t\t\t<div class=\"vrc-promotion-dates-right\">\r\n\t\t\t\t\t\t\t\t\t\t\t\t<div class=\"vrc-promotion-discount\">\r\n\t\t\t\t\t\t\t<div class=\"vrc-promotion-discount-details\">\r\n\t\t\t\t\t\t\t\t\t\t\t\t\t\t\t<span class=\"vrc-promotion-discount-percent-amount\">15%<\/span>\r\n\t\t\t\t\t\t\t\t<span class=\"vrc-promotion-discount-percent-txt\">Aus<\/span>\r\n\t\t\t\t\t\t\t\t\t\t\t\t\t\t\t<\/div>\r\n\t\t\t\t\t\t<\/div>\r\n\t\t\t\t\t\t\t\t\t\t\t\t<div class=\"vrc-promotion-dates-inner\">\r\n\t\t\t\t\t\t\t\t\t\t\t\t\t<div class=\"vrc-promotion-date-validuntil\">\r\n\t\t\t\t\t\t\t\t<span class=\"vrc-promotion-date-label\">G\u00fcltig bis<\/span>\r\n\t\t\t\t\t\t\t\t<span>08\/05\/2026<\/span>\r\n\t\t\t\t\t\t\t<\/div>\r\n\t\t\t\t\t\t\t\t\t\t\t\t\t<div class=\"vrc-promotion-date-weekdays\">\r\n\t\t\t\t\t\t\t\t\t\t\t\t\t\t\t<span class=\"vrc-promotion-date-weekday\">Sonntag<\/span>\r\n\t\t\t\t\t\t\t\t\t\t\t\t\t\t\t\t<span class=\"vrc-promotion-date-weekday\">Montag<\/span>\r\n\t\t\t\t\t\t\t\t\t\t\t\t\t\t\t\t<span class=\"vrc-promotion-date-weekday\">Dienstag<\/span>\r\n\t\t\t\t\t\t\t\t\t\t\t\t\t\t\t\t<span class=\"vrc-promotion-date-weekday\">Mittwoch<\/span>\r\n\t\t\t\t\t\t\t\t\t\t\t\t\t\t\t\t<span class=\"vrc-promotion-date-weekday\">Donnerstag<\/span>\r\n\t\t\t\t\t\t\t\t\t\t\t\t\t\t\t\t<span class=\"vrc-promotion-date-weekday\">Freitag<\/span>\r\n\t\t\t\t\t\t\t\t\t\t\t\t\t\t\t\t<span class=\"vrc-promotion-date-weekday\">Samstag<\/span>\r\n\t\t\t\t\t\t\t\t\t\t\t\t\t\t\t<\/div>\r\n\t\t\t\t\t\t\t\t\t\t\t\t<\/div>\r\n\t\t\t\t\t<\/div>\r\n\t\t\t\t<\/div>\r\n\t\t\t<\/div>\r\n\t\t\t<div class=\"vrc-promotion-bottom-block\">\r\n\t\t\t\t<div class=\"vrc-promotion-description\">\r\n\t\t\t\t\t\t\t\t\t<\/div>\r\n\t\t\t\t\t\t\t<div class=\"vrc-promotion-cars-list\">\r\n\t\t\t\t\t\t\t\t\t<div class=\"vrc-promotion-car-block\">\r\n\t\t\t\t\t\t<div class=\"vrc-promotion-car-img\">\r\n\t\t\t\t\t\t\t\t\t\t\t\t\t<img decoding=\"async\" alt=\"Nissan Magnite or Similar\" src=\"https:\/\/crystal-carrental.com\/wp-content\/plugins\/vikrentcar\/admin\/resources\/vthumb_nissan_magnite_crossover_suv_crystal_car_rental_mauritius-2.webp\"\/>\r\n\t\t\t\t\t\t\t\t\t\t\t\t\t<\/div>\r\n\t\t\t\t\t\t<div class=\"vrc-promotion-car-name-wrap\">\r\n\t\t\t\t\t\t\t<h4 class=\"vrc-promotion-car-name\">Nissan Magnite or Similar<\/h4>\r\n\t\t\t\t\t\t<\/div>\r\n\t\t\t\t\t\t<div class=\"vrc-promotion-car-book-block\">\r\n\t\t\t\t\t\t\t<a class=\"btn vrc-promotion-car-book-link\" href=\"https:\/\/crystal-carrental.com\/de\/werbeaktionen\/?option=com_vikrentcar&amp;view=cardetails&amp;carid=22&amp;pickup=1775592000&amp;promo=1\">Jetzt buchen<\/a>\r\n\t\t\t\t\t\t<\/div>\r\n\t\t\t\t\t<\/div>\r\n\t\t\t\t\t\t\t\t\t\t\t<div class=\"vrc-promotion-car-block\">\r\n\t\t\t\t\t\t<div class=\"vrc-promotion-car-img\">\r\n\t\t\t\t\t\t\t\t\t\t\t\t\t<img decoding=\"async\" alt=\"Suzuki Baleno or Similar\" src=\"https:\/\/crystal-carrental.com\/wp-content\/plugins\/vikrentcar\/admin\/resources\/vthumb_suzuki_baleno_midsize_car_available_to_rent_at_crystal_car_mauritius.webp\"\/>\r\n\t\t\t\t\t\t\t\t\t\t\t\t\t<\/div>\r\n\t\t\t\t\t\t<div class=\"vrc-promotion-car-name-wrap\">\r\n\t\t\t\t\t\t\t<h4 class=\"vrc-promotion-car-name\">Suzuki Baleno or Similar<\/h4>\r\n\t\t\t\t\t\t<\/div>\r\n\t\t\t\t\t\t<div class=\"vrc-promotion-car-book-block\">\r\n\t\t\t\t\t\t\t<a class=\"btn vrc-promotion-car-book-link\" href=\"https:\/\/crystal-carrental.com\/de\/werbeaktionen\/?option=com_vikrentcar&amp;view=cardetails&amp;carid=10&amp;pickup=1775592000&amp;promo=1\">Jetzt buchen<\/a>\r\n\t\t\t\t\t\t<\/div>\r\n\t\t\t\t\t<\/div>\r\n\t\t\t\t\t\t\t\t\t\t\t<div class=\"vrc-promotion-car-block\">\r\n\t\t\t\t\t\t<div class=\"vrc-promotion-car-img\">\r\n\t\t\t\t\t\t\t\t\t\t\t\t\t<img decoding=\"async\" alt=\"Toyota Bezza or Similar\" src=\"https:\/\/crystal-carrental.com\/wp-content\/plugins\/vikrentcar\/admin\/resources\/vthumb_2crystal_cars_.webp\"\/>\r\n\t\t\t\t\t\t\t\t\t\t\t\t\t<\/div>\r\n\t\t\t\t\t\t<div class=\"vrc-promotion-car-name-wrap\">\r\n\t\t\t\t\t\t\t<h4 class=\"vrc-promotion-car-name\">Toyota Bezza or Similar<\/h4>\r\n\t\t\t\t\t\t<\/div>\r\n\t\t\t\t\t\t<div class=\"vrc-promotion-car-book-block\">\r\n\t\t\t\t\t\t\t<a class=\"btn vrc-promotion-car-book-link\" href=\"https:\/\/crystal-carrental.com\/de\/werbeaktionen\/?option=com_vikrentcar&amp;view=cardetails&amp;carid=20&amp;pickup=1775592000&amp;promo=1\">Jetzt buchen<\/a>\r\n\t\t\t\t\t\t<\/div>\r\n\t\t\t\t\t<\/div>\r\n\t\t\t\t\t\t\t\t\t\t\t<div class=\"vrc-promotion-car-block\">\r\n\t\t\t\t\t\t<div class=\"vrc-promotion-car-img\">\r\n\t\t\t\t\t\t\t\t\t\t\t\t\t<img decoding=\"async\" alt=\"Toyota Prius C or Similar\" src=\"https:\/\/crystal-carrental.com\/wp-content\/plugins\/vikrentcar\/admin\/resources\/vthumb_toyota_prius_hybrid_economical_car_crystal_car_rental_mauritius.webp\"\/>\r\n\t\t\t\t\t\t\t\t\t\t\t\t\t<\/div>\r\n\t\t\t\t\t\t<div class=\"vrc-promotion-car-name-wrap\">\r\n\t\t\t\t\t\t\t<h4 class=\"vrc-promotion-car-name\">Toyota Prius C or Similar<\/h4>\r\n\t\t\t\t\t\t<\/div>\r\n\t\t\t\t\t\t<div class=\"vrc-promotion-car-book-block\">\r\n\t\t\t\t\t\t\t<a class=\"btn vrc-promotion-car-book-link\" href=\"https:\/\/crystal-carrental.com\/de\/werbeaktionen\/?option=com_vikrentcar&amp;view=cardetails&amp;carid=7&amp;pickup=1775592000&amp;promo=1\">Jetzt buchen<\/a>\r\n\t\t\t\t\t\t<\/div>\r\n\t\t\t\t\t<\/div>\r\n\t\t\t\t\t\t\t\t\t\t\t<div class=\"vrc-promotion-car-block\">\r\n\t\t\t\t\t\t<div class=\"vrc-promotion-car-img\">\r\n\t\t\t\t\t\t\t\t\t\t\t\t\t<img decoding=\"async\" alt=\"Toyota Urban Cruiser or Similar\" src=\"https:\/\/crystal-carrental.com\/wp-content\/plugins\/vikrentcar\/admin\/resources\/vthumb_toyota_urban_cruiser_suv_cross_over_mauritius_by_crystal_car_rental_1.webp\"\/>\r\n\t\t\t\t\t\t\t\t\t\t\t\t\t<\/div>\r\n\t\t\t\t\t\t<div class=\"vrc-promotion-car-name-wrap\">\r\n\t\t\t\t\t\t\t<h4 class=\"vrc-promotion-car-name\">Toyota Urban Cruiser or Similar<\/h4>\r\n\t\t\t\t\t\t<\/div>\r\n\t\t\t\t\t\t<div class=\"vrc-promotion-car-book-block\">\r\n\t\t\t\t\t\t\t<a class=\"btn vrc-promotion-car-book-link\" href=\"https:\/\/crystal-carrental.com\/de\/werbeaktionen\/?option=com_vikrentcar&amp;view=cardetails&amp;carid=23&amp;pickup=1775592000&amp;promo=1\">Jetzt buchen<\/a>\r\n\t\t\t\t\t\t<\/div>\r\n\t\t\t\t\t<\/div>\r\n\t\t\t\t\t\t\t\t\t\t\t<div class=\"vrc-promotion-car-block\">\r\n\t\t\t\t\t\t<div class=\"vrc-promotion-car-img\">\r\n\t\t\t\t\t\t\t\t\t\t\t\t\t<img decoding=\"async\" alt=\"Toyota Wish or Similar\" src=\"https:\/\/crystal-carrental.com\/wp-content\/plugins\/vikrentcar\/admin\/resources\/vthumb_toyota_wish_7_seater_large_car_rental_in_mauritius_by_crystal.webp\"\/>\r\n\t\t\t\t\t\t\t\t\t\t\t\t\t<\/div>\r\n\t\t\t\t\t\t<div class=\"vrc-promotion-car-name-wrap\">\r\n\t\t\t\t\t\t\t<h4 class=\"vrc-promotion-car-name\">Toyota Wish or Similar<\/h4>\r\n\t\t\t\t\t\t<\/div>\r\n\t\t\t\t\t\t<div class=\"vrc-promotion-car-book-block\">\r\n\t\t\t\t\t\t\t<a class=\"btn vrc-promotion-car-book-link\" href=\"https:\/\/crystal-carrental.com\/de\/werbeaktionen\/?option=com_vikrentcar&amp;view=cardetails&amp;carid=2&amp;pickup=1775592000&amp;promo=1\">Jetzt buchen<\/a>\r\n\t\t\t\t\t\t<\/div>\r\n\t\t\t\t\t<\/div>\r\n\t\t\t\t\t\t\t\t\t\t<\/div>\r\n\t\t\t\t\t\t\t<\/div>\r\n\t\t<\/div>\r\n\t\t\t\t<div class=\"vrc-promotion-details\">\r\n\t\t\t<div class=\"vrc-promotion-head\">\r\n\t\t\t\t<div class=\"vrc-promotion-name-wrap\">\r\n\t\t\t\t\t<h4 class=\"vrc-promotion-name\">Easter Offers<\/h4>\r\n\t\t\t\t<\/div>\r\n\t\t\t\t<div class=\"vrc-promotion-dates\">\r\n\t\t\t\t\t<div class=\"vrc-promotion-dates-left\">\r\n\t\t\t\t\t\t<div class=\"vrc-promotion-date-from\">\r\n\t\t\t\t\t\t\t<span class=\"vrc-promotion-date-label\">Von<\/span>\r\n\t\t\t\t\t\t\t<span class=\"vrc-promotion-date-from-sp\">08\/04\/2026<\/span>\r\n\t\t\t\t\t\t<\/div>\r\n\t\t\t\t\t\t<div class=\"vrc-promotion-date-to\">\r\n\t\t\t\t\t\t\t<span class=\"vrc-promotion-date-label\">An<\/span>\r\n\t\t\t\t\t\t\t<span class=\"vrc-promotion-date-to-sp\">08\/05\/2026<\/span>\r\n\t\t\t\t\t\t<\/div>\r\n\t\t\t\t\t<\/div>\r\n\t\t\t\t\t<div class=\"vrc-promotion-dates-right\">\r\n\t\t\t\t\t\t\t\t\t\t\t\t<div class=\"vrc-promotion-discount\">\r\n\t\t\t\t\t\t\t<div class=\"vrc-promotion-discount-details\">\r\n\t\t\t\t\t\t\t\t\t\t\t\t\t\t\t<span class=\"vrc-promotion-discount-percent-amount\">10%<\/span>\r\n\t\t\t\t\t\t\t\t<span class=\"vrc-promotion-discount-percent-txt\">Aus<\/span>\r\n\t\t\t\t\t\t\t\t\t\t\t\t\t\t\t<\/div>\r\n\t\t\t\t\t\t<\/div>\r\n\t\t\t\t\t\t\t\t\t\t\t\t<div class=\"vrc-promotion-dates-inner\">\r\n\t\t\t\t\t\t\t\t\t\t\t\t\t<div class=\"vrc-promotion-date-validuntil\">\r\n\t\t\t\t\t\t\t\t<span class=\"vrc-promotion-date-label\">G\u00fcltig bis<\/span>\r\n\t\t\t\t\t\t\t\t<span>08\/05\/2026<\/span>\r\n\t\t\t\t\t\t\t<\/div>\r\n\t\t\t\t\t\t\t\t\t\t\t\t\t<div class=\"vrc-promotion-date-weekdays\">\r\n\t\t\t\t\t\t\t\t\t\t\t\t\t\t\t<span class=\"vrc-promotion-date-weekday\">Sonntag<\/span>\r\n\t\t\t\t\t\t\t\t\t\t\t\t\t\t\t\t<span class=\"vrc-promotion-date-weekday\">Montag<\/span>\r\n\t\t\t\t\t\t\t\t\t\t\t\t\t\t\t\t<span class=\"vrc-promotion-date-weekday\">Dienstag<\/span>\r\n\t\t\t\t\t\t\t\t\t\t\t\t\t\t\t\t<span class=\"vrc-promotion-date-weekday\">Mittwoch<\/span>\r\n\t\t\t\t\t\t\t\t\t\t\t\t\t\t\t\t<span class=\"vrc-promotion-date-weekday\">Donnerstag<\/span>\r\n\t\t\t\t\t\t\t\t\t\t\t\t\t\t\t\t<span class=\"vrc-promotion-date-weekday\">Freitag<\/span>\r\n\t\t\t\t\t\t\t\t\t\t\t\t\t\t\t\t<span class=\"vrc-promotion-date-weekday\">Samstag<\/span>\r\n\t\t\t\t\t\t\t\t\t\t\t\t\t\t\t<\/div>\r\n\t\t\t\t\t\t\t\t\t\t\t\t<\/div>\r\n\t\t\t\t\t<\/div>\r\n\t\t\t\t<\/div>\r\n\t\t\t<\/div>\r\n\t\t\t<div class=\"vrc-promotion-bottom-block\">\r\n\t\t\t\t<div class=\"vrc-promotion-description\">\r\n\t\t\t\t\t\t\t\t\t<\/div>\r\n\t\t\t\t\t\t\t<div class=\"vrc-promotion-cars-list\">\r\n\t\t\t\t\t\t\t\t\t<div class=\"vrc-promotion-car-block\">\r\n\t\t\t\t\t\t<div class=\"vrc-promotion-car-img\">\r\n\t\t\t\t\t\t\t\t\t\t\t\t\t<img decoding=\"async\" alt=\"Kia Picanto or Similar\" src=\"https:\/\/crystal-carrental.com\/wp-content\/plugins\/vikrentcar\/admin\/resources\/vthumb_kia_picanto_car_rental_mauritius_crystal_cheap_car_rental_location_de_voiture.webp\"\/>\r\n\t\t\t\t\t\t\t\t\t\t\t\t\t<\/div>\r\n\t\t\t\t\t\t<div class=\"vrc-promotion-car-name-wrap\">\r\n\t\t\t\t\t\t\t<h4 class=\"vrc-promotion-car-name\">Kia Picanto or Similar<\/h4>\r\n\t\t\t\t\t\t<\/div>\r\n\t\t\t\t\t\t<div class=\"vrc-promotion-car-book-block\">\r\n\t\t\t\t\t\t\t<a class=\"btn vrc-promotion-car-book-link\" href=\"https:\/\/crystal-carrental.com\/de\/werbeaktionen\/?option=com_vikrentcar&amp;view=cardetails&amp;carid=4&amp;pickup=1775592000&amp;promo=1\">Jetzt buchen<\/a>\r\n\t\t\t\t\t\t<\/div>\r\n\t\t\t\t\t<\/div>\r\n\t\t\t\t\t\t\t\t\t\t\t<div class=\"vrc-promotion-car-block\">\r\n\t\t\t\t\t\t<div class=\"vrc-promotion-car-img\">\r\n\t\t\t\t\t\t\t\t\t\t\t\t\t<img decoding=\"async\" alt=\"Suzuki S-Presso or Similar\" src=\"https:\/\/crystal-carrental.com\/wp-content\/plugins\/vikrentcar\/admin\/resources\/vthumb_1crystal_cars_.webp\"\/>\r\n\t\t\t\t\t\t\t\t\t\t\t\t\t<\/div>\r\n\t\t\t\t\t\t<div class=\"vrc-promotion-car-name-wrap\">\r\n\t\t\t\t\t\t\t<h4 class=\"vrc-promotion-car-name\">Suzuki S-Presso or Similar<\/h4>\r\n\t\t\t\t\t\t<\/div>\r\n\t\t\t\t\t\t<div class=\"vrc-promotion-car-book-block\">\r\n\t\t\t\t\t\t\t<a class=\"btn vrc-promotion-car-book-link\" href=\"https:\/\/crystal-carrental.com\/de\/werbeaktionen\/?option=com_vikrentcar&amp;view=cardetails&amp;carid=19&amp;pickup=1775592000&amp;promo=1\">Jetzt buchen<\/a>\r\n\t\t\t\t\t\t<\/div>\r\n\t\t\t\t\t<\/div>\r\n\t\t\t\t\t\t\t\t\t\t\t<div class=\"vrc-promotion-car-block\">\r\n\t\t\t\t\t\t<div class=\"vrc-promotion-car-img\">\r\n\t\t\t\t\t\t\t\t\t\t\t\t\t<img decoding=\"async\" alt=\"Suzuki Swift or Similar\" src=\"https:\/\/crystal-carrental.com\/wp-content\/plugins\/vikrentcar\/admin\/resources\/vthumb_swift_blue.webp\"\/>\r\n\t\t\t\t\t\t\t\t\t\t\t\t\t<\/div>\r\n\t\t\t\t\t\t<div class=\"vrc-promotion-car-name-wrap\">\r\n\t\t\t\t\t\t\t<h4 class=\"vrc-promotion-car-name\">Suzuki Swift or Similar<\/h4>\r\n\t\t\t\t\t\t<\/div>\r\n\t\t\t\t\t\t<div class=\"vrc-promotion-car-book-block\">\r\n\t\t\t\t\t\t\t<a class=\"btn vrc-promotion-car-book-link\" href=\"https:\/\/crystal-carrental.com\/de\/werbeaktionen\/?option=com_vikrentcar&amp;view=cardetails&amp;carid=11&amp;pickup=1775592000&amp;promo=1\">Jetzt buchen<\/a>\r\n\t\t\t\t\t\t<\/div>\r\n\t\t\t\t\t<\/div>\r\n\t\t\t\t\t\t\t\t\t\t<\/div>\r\n\t\t\t\t\t\t\t<\/div>\r\n\t\t<\/div>\r\n\t\t\t<\/div>\r\n\t\n<\/div>\n\n\n\n\n<p class=\"\">In diesem Bereich unserer Website finden Sie alle aktuellen und g\u00fcnstigen Mietwagenangebote f\u00fcr Mauritius. Wir listen alle aktuellen Angebote und g\u00fcnstigsten Mietwagenaktionen auf. Sehr oft haben wir Sondertarife, die vor allem in unserer Nebensaison gelten. Diese Angebote sind ideal f\u00fcr diejenigen, die eine g\u00fcnstige Autovermietung Mauritius und sichern Sie sich ein gutes Gesch\u00e4ft.  <\/p>\n\n\n\n<p class=\"\">Unsere Mietfahrzeuge geh\u00f6ren zu den g\u00fcnstigsten auf Mauritius. Wir sind ein unabh\u00e4ngiges lokales Unternehmen und k\u00f6nnen unsere Preise leicht anpassen. Dies ist vor allem darauf zur\u00fcckzuf\u00fchren, dass wir im Vergleich zu anderen bekannten Franchiseunternehmen viel niedrigere Gemeinkosten haben. Auch die Tatsache, dass wir keine Drittagentur sind, erm\u00f6glicht es uns, unseren Kunden den bestm\u00f6glichen Preis auf dem Markt zu bieten.  <\/p>\n\n\n\n<p class=\"\">F\u00fcr diejenigen, die eine l\u00e4ngerfristige Anmietung w\u00fcnschen, m\u00fcssen wir dann ein spezifisches Angebot erstellen, das von Ihren Anforderungen oder der Dauer der Anmietung abh\u00e4ngt.  <a href=\"https:\/\/crystal-carrental.com\/long-term-car-rental\/\">Klicken Sie hier<\/a> und besuchen Sie unsere Seite Langzeitautovermietung, f\u00fcllen Sie das Formular mit all Ihren Angaben aus und wir werden uns schnellstm\u00f6glich mit Ihnen in Verbindung setzen.<\/p>\n\n\n\n<p class=\"\">Wir sind auch sehr daran interessiert, unser Gesch\u00e4ft in der kommenden Zukunft zu erweitern und versuchen, unsere eigenen pers\u00f6nlichen Schalter am SSR Flughafen in Mauritius zu haben und daher in der Lage, mit anderen Autovermietungen in Mauritius zu konkurrieren, <a href=\"https:\/\/mauritius-airport.atol.aero\/passengers\/to-from-airport\/hire-a-car\" target=\"_blank\" rel=\"noopener\">klicken Sie hier<\/a>, um weitere Informationen zu erhalten. Dadurch k\u00f6nnen wir unsere Mietwagenangebote und Werbema\u00dfnahmen \u00fcber ein gr\u00f6\u00dferes Netz anbieten und mehr Kunden erreichen.  <\/p>\n\n\n\n<p class=\"\"><a href=\"https:\/\/crystal-carrental.com\/de\/\">Crystal Autovermietung in Mauritius<\/a> sind heute eine wachsende Autovermietung auf der Insel, hat es eine breite Palette von Fahrzeugen erworben. Dies zusammen mit vielen Vorteilen wie z.B., dass im Gegensatz zu anderen Autovermietungen auf Mauritius keine Kaution einbehalten wird. Unser Ziel ist es, unseren Kunden das bestm\u00f6gliche Angebot und Preis-Leistungs-Verh\u00e4ltnis zu bieten.<\/p>\n","protected":false},"excerpt":{"rendered":"<p>G\u00fcnstige Autovermietung Mauritius In diesem Bereich unserer Website finden Sie alle aktuellen und g\u00fcnstigen Mietwagenangebote f\u00fcr Mauritius. Wir listen alle aktuellen Angebote und g\u00fcnstigsten Mietwagenaktionen auf. Sehr oft haben wir Sondertarife, die vor allem in unserer Nebensaison gelten. Diese Angebote sind ideal f\u00fcr diejenigen, die eine g\u00fcnstige Autovermietung Mauritius und sichern Sie sich ein gutes &hellip; <\/p>\n<p class=\"link-more\"><a href=\"https:\/\/crystal-carrental.com\/de\/werbeaktionen\/\" class=\"more-link\"><span class=\"screen-reader-text\"> prova \"Werbeaktionen\"<\/span><\/a><\/p>\n","protected":false},"author":1,"featured_media":1497,"parent":0,"menu_order":0,"comment_status":"closed","ping_status":"closed","template":"","meta":{"_monsterinsights_skip_tracking":false,"_monsterinsights_sitenote_active":false,"_monsterinsights_sitenote_note":"","_monsterinsights_sitenote_category":0,"footnotes":""},"class_list":["post-1613","page","type-page","status-publish","has-post-thumbnail","hentry"],"_links":{"self":[{"href":"https:\/\/crystal-carrental.com\/de\/wp-json\/wp\/v2\/pages\/1613","targetHints":{"allow":["GET"]}}],"collection":[{"href":"https:\/\/crystal-carrental.com\/de\/wp-json\/wp\/v2\/pages"}],"about":[{"href":"https:\/\/crystal-carrental.com\/de\/wp-json\/wp\/v2\/types\/page"}],"author":[{"embeddable":true,"href":"https:\/\/crystal-carrental.com\/de\/wp-json\/wp\/v2\/users\/1"}],"replies":[{"embeddable":true,"href":"https:\/\/crystal-carrental.com\/de\/wp-json\/wp\/v2\/comments?post=1613"}],"version-history":[{"count":2,"href":"https:\/\/crystal-carrental.com\/de\/wp-json\/wp\/v2\/pages\/1613\/revisions"}],"predecessor-version":[{"id":2137,"href":"https:\/\/crystal-carrental.com\/de\/wp-json\/wp\/v2\/pages\/1613\/revisions\/2137"}],"wp:featuredmedia":[{"embeddable":true,"href":"https:\/\/crystal-carrental.com\/de\/wp-json\/wp\/v2\/media\/1497"}],"wp:attachment":[{"href":"https:\/\/crystal-carrental.com\/de\/wp-json\/wp\/v2\/media?parent=1613"}],"curies":[{"name":"wp","href":"https:\/\/api.w.org\/{rel}","templated":true}]}}