{"id":1605,"date":"2023-06-16T14:46:48","date_gmt":"2023-06-16T10:46:48","guid":{"rendered":"https:\/\/crystal-carrental.com\/versicherungsschutz-mit-selbstbeteiligung\/"},"modified":"2024-03-24T21:34:30","modified_gmt":"2024-03-24T17:34:30","slug":"versicherungsschutz-mit-selbstbeteiligung","status":"publish","type":"page","link":"https:\/\/crystal-carrental.com\/de\/versicherungsschutz-mit-selbstbeteiligung\/","title":{"rendered":"Versicherungsschutz mit Selbstbeteiligung"},"content":{"rendered":"<p>\n\n<p>Unsere Fahrzeuge sind vollkaskoversichert. Wenn Sie zum Beispiel bei einem Unfall als Fahrer keine Schuld trifft, haften Sie nicht f\u00fcr Sch\u00e4den, die an beiden Autos verursacht werden. Wenn Sie schuldig befunden werden, haften Sie auch nicht f\u00fcr den Schaden, der an Ihrem Auto entstanden ist. ABER wie bei jeder Versicherung ist der Kunde verpflichtet, die Selbstbeteiligung zu zahlen.<\/p>\n<p><\/p><\/p>\n<p>\n\n<p>Um Ihre Haftung in Bezug auf die Selbstbeteiligung zu verringern, stellt unsere mittlere und Premium-Selbstbeteiligung sicher, dass Sie im Falle eines Unfalls oder eines Schadens am Fahrzeug nicht in vollem Umfang f\u00fcr die Selbstbeteiligung haften m\u00fcssen. Sie haben die M\u00f6glichkeit, unseren Mittelschutz zu w\u00e4hlen, der Ihre Haftung auf die H\u00e4lfte der Selbstbeteiligung reduziert, oder unsere Premium-Deckung zu w\u00e4hlen, die Ihnen eine vollst\u00e4ndige Deckung ohne Selbstbeteiligung bietet*.<\/p>\n<p><\/p><\/p>\n<p>\n\n<p>Keine Vorauszahlung - Im Gegensatz zu den meisten anderen Autovermietungen auf Mauritius erheben wir keine Vorauszahlung oder behalten sie ein. Sie m\u00fcssen keine Vorauszahlung leisten, vorausgesetzt, Sie f\u00fchren die Zahlung erfolgreich \u00fcber unser Zahlungslink-System durch. Nachstehend finden Sie eine Liste der verschiedenen Versicherungsoptionen, die Sie bei uns w\u00e4hlen k\u00f6nnen, zusammen mit einer Liste von Details dar\u00fcber, was in den einzelnen Versicherungsstufen enthalten ist.<\/p>\n<p><\/p><\/p>\n<p>\n\n<figure>\n<table>\n<tbody>\n<tr>\n<td><strong> <\/strong><\/td>\n<td><strong>Grundlegend<\/strong><\/td>\n<td><strong>Mittel<\/strong><\/td>\n<td><strong>Pr\u00e4mie<\/strong><\/td>\n<\/tr>\n<tr>\n<td>Vorab-Einzahlung<\/td>\n<td>Keine<\/td>\n<td>Keine<\/td>\n<td>Keine<\/td>\n<\/tr>\n<tr>\n<td>Verringern Sie meine Selbstbeteiligung auf:<\/td>\n<td>\u20ac550<\/td>\n<td>\u20ac250<\/td>\n<td>0 \u20ac (Null)<\/td>\n<\/tr>\n<tr>\n<td>Schutz vor Diebstahl<\/td>\n<td>\u00a0\u2705<\/td>\n<td>\u00a0\u2705<\/td>\n<td>\u00a0\u2705<\/td>\n<\/tr>\n<tr>\n<td>Schutz vor Kollisionen und Besch\u00e4digungen<\/td>\n<td>\u00a0\u2705<\/td>\n<td>\u00a0\u2705<\/td>\n<td>\u00a0\u2705<\/td>\n<\/tr>\n<tr>\n<td>Windschutzscheibe<\/td>\n<td>\u00a0\u2705<\/td>\n<td>\u00a0\u2705<\/td>\n<td>\u00a0\u2705<\/td>\n<\/tr>\n<tr>\n<td>Au\u00dfenspiegel<\/td>\n<td><strong> <\/strong>\u274c<\/td>\n<td>\u00a0\u274c<\/td>\n<td>\u00a0\u2705<\/td>\n<\/tr>\n<tr>\n<td>Unterboden<\/td>\n<td>\u00a0\u274c<\/td>\n<td>\u00a0\u274c<\/td>\n<td>\u00a0\u2705<\/td>\n<\/tr>\n<tr>\n<td>Glasbruch<\/td>\n<td>\u00a0\u274c<\/td>\n<td>\u00a0\u2705<\/td>\n<td>\u00a0\u2705<\/td>\n<\/tr>\n<tr>\n<td>Reifen<\/td>\n<td>\u00a0\u274c<\/td>\n<td>\u00a0\u2705<\/td>\n<td>\u00a0\u2705<\/td>\n<\/tr>\n<\/tbody>\n<\/table>\n<figcaption><br\/>Die Zusatzversicherung schlie\u00dft jedoch Folgendes aus:<br\/> <br\/>* Der Kunde ist f\u00fcr alle von ihm begangenen Verkehrsverst\u00f6\u00dfe verantwortlich, und derartige Verst\u00f6\u00dfe sind nicht versichert.<br\/>* Verlust von Autoschl\u00fcsseln.<br\/>* Fahrl\u00e4ssiges oder unvorsichtiges Fahren, einschlie\u00dflich Fahren im Gel\u00e4nde und auf nicht asphaltierten Stra\u00dfen.<br\/>* Sch\u00e4den, die durch einen unbefugten Fahrer verursacht wurden.<br\/>* Sch\u00e4den, die durch den Einfluss von Alkohol oder Drogen auf den Fahrer verursacht wurden<br\/>* Verfahren f\u00fcr Unf\u00e4lle und Sch\u00e4den, die vom Kunden zu tragen sind, wie in Abschnitt 22 unserer Allgemeinen Gesch\u00e4ftsbedingungen definiert.<br\/>* Die Versicherung gilt nicht bei Wirbelst\u00fcrmen der Warnstufe 3 auf Mauritius. Die Kunden sind in vollem Umfang haftbar, wenn diese Umst\u00e4nde nicht beachtet werden.  <br\/>* Unsere Medium- und Premium-Deckung schlie\u00dft alle selbstverschuldeten Sch\u00e4den aus, die durch Fahrl\u00e4ssigkeit am Fahrzeug verursacht werden, z. B. Kratzer, Dellen, Reifen, Batterie, Schl\u00fcssel.<br\/>* Weitere Informationen finden Sie auch in unseren Allgemeinen Gesch\u00e4ftsbedingungen <a href=\"https:\/\/crystal-carrental.com\/terms\/\">https:\/\/crystal-carrental.com\/terms\/<\/a><br\/>* Die Direktion beh\u00e4lt sich das Recht vor, die Selbstbeteiligung in mauritischen Rupien oder in Euro zu berechnen.<\/figcaption>\n<\/figure>\n<p><\/p><\/p>\n","protected":false},"excerpt":{"rendered":"<p>Unsere Fahrzeuge sind vollkaskoversichert. Wenn Sie zum Beispiel bei einem Unfall als Fahrer keine Schuld trifft, haften Sie nicht f\u00fcr Sch\u00e4den, die an beiden Autos verursacht werden. Wenn Sie schuldig befunden werden, haften Sie auch nicht f\u00fcr den Schaden, der an Ihrem Auto entstanden ist. ABER wie bei jeder Versicherung ist der Kunde verpflichtet, die &hellip; <\/p>\n<p class=\"link-more\"><a href=\"https:\/\/crystal-carrental.com\/de\/versicherungsschutz-mit-selbstbeteiligung\/\" class=\"more-link\"><span class=\"screen-reader-text\"> prova \"Versicherungsschutz mit Selbstbeteiligung\"<\/span><\/a><\/p>\n","protected":false},"author":1,"featured_media":1481,"parent":0,"menu_order":0,"comment_status":"closed","ping_status":"closed","template":"","meta":{"_monsterinsights_skip_tracking":false,"_monsterinsights_sitenote_active":false,"_monsterinsights_sitenote_note":"","_monsterinsights_sitenote_category":0,"footnotes":""},"class_list":["post-1605","page","type-page","status-publish","has-post-thumbnail","hentry"],"_links":{"self":[{"href":"https:\/\/crystal-carrental.com\/de\/wp-json\/wp\/v2\/pages\/1605","targetHints":{"allow":["GET"]}}],"collection":[{"href":"https:\/\/crystal-carrental.com\/de\/wp-json\/wp\/v2\/pages"}],"about":[{"href":"https:\/\/crystal-carrental.com\/de\/wp-json\/wp\/v2\/types\/page"}],"author":[{"embeddable":true,"href":"https:\/\/crystal-carrental.com\/de\/wp-json\/wp\/v2\/users\/1"}],"replies":[{"embeddable":true,"href":"https:\/\/crystal-carrental.com\/de\/wp-json\/wp\/v2\/comments?post=1605"}],"version-history":[{"count":1,"href":"https:\/\/crystal-carrental.com\/de\/wp-json\/wp\/v2\/pages\/1605\/revisions"}],"predecessor-version":[{"id":1606,"href":"https:\/\/crystal-carrental.com\/de\/wp-json\/wp\/v2\/pages\/1605\/revisions\/1606"}],"wp:featuredmedia":[{"embeddable":true,"href":"https:\/\/crystal-carrental.com\/de\/wp-json\/wp\/v2\/media\/1481"}],"wp:attachment":[{"href":"https:\/\/crystal-carrental.com\/de\/wp-json\/wp\/v2\/media?parent=1605"}],"curies":[{"name":"wp","href":"https:\/\/api.w.org\/{rel}","templated":true}]}}