{"id":1601,"date":"2023-06-03T03:55:23","date_gmt":"2023-06-02T23:55:23","guid":{"rendered":"https:\/\/crystal-carrental.com\/datenschutzbestimmungen\/"},"modified":"2024-04-17T20:34:29","modified_gmt":"2024-04-17T16:34:29","slug":"datenschutzbestimmungen","status":"publish","type":"page","link":"https:\/\/crystal-carrental.com\/de\/datenschutzbestimmungen\/","title":{"rendered":"Datenschutzbestimmungen"},"content":{"rendered":"<p>\n\n\n<h1 class=\"wp-block-heading\">Crystal Car Rental Mauritius Datenschutzbestimmungen<\/h1>\n<p><\/p>\n\n\n<\/p>\n<p>\n\n<p>Wir von der Crystal <a href=\"https:\/\/crystal-carrental.com\/de\/\">Autovermietung Mauritius<\/a> sind uns bewusst, dass die Onlinebuchung ein hohes Ma\u00df an Vertrauen von Ihnen erfordert. Wir wissen Ihr Vertrauen zu sch\u00e4tzen und legen gro\u00dfen Wert auf die Sicherheit und Vertraulichkeit Ihrer Daten. So zum Beispiel Ihre pers\u00f6nlichen Daten, die Sie uns zur Verf\u00fcgung stellen. Wir empfehlen allen unseren Kunden dringend, die folgende Richtlinie zu lesen, um sich \u00fcber unsere Datenschutzpolitik <a href=\"https:\/\/crystal-carrental.com\/de\/flotte\/\">Crystal Autovermietung<\/a> Praktiken. Mit dem Besuch dieser Website erkl\u00e4ren Sie sich mit den hier beschriebenen Praktiken einverstanden.<\/p>\n<p>\u00a0<\/p>\n\n<\/p>\n<p>\n\n\n<h3 class=\"wp-block-heading\">Welche Informationen wir von Ihnen sammeln<\/h3>\n<p><\/p>\n\n\n<\/p>\n<p>\n\n\n<p>F\u00fcr den Fall, dass wir Informationen erhalten und speichern, die Sie auf unserer Website eingeben oder uns auf anderem Wege zur Verf\u00fcgung stellen. Zum Beispiel:<\/p>\n<p><\/p>\n\n\n<\/p>\n<p>\n\n\n<\/p>\n<ul class=\"wp-block-list\">\n<li style=\"list-style-type: none;\">\n<ul>\n\n<ul>\n<li style=\"list-style-type: none;\">\n<ul>\n<li>Dazu geh\u00f6ren Informationen, die Sie identifizieren k\u00f6nnen, wie z. B. Ihre pers\u00f6nlichen Daten. Dazu geh\u00f6ren Ihr Vor- und Nachname, Ihre Telefonnummer, Ihre Post- und E-Mail-Adressen sowie Ihre Rechnungsdaten.<\/li>\n<\/ul>\n<\/li>\n<\/ul>\n<p><\/p>\n\n<\/p>\n<p>\n\n<ul>\n<li style=\"list-style-type: none;\">\n<ul>\n<li>Sie k\u00f6nnen sich daf\u00fcr entscheiden, uns keine Informationen wie Kreditkartennummer, Name des Karteninhabers und Ablaufdatum zur Verf\u00fcgung zu stellen. Im Allgemeinen sind jedoch einige Informationen \u00fcber Sie erforderlich, wenn Sie eine Buchung vornehmen oder eine andere Transaktion auf unserer Website durchf\u00fchren.<\/li>\n<\/ul>\n<\/li>\n<\/ul>\n<p><\/p>\n\n<\/p>\n<p>\n\n\n<\/p>\n<p>\n\n\n<h3 class=\"wp-block-heading\">Crystal Car Rental Mauritius - Wie wir Ihre Daten verwenden<\/h3>\n<p><\/p>\n\n\n<\/p>\n<p>\n\n\n<p>Bei Crystal Car Rental Mauritius verwenden wir sensible Rechnungsdaten wie den Namen des Karteninhabers, die Kreditkartennummer und das Ablaufdatum. Diese Informationen sind notwendig, um Ihre Buchung auf unserer Website abschlie\u00dfen zu k\u00f6nnen. Wir verwenden jedoch auch andere Informationen \u00fcber Sie, zum Beispiel f\u00fcr die folgenden allgemeinen Zwecke:<\/p>\n<p><\/p>\n\n\n<\/p>\n<p>\n\n\n<\/p>\n<ul class=\"wp-block-list\">\n<li style=\"list-style-type: none;\">\n<ul>\n\n<ul>\n<li style=\"list-style-type: none;\">\n<ul>\n<li>Um Ihnen die von Ihnen angeforderten Produkte und Dienstleistungen zur Verf\u00fcgung zu stellen und um Ihnen Reise- und Unterkunftsbest\u00e4tigungen und Aktualisierungen zukommen zu lassen.<\/li>\n<\/ul>\n<\/li>\n<\/ul>\n<p><\/p>\n\n<\/p>\n<p>\n\n<ul>\n<li style=\"list-style-type: none;\">\n<ul>\n<li>Zur Verwaltung Ihres Kontos geh\u00f6ren auch die Bearbeitung von Rechnungen und die \u00dcbermittlung von Reisebest\u00e4tigungen. Dar\u00fcber hinaus m\u00f6chte ich mit Ihnen allgemein kommunizieren und auf Ihre Fragen und Kommentare antworten.<\/li>\n<\/ul>\n<\/li>\n<\/ul>\n<p><\/p>\n\n<\/p>\n<p>\n\n<ul>\n<li style=\"list-style-type: none;\">\n<ul>\n<li>Genauso wichtig ist es, das Interesse an unseren Produkten, Dienstleistungen und unserer Website zu messen und diese zu verbessern. sowie um Sie \u00fcber Sonderangebote und Produkte oder Dienstleistungen zu informieren, die f\u00fcr Sie von Interesse sein k\u00f6nnten. Auf diese Weise k\u00f6nnen wir Ihre Erfahrungen mit dieser Website individuell gestalten.<\/li>\n<\/ul>\n<\/li>\n<\/ul>\n<p><\/p>\n\n<\/p>\n<p>\n\n<ul>\n<li style=\"list-style-type: none;\">\n<ul>\n<li>Ebenso k\u00f6nnen wir Sie im Rahmen eines Belohnungs- und Anerkennungsprogramms belohnen, an dem Sie sich beteiligen. Wobei wir Informationen von Ihnen einholen, auch durch Umfragen. Dies kann bei der Beilegung von Streitigkeiten, der Erhebung von Geb\u00fchren oder der Behebung von Problemen helfen. Au\u00dferdem zur Verhinderung potenziell verbotener oder illegaler Aktivit\u00e4ten und zur Durchsetzung unserer Nutzungsbedingungen, die Ihnen zum Zeitpunkt der Datenerfassung mitgeteilt werden.<\/li>\n<\/ul>\n<\/li>\n<\/ul>\n<p><\/p>\n\n<\/p>\n<p>\n\n<ul>\n<li style=\"list-style-type: none;\">\n<ul>\n<li>Au\u00dferdem erhalten wir h\u00e4ufig Erfahrungsberichte und Kommentare von Kunden, die auf unserer Website positive Buchungs- oder Reiseerfahrungen gemacht haben. Aus diesem Grund ver\u00f6ffentlichen wir gelegentlich solche Inhalte, wobei wir nur den Vornamen und die Nachnamen als Quellenangabe verwenden.<\/li>\n<\/ul>\n<\/li>\n<\/ul>\n<p><\/p>\n\n<\/p>\n<p>\n\n\n<\/p>\n<p>\n\n\n<h3 class=\"wp-block-heading\" id=\"email-communications-you-can-expect-to-receive-from-us\">E-Mail-Nachrichten, die Sie von uns erhalten k\u00f6nnen.<\/h3>\n<p><\/p>\n\n\n<\/p>\n<p>\n\n\n<p>Bitte beachten Sie, dass wir Ihnen Marketing-E-Mails mit Informationen \u00fcber Angebote, Produktneuheiten, Gewinnspiele, Programme usw. senden k\u00f6nnen. Dies kann auch andere Sonderaktionen beinhalten, von denen wir glauben, dass sie f\u00fcr Sie wertvoll, interessant oder informativ sind. Sie haben jedoch die Wahl, ob wir Ihre pers\u00f6nlichen Daten f\u00fcr Marketingzwecke verwenden sollen.<\/p>\n<p><\/p>\n\n\n<\/p>\n<p>\n\n\n<h3 class=\"wp-block-heading\" id=\"email-opt-out\">E-Mail-Abmeldung<\/h3>\n<p><\/p>\n\n\n<\/p>\n<p>\n\n\n<p>Sollten Sie kein Interesse mehr daran haben, in Zukunft E-Mail-Marketing-Mitteilungen von uns zu erhalten. Wir bieten Ihnen mehrere M\u00f6glichkeiten, sich von unseren zuk\u00fcnftigen Mailings abzumelden. Erstens k\u00f6nnen Sie sich jederzeit abmelden, indem Sie den Anweisungen und dem Link folgen, die in jeder von uns gesendeten E-Mail und Marketingnachricht enthalten sind. Zweitens k\u00f6nnen Sie sich per E-Mail an info@crystalcarmauritius.com wenden und die Abmeldung beantragen. Bitte geben Sie Ihren Namen und Ihre E-Mail Adresse an.<\/p>\n<p><\/p>\n\n\n<\/p>\n<p>\n\n\n<p>Dies gilt auch dann, wenn Sie sich gegen den Erhalt k\u00fcnftiger Marketingmitteilungen von uns entscheiden. Ebenso werden wir Ihnen weiterhin E-Mails zu Ihren Buchungen oder Anfragen und zu administrativen Informationen schicken. Zum Beispiel \u00c4nderungen an unseren <a href=\"https:\/\/crystal-carrental.com\/car-rental-mauritius-terms-and-conditions\/\" target=\"_blank\" rel=\"noopener\">Gesch\u00e4ftsbedingungen und <\/a>Richtlinien.<\/p>\n<p><\/p>\n\n\n<\/p>\n<p>\n\n\n<p>F\u00fcr den Fall, dass Sie eine Buchung oder einen Kauf auf unserer Website t\u00e4tigen. Bitte beachten Sie, dass wir Ihnen auch Informationen \u00fcber neue Produkte zusenden oder Sie um Ihre Meinung zu unseren Websites usw. bitten k\u00f6nnen. Solche R\u00fcckmeldungen erm\u00f6glichen es uns, unseren Service f\u00fcr Sie und andere Verbraucher zu verbessern.<\/p>\n<p><\/p>\n\n\n<\/p>\n<p>\n\n\n<h3 class=\"wp-block-heading\" id=\"with-whom-we-share-your-information\">Mit wem wir Ihre Informationen teilen<\/h3>\n<p><\/p>\n\n\n<\/p>\n<p>\n\n\n<p>Crystal Car Mauritius wird die \u00fcber Sie gesammelten pers\u00f6nlichen Daten nicht ohne Ihre Zustimmung weitergeben, au\u00dfer unter bestimmten ausdr\u00fccklichen Umst\u00e4nden. Zum Beispiel, wenn eine Offenlegung gesetzlich vorgeschrieben ist, wie bei der <a href=\"https:\/\/nta.govmu.org\/English\/Pages\/default.aspx\" target=\"_blank\" rel=\"noopener\">NTA, dem<\/a> <a href=\"https:\/\/passport.govmu.org\/English\/Pages\/default.aspx\" target=\"_blank\" rel=\"noopener\">Pass- und Einwanderungsamt<\/a>, dem <a href=\"https:\/\/tourism.govmu.org\/English\/Pages\/default.aspx\" target=\"_blank\" rel=\"noopener\">Tourismusministerium<\/a>, der <a href=\"https:\/\/police.govmu.org\/English\/Organisation\/Branches\/Pages\/Anti-Drug-and-Smuggling-Unit-.aspx\" target=\"_blank\" rel=\"noopener\">Polizei von Mauritius<\/a> und rechtm\u00e4\u00dfigen Organisationen auf Mauritius. Wir kombinieren zwar nicht die Informationen, die wir \u00fcber Ihre Unterkunft, Ihre Autovermietung auf Mauritius oder andere damit zusammenh\u00e4ngende Suchen auf unserer Website sammeln. Zum Beispiel Ihre pers\u00f6nlichen Daten wie Ihre E-Mail-Adresse, um Ihnen Werbung auf anderen Websites zu zeigen. Dar\u00fcber hinaus geben wir Ihre pers\u00f6nlichen Daten nicht an Dritte weiter, damit diese Ihnen Werbung zukommen lassen k\u00f6nnen.<\/p>\n<p><\/p>\n\n\n<\/p>\n<p>\n\n\n<h3 class=\"wp-block-heading\" id=\"your-choices-with-respect-to-collection-and-use-of-your-information\">Ihre Wahlm\u00f6glichkeiten in Bezug auf die Erfassung und Verwendung Ihrer Daten<\/h3>\n<p><\/p>\n\n\n<\/p>\n<p>\n\n\n<p>Es ist auch wichtig zu wissen, dass Sie sich daf\u00fcr entscheiden k\u00f6nnen, uns keine Informationen zu geben. Sie k\u00f6nnen jedoch erforderlich sein, um eine Buchung vorzunehmen oder bestimmte auf unserer Website angebotene Funktionen zu nutzen.<\/p>\n<p><\/p>\n\n\n<\/p>\n<p>\n\n\n<h3 class=\"wp-block-heading\" id=\"cookies\">Cookies<\/h3>\n<p><\/p>\n\n\n<\/p>\n<p>\n\n\n<p>Cookies sind kleine Textdateien, die auf der Festplatte Ihres Computers gespeichert werden k\u00f6nnen, wenn Ihr Webbrowser dies zul\u00e4sst. Bitte beachten Sie, dass unsere Website Cookies verwendet, um Ihr Buchungserlebnis zu verbessern.<\/p>\n<p><\/p>\n\n\n<\/p>\n<p>\n\n\n<h3 class=\"wp-block-heading\" id=\"how-we-protect-your-information\">Wie wir Ihre Informationen sch\u00fctzen<\/h3>\n<p><\/p>\n\n\n<\/p>\n<p>\n\n\n<p>Wir m\u00f6chten, dass sich unsere Kunden sicher f\u00fchlen, wenn sie unsere Website nutzen, um eine Reservierung vorzunehmen. Es ist auch unsere Pflicht und Verpflichtung, daf\u00fcr zu sorgen, dass die Informationen, die wir von ihnen gesammelt haben, gesch\u00fctzt werden. Au\u00dferdem kann keine Website Sicherheit garantieren. Wir haben angemessene administrative, technische und physische Sicherheitsverfahren eingef\u00fchrt. Zum Schutz der pers\u00f6nlichen Daten, die Sie uns zur Verf\u00fcgung stellen. So d\u00fcrfen beispielsweise nur befugte Mitarbeiter auf personenbezogene Daten zugreifen, und dies auch nur f\u00fcr zul\u00e4ssige Gesch\u00e4ftsfunktionen.<\/p>\n<p><\/p>\n\n\n<\/p>\n<p>\n\n\n<h3 class=\"wp-block-heading\" id=\"children-s-privacy\">Die Privatsph\u00e4re von Kindern<\/h3>\n<p><\/p>\n\n\n<\/p>\n<p>\n\n\n<p>Da Crystal Car Rental Mauritius im Allgemeinen eine Publikumswebsite ist, bieten wir keine an Kinder gerichteten Dienste an. Sollte ein Kind, von dem wir wissen, dass es unter 13 Jahre alt ist, uns personenbezogene Daten \u00fcbermitteln. Unser Verfahren besteht darin, diese Informationen ausschlie\u00dflich dazu zu verwenden, dem Kind direkt zu antworten. Dieses Verfahren wird durchgef\u00fchrt, um ihn oder sie dar\u00fcber zu informieren, dass wir die Zustimmung der Eltern ben\u00f6tigen, bevor wir ihre pers\u00f6nlichen Daten erhalten.<\/p>\n<p><\/p>\n\n\n<\/p>\n<p>\n\n\n<h3 class=\"wp-block-heading\" id=\"external-links\">Externe Links<\/h3>\n<p><\/p>\n\n\n<\/p>\n<p>\n\n\n<p>Bitte beachten Sie, dass alle externen Links, die auf dieser Website verwendet werden und die Sie zu anderen Websites weiterleiten. Es ist wichtig zu wissen, dass diese Websites nicht unter die auf unserer Website angegebene Datenschutzrichtlinie fallen. Wir empfehlen Ihnen daher, die auf diesen anderen Websites ver\u00f6ffentlichten Datenschutzerkl\u00e4rungen zu pr\u00fcfen. So k\u00f6nnen Sie sich \u00fcber die Verfahren zur Erfassung, Verwendung und Weitergabe personenbezogener Daten informieren.<\/p>\n<p><\/p>\n\n\n<\/p>\n<p>\n\n\n<h3 class=\"wp-block-heading\" id=\"changes-to-this-privacy-policy\">\u00c4nderungen an dieser Datenschutzrichtlinie<\/h3>\n<p><\/p>\n\n\n<\/p>\n<p>\n\n\n<p>F\u00fcr den Fall, dass wir uns entschlie\u00dfen, unsere Datenschutzbestimmungen zu aktualisieren, wird crystal car rental. Wir werden Sie \u00fcber alle wesentlichen \u00c4nderungen an unserer Politik informieren. Bitte beachten Sie, dass eine solche Mitteilung an die E-Mail-Adresse gesendet wird, die Sie uns mitgeteilt haben. Alternativ kann dies auch durch einen deutlichen Hinweis auf unserer Website kommuniziert werden.<\/p>\n<p><\/p>\n\n\n<\/p>\n<p>\n\n\n<h3 class=\"wp-block-heading\" id=\"how-you-contact-us\">Wie Sie uns kontaktieren<\/h3>\n<p><\/p>\n\n\n<\/p>\n<p>\n\n\n<p>Sollten Sie dar\u00fcber hinaus Fragen zu dieser Datenschutzrichtlinie oder zu Ihren Buchungen haben, wenden Sie sich bitte an uns:<\/p>\n<p><\/p>\n\n\n<\/p>\n<p>\n\n\n<\/p>\n<ul class=\"wp-block-list\">\n<li style=\"list-style-type: none;\">\n<ul>\n\n<ul>\n<li style=\"list-style-type: none;\">\n<ul>\n<li>Senden Sie uns eine E-Mail an info@crystalcarmauritius.com oder crystalmarketingltd@gmail.com<\/li>\n<\/ul>\n<\/li>\n<\/ul>\n<p><\/p>\n\n<\/p>\n<p>\n\n<ul>\n<li style=\"list-style-type: none;\">\n<ul>\n<li>Oder kontaktieren Sie uns und sprechen Sie mit einem unserer Agenten \u00fcber unsere Hotline.<\/li>\n<\/ul>\n<\/li>\n<\/ul>\n<p><\/p>\n\n<\/p>\n<p>\n\n<ul>\n<li style=\"list-style-type: none;\">\n<ul>\n<li>Sie k\u00f6nnen uns auch an die folgende Adresse schreiben: Crystalcarmauritius, No 20 Fortuna Beach, Ave des Kestrel, Flic En Flac, Mauritius.<\/li>\n<\/ul>\n<\/li>\n<\/ul>\n<p><\/p>\n\n<\/p>\n<p>\n\n\n<\/p>","protected":false},"excerpt":{"rendered":"<p>Crystal Car Rental Mauritius Datenschutzbestimmungen Wir von der Crystal Autovermietung Mauritius sind uns bewusst, dass die Onlinebuchung ein hohes Ma\u00df an Vertrauen von Ihnen erfordert. Wir wissen Ihr Vertrauen zu sch\u00e4tzen und legen gro\u00dfen Wert auf die Sicherheit und Vertraulichkeit Ihrer Daten. So zum Beispiel Ihre pers\u00f6nlichen Daten, die Sie uns zur Verf\u00fcgung stellen. Wir &hellip; <\/p>\n<p class=\"link-more\"><a href=\"https:\/\/crystal-carrental.com\/de\/datenschutzbestimmungen\/\" class=\"more-link\"><span class=\"screen-reader-text\"> prova \"Datenschutzbestimmungen\"<\/span><\/a><\/p>\n","protected":false},"author":1,"featured_media":1495,"parent":0,"menu_order":0,"comment_status":"closed","ping_status":"closed","template":"","meta":{"_monsterinsights_skip_tracking":false,"_monsterinsights_sitenote_active":false,"_monsterinsights_sitenote_note":"","_monsterinsights_sitenote_category":0,"footnotes":""},"class_list":["post-1601","page","type-page","status-publish","has-post-thumbnail","hentry"],"_links":{"self":[{"href":"https:\/\/crystal-carrental.com\/de\/wp-json\/wp\/v2\/pages\/1601","targetHints":{"allow":["GET"]}}],"collection":[{"href":"https:\/\/crystal-carrental.com\/de\/wp-json\/wp\/v2\/pages"}],"about":[{"href":"https:\/\/crystal-carrental.com\/de\/wp-json\/wp\/v2\/types\/page"}],"author":[{"embeddable":true,"href":"https:\/\/crystal-carrental.com\/de\/wp-json\/wp\/v2\/users\/1"}],"replies":[{"embeddable":true,"href":"https:\/\/crystal-carrental.com\/de\/wp-json\/wp\/v2\/comments?post=1601"}],"version-history":[{"count":2,"href":"https:\/\/crystal-carrental.com\/de\/wp-json\/wp\/v2\/pages\/1601\/revisions"}],"predecessor-version":[{"id":2163,"href":"https:\/\/crystal-carrental.com\/de\/wp-json\/wp\/v2\/pages\/1601\/revisions\/2163"}],"wp:featuredmedia":[{"embeddable":true,"href":"https:\/\/crystal-carrental.com\/de\/wp-json\/wp\/v2\/media\/1495"}],"wp:attachment":[{"href":"https:\/\/crystal-carrental.com\/de\/wp-json\/wp\/v2\/media?parent=1601"}],"curies":[{"name":"wp","href":"https:\/\/api.w.org\/{rel}","templated":true}]}}