{"id":1586,"date":"2023-06-17T08:18:46","date_gmt":"2023-06-17T04:18:46","guid":{"rendered":"https:\/\/crystal-carrental.com\/testimonials\/"},"modified":"2023-06-17T08:18:46","modified_gmt":"2023-06-17T04:18:46","slug":"testimonials","status":"publish","type":"page","link":"https:\/\/crystal-carrental.com\/de\/testimonials\/","title":{"rendered":"Testimonials"},"content":{"rendered":"<h2>WAS UNSERE KUNDEN SAGEN<\/h2>\n<p>[grw id=\"96\"]<\/p>\n<h5>  Testimonials | Crystal Car Rental<\/h5>\n<p>Verlassen Sie sich nicht nur auf unser Wort! Hier k\u00f6nnen Sie die Erfahrungsberichte unserer Kunden lesen und erfahren, was sie zu unserem Autovermietungsservice zu sagen hatten. <a href=\"https:\/\/g.page\/r\/CXxQLcsBUmfJEB0\/review\" target=\"_blank\" rel=\"noopener\">Klicken Sie hier<\/a>, um mehr zu lesen und bl\u00e4ttern Sie durch die Hunderte von Bewertungen unserer Kunden hat lefts uns auf unserer Crystal Autovermietung Seite. Wir freuen uns, dass wir ein hohes Ma\u00df an positiven Bewertungen erhalten haben, w\u00e4hrend wir auf der Google Business Page durchschnittlich 4,8 von 5 Punkten erreicht haben.<\/p>\n<p>Sie k\u00f6nnen auch andere bekannte Plattformen wie Africabz besuchen, um mehr Feedback von unseren Kunden zu lesen <a href=\"https:\/\/mu.africabz.com\/mauritius\/crystal-car-rental-mauritius-295615\" target=\"_blank\" rel=\"noopener\">, klicken Sie hier<\/a>, wobei wir eine positive Bewertung von 5 Sternen von unseren Kunden erhalten haben. Wir werden uns auch bald darum bem\u00fchen, unser Unternehmen auf Plattformen wie <a href=\"https:\/\/www.tripadvisor.com\/RentalCars-g293816-Mauritius.html\" target=\"_blank\" rel=\"noopener\">Tripadvisor<\/a> einzurichten, um unser Unternehmen f\u00fcr weitere Open-Source-Plattformen zu \u00f6ffnen, auf denen Kunden unseren Service bewerten k\u00f6nnen.<\/p>\n<p>Wenn Sie ein Auto bei uns buchen und unsere Angebote pr\u00fcfen m\u00f6chten. Wir haben eine allgemeine Verf\u00fcgbarkeitsfunktion, die unseren Kunden einen allgemeinen \u00dcberblick \u00fcber die Verf\u00fcgbarkeit unserer Fahrzeuge gibt. F\u00fcr weitere Informationen k\u00f6nnen Sie unser Auto Verf\u00fcgbarkeit <a href=\"https:\/\/crystal-carrental.com\/general-availability-location-de-voiture-ile-maurice\/\" target=\"_blank\" rel=\"noopener\">klicken Sie hier.<\/a> Unsere Kunden Zeugnisse Kristall Autovermietung haben hoch bewertet unsere Website ist benutzerfreundlich und einfach zu navigieren durch.<\/p>\n<p>Au\u00dferdem f\u00fchren wir h\u00e4ufig Sonderangebote auf unserer Website durch. Um dies nicht zu verpassen, besuchen Sie unsere Aktionsseite <a href=\"https:\/\/crystal-carrental.com\/promotions\/\" target=\"_blank\" rel=\"noopener\">, klicken Sie hier<\/a>, wo Sie alle unsere erm\u00e4\u00dfigten Autos online sehen k\u00f6nnen. Wir werden unseren Kunden weiterhin den bestm\u00f6glichen Service bieten. Als renommierter Anbieter von Autovermietungen in Mauritius, werden wir immer sicherstellen, einen sehr g\u00fcnstigen und wettbewerbsf\u00e4higen Preis online zu halten.<\/p>\n","protected":false},"excerpt":{"rendered":"<p>WAS UNSERE KUNDEN SAGEN [grw id=\"96\"] Testimonials | Crystal Car Rental Verlassen Sie sich nicht nur auf unser Wort! Hier k\u00f6nnen Sie die Erfahrungsberichte unserer Kunden lesen und erfahren, was sie zu unserem Autovermietungsservice zu sagen hatten. Klicken Sie hier, um mehr zu lesen und bl\u00e4ttern Sie durch die Hunderte von Bewertungen unserer Kunden hat &hellip; <\/p>\n<p class=\"link-more\"><a href=\"https:\/\/crystal-carrental.com\/de\/testimonials\/\" class=\"more-link\"><span class=\"screen-reader-text\"> prova \"Testimonials\"<\/span><\/a><\/p>\n","protected":false},"author":1,"featured_media":1497,"parent":0,"menu_order":0,"comment_status":"closed","ping_status":"closed","template":"","meta":{"_monsterinsights_skip_tracking":false,"_monsterinsights_sitenote_active":false,"_monsterinsights_sitenote_note":"","_monsterinsights_sitenote_category":0,"footnotes":""},"class_list":["post-1586","page","type-page","status-publish","has-post-thumbnail","hentry"],"_links":{"self":[{"href":"https:\/\/crystal-carrental.com\/de\/wp-json\/wp\/v2\/pages\/1586","targetHints":{"allow":["GET"]}}],"collection":[{"href":"https:\/\/crystal-carrental.com\/de\/wp-json\/wp\/v2\/pages"}],"about":[{"href":"https:\/\/crystal-carrental.com\/de\/wp-json\/wp\/v2\/types\/page"}],"author":[{"embeddable":true,"href":"https:\/\/crystal-carrental.com\/de\/wp-json\/wp\/v2\/users\/1"}],"replies":[{"embeddable":true,"href":"https:\/\/crystal-carrental.com\/de\/wp-json\/wp\/v2\/comments?post=1586"}],"version-history":[{"count":0,"href":"https:\/\/crystal-carrental.com\/de\/wp-json\/wp\/v2\/pages\/1586\/revisions"}],"wp:featuredmedia":[{"embeddable":true,"href":"https:\/\/crystal-carrental.com\/de\/wp-json\/wp\/v2\/media\/1497"}],"wp:attachment":[{"href":"https:\/\/crystal-carrental.com\/de\/wp-json\/wp\/v2\/media?parent=1586"}],"curies":[{"name":"wp","href":"https:\/\/api.w.org\/{rel}","templated":true}]}}