{"id":1584,"date":"2023-06-17T06:27:40","date_gmt":"2023-06-17T02:27:40","guid":{"rendered":"https:\/\/crystal-carrental.com\/langfristige-autovermietung-mauritius\/"},"modified":"2024-04-16T22:37:24","modified_gmt":"2024-04-16T18:37:24","slug":"langfristige-autovermietung-mauritius","status":"publish","type":"page","link":"https:\/\/crystal-carrental.com\/de\/langfristige-autovermietung-mauritius\/","title":{"rendered":"Langfristige Autovermietung Mauritius"},"content":{"rendered":"<style>\/*! elementor - v3.14.0 - 18-06-2023 *\/<br \/>\n.elementor-heading-title{padding:0;margin:0;line-height:1}.elementor-widget-heading .elementor-heading-title[class*=elementor-size-]&gt;a{color:inherit;font-size:inherit;line-height:inherit}.elementor-widget-heading .elementor-heading-title.elementor-size-small{font-size:15px}.elementor-widget-heading .elementor-heading-title.elementor-size-medium{font-size:19px}.elementor-widget-heading .elementor-heading-title.elementor-size-large{font-size:29px}.elementor-widget-heading .elementor-heading-title.elementor-size-xl{font-size:39px}.elementor-widget-heading .elementor-heading-title.elementor-size-xxl{font-size:59px}<\/style>\n<h1>Sie suchen eine Langzeitmiete in Mauritius?<\/h1>\n<p>Ben\u00f6tigen Sie ein Fahrzeug f\u00fcr mehr als zwei Monate?<\/p>\n<p>Wir bieten erstaunliche Preise f\u00fcr Ihre langfristigen Mietbed\u00fcrfnisse und sind anpassungsf\u00e4hig an Ihre spezifischen Anforderungen.<\/p>\n<p>Unser Verkaufspersonal hilft Ihnen gerne mit einer ma\u00dfgeschneiderten L\u00f6sung.<\/p>\n<p>Bitte f\u00fcllen Sie das nachstehende Formular aus, um den Antrag zu stellen.<\/p>\n<h4><\/h4>\n\n<div class=\"wpcf7 no-js\" id=\"wpcf7-f93-o1\" lang=\"en-US\" dir=\"ltr\" data-wpcf7-id=\"93\">\n<div class=\"screen-reader-response\"><p role=\"status\" aria-live=\"polite\" aria-atomic=\"true\"><\/p> <ul><\/ul><\/div>\n<form action=\"\/de\/wp-json\/wp\/v2\/pages\/1584#wpcf7-f93-o1\" method=\"post\" class=\"wpcf7-form init\" aria-label=\"Contact form\" novalidate=\"novalidate\" data-status=\"init\">\n<fieldset class=\"hidden-fields-container\"><input type=\"hidden\" name=\"_wpcf7\" value=\"93\" \/><input type=\"hidden\" name=\"_wpcf7_version\" value=\"6.1.5\" \/><input type=\"hidden\" name=\"_wpcf7_locale\" value=\"en_US\" \/><input type=\"hidden\" name=\"_wpcf7_unit_tag\" value=\"wpcf7-f93-o1\" \/><input type=\"hidden\" name=\"_wpcf7_container_post\" value=\"0\" \/><input type=\"hidden\" name=\"_wpcf7_posted_data_hash\" value=\"\" \/>\n<\/fieldset>\n<div class=\"row\">\n\t<div class=\"col-md-6 col-sm-6\">\n\t\t<div class=\"form-group\">\n\t\t\t<div class=\"form-group\">\n\t\t\t\t<div class=\"contact-us-label\">\n\t\t\t\t\t<p>Your message\n\t\t\t\t\t<\/p>\n\t\t\t\t<\/div>\n\t\t\t\t<p><span class=\"wpcf7-form-control-wrap\" data-name=\"message\"><textarea cols=\"40\" rows=\"10\" maxlength=\"2000\" class=\"wpcf7-form-control wpcf7-textarea\" aria-invalid=\"false\" placeholder=\"Enter Your message...\" name=\"message\"><\/textarea><\/span>\n\t\t\t\t<\/p>\n\t\t\t<\/div>\n\t\t<\/div>\n\t<\/div>\n\t<div class=\"col-md-6 col-sm-6\">\n\t\t<div class=\"form-group\">\n\t\t\t<div class=\"contact-us-label\">\n\t\t\t\t<p>FIRST NAME*\n\t\t\t\t<\/p>\n\t\t\t<\/div>\n\t\t\t<p><span class=\"wpcf7-form-control-wrap\" data-name=\"your-name\"><input size=\"40\" maxlength=\"400\" class=\"wpcf7-form-control wpcf7-text wpcf7-validates-as-required\" aria-required=\"true\" aria-invalid=\"false\" placeholder=\"Enter your first name\" value=\"\" type=\"text\" name=\"your-name\" \/><\/span>\n\t\t\t<\/p>\n\t\t<\/div>\n\t\t<div class=\"form-group\">\n\t\t\t<div class=\"contact-us-label\">\n\t\t\t\t<p>EMAIL*\n\t\t\t\t<\/p>\n\t\t\t<\/div>\n\t\t\t<p><span class=\"wpcf7-form-control-wrap\" data-name=\"email\"><input size=\"40\" maxlength=\"400\" class=\"wpcf7-form-control wpcf7-email wpcf7-validates-as-required wpcf7-text wpcf7-validates-as-email\" aria-required=\"true\" aria-invalid=\"false\" placeholder=\"email@domain.com\" value=\"\" type=\"email\" name=\"email\" \/><\/span>\n\t\t\t<\/p>\n\t\t<\/div>\n\t\t<div class=\"contact-us-submit\">\n\t\t\t<p><input class=\"wpcf7-form-control wpcf7-submit has-spinner contact-us-submit\" type=\"submit\" value=\"Submit\" \/>\n\t\t\t<\/p>\n\t\t<\/div>\n\t<\/div>\n<\/div><div class=\"wpcf7-response-output\" aria-hidden=\"true\"><\/div>\n<\/form>\n<\/div>\n\n<p>Unsere Langzeit-Autovermietung auf Mauritius ist ideal f\u00fcr Kunden, die ein Fahrzeug \u00fcber einen l\u00e4ngeren Zeitraum zu einem monatlichen Festpreis mieten m\u00f6chten. Dies ist die billigste langfristige Autovermietung Mauritius. Dar\u00fcber hinaus sind wir in der Lage, ein Paket f\u00fcr unsere Kunden auf der Grundlage ihrer Bed\u00fcrfnisse und Anforderungen zu schn\u00fcren.<\/p>\n<p>Bei <a href=\"https:\/\/crystal-carrental.com\/de\/\">Crystal Car Rental<\/a> sind wir uns sicher, dass Sie bei uns das bestm\u00f6gliche Angebot erhalten werden. Dar\u00fcber hinaus haben wir eine gro\u00dfe Auswahl an monatlichen Mietwagenoptionen, bei denen wir sicher sind, dass Sie das Richtige f\u00fcr sich finden werden. Dar\u00fcber hinaus bieten wir <a style=\"font-family: var( --e-global-typography-text-font-family ), Sans-serif; font-weight: var( --e-global-typography-text-font-weight ); text-align: var(--text-align); background-color: #ffffff;\" href=\"https:\/\/crystal-carrental.com\/de\/suche\/\" target=\"_blank\" rel=\"noopener\">Autovermietung Mauritius Flughafen<\/a> k\u00f6nnen Sie alle unsere Lage auf unserer Seite, wie wir \u00fcber die Insel zu liefern. Sie k\u00f6nnen die Seite von <a href=\"https:\/\/www.airmauritius.com\/\" target=\"_blank\" rel=\"noopener\">Air Mauritius<\/a> besuchen, wenn Sie weitere Informationen \u00fcber die Einrichtungen am Flughafen bei der Ankunft ben\u00f6tigen. Wifi ist bei der Ankunft am Flughafen verf\u00fcgbar.<\/p>\n<p>Abh\u00e4ngig von den Anforderungen der Kunden werden wir einen speziellen Tarif f\u00fcr diejenigen Kunden, die eine langfristige Autovermietung suchen, anpassen. Auf dieser Seite m\u00fcssen Sie Ihre pers\u00f6nlichen Daten mit detaillierten Informationen \u00fcber Ihren Mietwagenbedarf eingeben. Geben Sie au\u00dferdem vor allem die Art des Fahrzeugs an, das Sie mieten m\u00f6chten, und die Dauer des Aufenthalts, f\u00fcr den Sie das Fahrzeug ben\u00f6tigen. Abgesehen davon helfen uns alle weiteren Informationen weiter, wenn Sie spezielle W\u00fcnsche haben.<\/p>\n","protected":false},"excerpt":{"rendered":"<p>Sie suchen eine Langzeitmiete in Mauritius? Ben\u00f6tigen Sie ein Fahrzeug f\u00fcr mehr als zwei Monate? Wir bieten erstaunliche Preise f\u00fcr Ihre langfristigen Mietbed\u00fcrfnisse und sind anpassungsf\u00e4hig an Ihre spezifischen Anforderungen. Unser Verkaufspersonal hilft Ihnen gerne mit einer ma\u00dfgeschneiderten L\u00f6sung. Bitte f\u00fcllen Sie das nachstehende Formular aus, um den Antrag zu stellen. Unsere Langzeit-Autovermietung auf Mauritius &hellip; <\/p>\n<p class=\"link-more\"><a href=\"https:\/\/crystal-carrental.com\/de\/langfristige-autovermietung-mauritius\/\" class=\"more-link\"><span class=\"screen-reader-text\"> prova \"Langfristige Autovermietung Mauritius\"<\/span><\/a><\/p>\n","protected":false},"author":1,"featured_media":1491,"parent":0,"menu_order":0,"comment_status":"closed","ping_status":"closed","template":"","meta":{"_monsterinsights_skip_tracking":false,"_monsterinsights_sitenote_active":false,"_monsterinsights_sitenote_note":"","_monsterinsights_sitenote_category":0,"footnotes":""},"class_list":["post-1584","page","type-page","status-publish","has-post-thumbnail","hentry"],"_links":{"self":[{"href":"https:\/\/crystal-carrental.com\/de\/wp-json\/wp\/v2\/pages\/1584","targetHints":{"allow":["GET"]}}],"collection":[{"href":"https:\/\/crystal-carrental.com\/de\/wp-json\/wp\/v2\/pages"}],"about":[{"href":"https:\/\/crystal-carrental.com\/de\/wp-json\/wp\/v2\/types\/page"}],"author":[{"embeddable":true,"href":"https:\/\/crystal-carrental.com\/de\/wp-json\/wp\/v2\/users\/1"}],"replies":[{"embeddable":true,"href":"https:\/\/crystal-carrental.com\/de\/wp-json\/wp\/v2\/comments?post=1584"}],"version-history":[{"count":1,"href":"https:\/\/crystal-carrental.com\/de\/wp-json\/wp\/v2\/pages\/1584\/revisions"}],"predecessor-version":[{"id":2142,"href":"https:\/\/crystal-carrental.com\/de\/wp-json\/wp\/v2\/pages\/1584\/revisions\/2142"}],"wp:featuredmedia":[{"embeddable":true,"href":"https:\/\/crystal-carrental.com\/de\/wp-json\/wp\/v2\/media\/1491"}],"wp:attachment":[{"href":"https:\/\/crystal-carrental.com\/de\/wp-json\/wp\/v2\/media?parent=1584"}],"curies":[{"name":"wp","href":"https:\/\/api.w.org\/{rel}","templated":true}]}}