{"id":1576,"date":"2023-04-23T06:57:31","date_gmt":"2023-04-23T02:57:31","guid":{"rendered":"https:\/\/crystal-carrental.com\/kontakt\/"},"modified":"2024-04-17T10:13:44","modified_gmt":"2024-04-17T06:13:44","slug":"kontakt","status":"publish","type":"page","link":"https:\/\/crystal-carrental.com\/de\/kontakt\/","title":{"rendered":"Kontakt"},"content":{"rendered":"<p>\n\n<p>Bei <a href=\"https:\/\/crystal-carrental.com\/de\/unsere-autos\/\">Crystal Car Rental<\/a> sind wir stolz darauf, einen au\u00dfergew\u00f6hnlichen Kundenservice zu bieten. Unser freundliches Personal steht Ihnen bei allen Fragen und Anliegen jederzeit zur Verf\u00fcgung. Ganz gleich, ob Sie Hilfe bei Ihrer Anmietung ben\u00f6tigen oder eine allgemeine Anfrage haben, unser Team ist f\u00fcr Sie da. Wir gehen weit dar\u00fcber hinaus, um sicherzustellen, dass Ihre Erfahrungen mit uns hervorragend sind. Nutzen Sie unsere Kontaktseite f\u00fcr Autovermietungen auf Mauritius, um mit uns in Kontakt zu treten, wenn Sie Fragen zur Anmietung eines Autos bei uns haben.<\/p>\n<p>\u00a0<\/p>\n\n\n\n\n<p>Wir haben auf unserer Website auch eine <a href=\"https:\/\/crystal-carrental.com\/de\/haeufig-gestellte-fragen\/\" target=\"_blank\" rel=\"noopener\">FAQ-Seite<\/a> (Frequently Ask Questions) eingerichtet. Diese Seite wurde entwickelt, um die meisten der \u00fcblichen Probleme und Fragen zu l\u00f6sen. Diese Informationen k\u00f6nnen Kunden vor der Anmietung eines Fahrzeugs auf Mauritius in Erfahrung bringen. Deshalb haben wir in unseren H\u00e4ufig gestellten Fragen 16 wichtige Punkte zusammengestellt.<\/p>\n<p><\/p>\n\n\n<\/p>\n<p>\n\n\n<p>Dar\u00fcber hinaus haben wir viele relevante aktuelle Artikel und Blogs auf unserer Facebook-Kontaktseite Autovermietung Mauritius zur Verf\u00fcgung gestellt, <a href=\"https:\/\/www.facebook.com\/crystalcarsmauritius\/\" target=\"_blank\" rel=\"noreferrer noopener\">klicken Sie hier<\/a>. Eine weitere wichtige und h\u00e4ufig gestellte Frage, die wir h\u00e4ufig erhalten, betrifft unsere Option des Versicherungsverzichts. Heute freuen wir uns, unseren Kunden endlich die M\u00f6glichkeit bieten zu k\u00f6nnen, ihr Risiko der Selbstbeteiligung durch den Abschluss einer Premium-Versicherung als Sicherheit zu verringern. F\u00fcr weitere Informationen zu unserem Versicherungsschutz mit Selbstbeteiligung<a href=\"https:\/\/crystal-carrental.com\/de\/versicherungsschutz-mit-selbstbeteiligung\/\" target=\"_blank\" rel=\"noopener\">klicken Sie<\/a> bitte<a href=\"https:\/\/crystal-carrental.com\/de\/versicherungsschutz-mit-selbstbeteiligung\/\" target=\"_blank\" rel=\"noopener\">hier<\/a>, um weitere Informationen zu erhalten.<\/p>\n<p>Bei dringenden Fragen sind wir w\u00e4hrend der normalen Gesch\u00e4ftszeiten immer telefonisch erreichbar. F\u00fcr diejenigen, die die Watts-App verwenden, ist diese Funktion verf\u00fcgbar. Chatten Sie noch heute mit uns \u00fcber Whatsapp, <a href=\"https:\/\/api.whatsapp.com\/send\/?phone=23058018068\" target=\"_blank\" rel=\"noopener\">klicken Sie hier<\/a>. Anschlie\u00dfend werden unsere Vertriebsmitarbeiter mit Sicherheit zur Stelle sein, um alle Fragen sofort zu beantworten.  <\/p>\n<p><\/p>\n\n\n<\/p>","protected":false},"excerpt":{"rendered":"<p>Bei Crystal Car Rental sind wir stolz darauf, einen au\u00dfergew\u00f6hnlichen Kundenservice zu bieten. Unser freundliches Personal steht Ihnen bei allen Fragen und Anliegen jederzeit zur Verf\u00fcgung. Ganz gleich, ob Sie Hilfe bei Ihrer Anmietung ben\u00f6tigen oder eine allgemeine Anfrage haben, unser Team ist f\u00fcr Sie da. Wir gehen weit dar\u00fcber hinaus, um sicherzustellen, dass Ihre &hellip; <\/p>\n<p class=\"link-more\"><a href=\"https:\/\/crystal-carrental.com\/de\/kontakt\/\" class=\"more-link\"><span class=\"screen-reader-text\"> prova \"Kontakt\"<\/span><\/a><\/p>\n","protected":false},"author":1,"featured_media":1493,"parent":0,"menu_order":0,"comment_status":"closed","ping_status":"closed","template":"","meta":{"_monsterinsights_skip_tracking":false,"_monsterinsights_sitenote_active":false,"_monsterinsights_sitenote_note":"","_monsterinsights_sitenote_category":0,"footnotes":""},"class_list":["post-1576","page","type-page","status-publish","has-post-thumbnail","hentry"],"_links":{"self":[{"href":"https:\/\/crystal-carrental.com\/de\/wp-json\/wp\/v2\/pages\/1576","targetHints":{"allow":["GET"]}}],"collection":[{"href":"https:\/\/crystal-carrental.com\/de\/wp-json\/wp\/v2\/pages"}],"about":[{"href":"https:\/\/crystal-carrental.com\/de\/wp-json\/wp\/v2\/types\/page"}],"author":[{"embeddable":true,"href":"https:\/\/crystal-carrental.com\/de\/wp-json\/wp\/v2\/users\/1"}],"replies":[{"embeddable":true,"href":"https:\/\/crystal-carrental.com\/de\/wp-json\/wp\/v2\/comments?post=1576"}],"version-history":[{"count":2,"href":"https:\/\/crystal-carrental.com\/de\/wp-json\/wp\/v2\/pages\/1576\/revisions"}],"predecessor-version":[{"id":2153,"href":"https:\/\/crystal-carrental.com\/de\/wp-json\/wp\/v2\/pages\/1576\/revisions\/2153"}],"wp:featuredmedia":[{"embeddable":true,"href":"https:\/\/crystal-carrental.com\/de\/wp-json\/wp\/v2\/media\/1493"}],"wp:attachment":[{"href":"https:\/\/crystal-carrental.com\/de\/wp-json\/wp\/v2\/media?parent=1576"}],"curies":[{"name":"wp","href":"https:\/\/api.w.org\/{rel}","templated":true}]}}