{"id":1570,"date":"2023-04-23T06:56:56","date_gmt":"2023-04-23T02:56:56","guid":{"rendered":"https:\/\/crystal-carrental.com\/ueber-uns\/"},"modified":"2024-04-16T21:39:42","modified_gmt":"2024-04-16T17:39:42","slug":"ueber-uns","status":"publish","type":"page","link":"https:\/\/crystal-carrental.com\/de\/ueber-uns\/","title":{"rendered":"\u00dcber uns"},"content":{"rendered":"<\/p>\n\n\n<h3 class=\"wp-block-heading\">\u00dcber uns - Crystal Car Rental<\/h3>\n<p>\n<\/p>\n\n\n<\/p>\n\n\n<p class=\"\">Crystal Autovermietung mit Sitz in Mauritius ist eine f\u00fchrende Autovermietungsfirma. Unser Motto seit 1989 ist es, unseren Kunden einen qualitativ hochwertigen Service mit einem Hauch von mauritischer Gastfreundschaft zu bieten. Unsere Kollegen von <a href=\"https:\/\/crystal-carrental.com\/de\/\">Crystal Car Rental Mauritius<\/a> stehen Ihnen bei allen Fragen gerne zur Verf\u00fcgung. St\u00f6bern Sie in unserem sorgf\u00e4ltig ausgew\u00e4hlten Angebot an Fahrzeugen, die wir online zu einem sehr g\u00fcnstigen Preis anbieten. Gleichzeitig bieten wir unseren Kunden einen hervorragenden Service. Au\u00dferdem zeigt unsere Kundenfeedback-Seite, dass wir ein seri\u00f6ses Unternehmen mit einem ausgezeichneten Verhaltenskodex sind. Crystal Car Rentals ist bestrebt, qualitativ hochwertige Fahrzeuge zu einem wettbewerbsf\u00e4higen Preis anzubieten.<\/p>\n\n\n<\/p>\n\n\n<p>Die Crystal Autovermietung ist heute ein Begriff f\u00fcr Ausfl\u00fcgler und Reisende. Als etablierte Marke, die auf Mauritius landesweit anerkannt ist. Wir sch\u00e4tzen unsere Klienten und Kunden wie ein Mitglied unserer Familie. Zum gegenw\u00e4rtigen Zeitpunkt ist Crystal Car Rental weiterhin auf Wachstumskurs und strebt nach Erfolg. Daher basiert unser Gesch\u00e4ftskonzept auf unserer Erfahrung und der Interaktion mit unseren Kunden, um sicherzustellen, dass wir den besten Autovermietungsservice auf Mauritius anbieten.<\/p>\n<p>\n<\/p>\n\n\n<\/p>\n\n\n<p>Heute sind wir dank unserer gro\u00dfen Einrichtung und Fahrzeugflotte in der Lage, Autos auf der ganzen Insel auszuliefern und so sicherzustellen, dass Ihr Mauritius-Erlebnis so gut wie m\u00f6glich ist. Um den Bed\u00fcrfnissen unserer Kunden gerecht zu werden, bieten wir einen Abhol- und Bringservice zum Flughafen an. Unsere SUVs und Kleinwagen sind alle klimatisiert, gr\u00fcndlich gewartet und verf\u00fcgen \u00fcber ein einfaches Automatikgetriebe.<\/p>\n<p>\n<\/p>\n\n\n<\/p>\n\n\n<p>Wir engagieren uns f\u00fcr Nachhaltigkeit nicht nur, weil sie gut f\u00fcrs Gesch\u00e4ft ist. Aber auch, weil wir an den Schutz unserer sch\u00f6nen Insel glauben. Alle unsere Fahrzeuge wurden sorgf\u00e4ltig ausgew\u00e4hlt, um sicherzustellen, dass wir so wenig CO2-Emissionen wie m\u00f6glich haben.<\/p>\n<h5>Long Term car rental in Mauritius<\/h5>\n<p>\n<\/p>\n\n\n<\/p>\n\n\n<p>F\u00fcr Langzeit- oder Kurzzeitvermietungen kontaktieren Sie uns bitte und ein Mitglied unseres Teams wird Ihnen helfen. Alternativ dazu ist unsere Website so eingerichtet, dass sie alle Ihre Bed\u00fcrfnisse erf\u00fcllt. Anschlie\u00dfend k\u00f6nnen Sie mehr \u00fcber unsere langfristige Autovermietung in Mauritius auf unserer Seite lesen, <a href=\"https:\/\/crystal-carrental.com\/de\/langfristige-autovermietung-mauritius\/\" target=\"_blank\" rel=\"noopener\">klicken Sie hier<\/a>.<\/p>\n<p>\n<\/p>\n\n\n<\/p>\n\n\n<p>F\u00fcr Ausfl\u00fcgler und Reisende ist die Crystal Autovermietung ein Begriff geworden. In Mauritius haben wir eine gut eingef\u00fchrte Marke, die sehr bekannt ist. Wir behandeln unsere Kunden und Verbraucher, als w\u00e4ren sie Familienmitglieder. Crystal Car Rental w\u00e4chst weiter und strebt nach Erfolg. So basiert unser Gesch\u00e4ftsmodell auf unserem Fachwissen und der Interaktion mit unseren Kunden. Dabei stellen wir sicher, dass wir den besten Autovermietungsservice in Mauritius anbieten.<\/p>\n<p>Wir haben auch eine Kette von Mietunterk\u00fcnften auf Mauritius innerhalb der Crystal-Gruppe. Wenn Sie auch nach einer Wohnung suchen m\u00f6chten, k\u00f6nnen Sie sich unsere Seite <a href=\"https:\/\/crystalproperties.mu\/\" target=\"_blank\" rel=\"noopener\">Crystal Properties<\/a> ansehen.<\/p>\n<p>\n<\/p>\n\n\n<\/p>\n\n\n<h5 class=\"wp-block-heading\">Warum wir?<\/h5>\n<p>\n<\/p>\n\n\n<\/p>\n\n\n<p>Wir sind ein lokales Unternehmen mit Sitz in Mauritius, das sich zum Ziel gesetzt hat, erschwingliche Autovermietungsl\u00f6sungen auf der ganzen Insel mit einem Hauch mauritischer Gastfreundschaft anzubieten. Um sicherzustellen, dass unsere Kunden fair behandelt werden, haben wir eine transparente Preisstruktur und sind bestrebt, so wettbewerbsf\u00e4hig wie m\u00f6glich zu sein. So sind in unseren Preisen beispielsweise eine Vollkaskoversicherung, Steuern und Lieferkosten enthalten. Ebenso k\u00f6nnen wir auch eine Flughafenzustellung sowie einen kostenlosen Zusatzfahrer anbieten. Unsere Online-Infrastruktur erf\u00fcllt alle Ihre pers\u00f6nlichen W\u00fcnsche und macht sie zu einer benutzerfreundlichen Website. Sie k\u00f6nnen unsere Seite besuchen, um mehr dar\u00fcber zu erfahren, warum Sie uns als Ihre Autovermietung in Mauritius w\u00e4hlen sollten, <a href=\"https:\/\/crystal-carrental.com\/why-choose-us\/\" target=\"_blank\" rel=\"noopener\">klicken Sie hier<\/a>.<\/p>\n<p>\n<\/p>\n\n\n<\/p>","protected":false},"excerpt":{"rendered":"<p>\u00dcber uns - Crystal Car Rental Crystal Autovermietung mit Sitz in Mauritius ist eine f\u00fchrende Autovermietungsfirma. Unser Motto seit 1989 ist es, unseren Kunden einen qualitativ hochwertigen Service mit einem Hauch von mauritischer Gastfreundschaft zu bieten. Unsere Kollegen von Crystal Car Rental Mauritius stehen Ihnen bei allen Fragen gerne zur Verf\u00fcgung. St\u00f6bern Sie in unserem &hellip; <\/p>\n<p class=\"link-more\"><a href=\"https:\/\/crystal-carrental.com\/de\/ueber-uns\/\" class=\"more-link\"><span class=\"screen-reader-text\"> prova \"\u00dcber uns\"<\/span><\/a><\/p>\n","protected":false},"author":1,"featured_media":1483,"parent":0,"menu_order":0,"comment_status":"closed","ping_status":"closed","template":"page-templates\/page-about.php","meta":{"_monsterinsights_skip_tracking":false,"_monsterinsights_sitenote_active":false,"_monsterinsights_sitenote_note":"","_monsterinsights_sitenote_category":0,"footnotes":""},"class_list":["post-1570","page","type-page","status-publish","has-post-thumbnail","hentry"],"_links":{"self":[{"href":"https:\/\/crystal-carrental.com\/de\/wp-json\/wp\/v2\/pages\/1570","targetHints":{"allow":["GET"]}}],"collection":[{"href":"https:\/\/crystal-carrental.com\/de\/wp-json\/wp\/v2\/pages"}],"about":[{"href":"https:\/\/crystal-carrental.com\/de\/wp-json\/wp\/v2\/types\/page"}],"author":[{"embeddable":true,"href":"https:\/\/crystal-carrental.com\/de\/wp-json\/wp\/v2\/users\/1"}],"replies":[{"embeddable":true,"href":"https:\/\/crystal-carrental.com\/de\/wp-json\/wp\/v2\/comments?post=1570"}],"version-history":[{"count":2,"href":"https:\/\/crystal-carrental.com\/de\/wp-json\/wp\/v2\/pages\/1570\/revisions"}],"predecessor-version":[{"id":2128,"href":"https:\/\/crystal-carrental.com\/de\/wp-json\/wp\/v2\/pages\/1570\/revisions\/2128"}],"wp:featuredmedia":[{"embeddable":true,"href":"https:\/\/crystal-carrental.com\/de\/wp-json\/wp\/v2\/media\/1483"}],"wp:attachment":[{"href":"https:\/\/crystal-carrental.com\/de\/wp-json\/wp\/v2\/media?parent=1570"}],"curies":[{"name":"wp","href":"https:\/\/api.w.org\/{rel}","templated":true}]}}